{"id":100,"date":"2018-09-17T17:56:45","date_gmt":"2018-09-17T17:56:45","guid":{"rendered":"http:\/\/ligadonanet.com.br\/mfs\/?page_id=100"},"modified":"2018-09-17T17:56:45","modified_gmt":"2018-09-17T17:56:45","slug":"pressostato-para-bombas-de-incendio","status":"publish","type":"page","link":"https:\/\/mfsincendio.com.br\/?page_id=100","title":{"rendered":"Pressostato para bombas de inc\u00eandio"},"content":{"rendered":"<ul class=\"gallery\">\n<li><a class=\"lightbox\" title=\"Pressostato para bombas de inc\u00eandio\" href=\"http:\/\/www.mfsincendio.com.br\/imagens\/informacoes\/pressostato-bombas-incendio-01.jpg\" data-fancybox=\"group1\" data-caption=\"Pressostato para bombas de inc\u00eandio\"><img decoding=\"async\" title=\"Pressostato para bombas de inc\u00eandio\" src=\"http:\/\/www.mfsincendio.com.br\/imagens\/informacoes\/\/pressostato-bombas-incendio-01.jpg\" alt=\"Pressostato para bombas de inc\u00eandio\" \/><\/a><\/li>\n<li><a class=\"lightbox\" title=\"Pressostato para bombas de inc\u00eandio\" href=\"http:\/\/www.mfsincendio.com.br\/imagens\/informacoes\/pressostato-bombas-incendio-02.jpg\" data-fancybox=\"group1\" data-caption=\"Pressostato para bombas de inc\u00eandio\"><img decoding=\"async\" title=\"Pressostato para bombas de inc\u00eandio\" src=\"http:\/\/www.mfsincendio.com.br\/imagens\/informacoes\/\/pressostato-bombas-incendio-02.jpg\" alt=\"Pressostato para bombas de inc\u00eandio\" \/><\/a><\/li>\n<li><a class=\"lightbox\" title=\"Pressostato para bombas de inc\u00eandio\" href=\"http:\/\/www.mfsincendio.com.br\/imagens\/informacoes\/pressostato-bombas-incendio-03.jpg\" data-fancybox=\"group1\" data-caption=\"Pressostato para bombas de inc\u00eandio\"><img decoding=\"async\" title=\"Pressostato para bombas de inc\u00eandio\" src=\"http:\/\/www.mfsincendio.com.br\/imagens\/informacoes\/\/pressostato-bombas-incendio-03.jpg\" alt=\"Pressostato para bombas de inc\u00eandio\" \/><\/a><\/li>\n<\/ul>\n<p class=\"alerta\">Clique nas imagens para ampliar<\/p>\n<h2>A MFS OFERECE PRESSOSTATO PARA BOMBAS DE INC\u00caNDIO DE QUALIDADE<\/h2>\n<p>A MFS, uma empresa de sistemas contra inc\u00eandios, fornece pressostato para bombas de inc\u00eandio. Presente h\u00e1 quase 10 anos no mercado, a MFS possui parcerias com as mais gabaritadas fabricantes de produtos, assegurando produtos confi\u00e1veis. Com o pressostato para bombas de inc\u00eandio fabricado no Brasil ou no exterior, a MFS oferece atendimento din\u00e2mico para esclarecer poss\u00edveis d\u00favidas que venham a surgir.<\/p>\n<p>O Pressostato para bombas de inc\u00eandio \u00e9 um instrumento utilizado para realiza\u00e7\u00e3o da medi\u00e7\u00e3o de press\u00e3o. A utilidade do\u00a0<strong>pressostato para bombas de inc\u00eandio<\/strong>\u00a0\u00e9 a de assegurar que os equipamentos estejam em pleno funcionamento. Por muitas vezes, o\u00a0<strong>pressostato para bombas de inc\u00eandio<\/strong>\u00a0possui um sensor e este equipamento se ajusta para se manter aberto ou fechado.<\/p>\n<h2>PRESSOSTATO PARA BOMBAS DE INC\u00caNDIO DE CONFIAN\u00c7A DA MFS<\/h2>\n<p>Com uma equipe preparada de especialistas na \u00e1rea, a MFS leva seguran\u00e7a e produtos eficientes em todos os atendimentos na venda de produtos e na presta\u00e7\u00e3o de servi\u00e7os. Com transpar\u00eancia, a MFS est\u00e1 pronta a esclarecer d\u00favidas e ajudar na escolha de produtos juntamente com seus clientes. Contando com engenheiro e projetista especializados na \u00e1rea, a MFS oferece seguran\u00e7a e assertividade em todos os atendimentos.<\/p>\n<p>A empresa disp\u00f5e de um diversificado cat\u00e1logo e oferece produtos feitos sob medida, de acordo com a necessidade de cada cliente. Em produtos realizados sob encomenda, o prazo para fabrica\u00e7\u00e3o pode ser de at\u00e9 15 dias, este pode ser retirado na empresa ou ser entregue no endere\u00e7o combinado. Al\u00e9m disso, a MFS segue a norma ABNT, estando sempre atenta \u00e0s diretrizes para oferecer seguran\u00e7a em todos os atendimentos. Algumas marcas nacionais comercializados pela MFS:<\/p>\n<ul class=\"list\">\n<li>Gpm;<\/li>\n<li>Metalcasty;<\/li>\n<li>Bucka;<\/li>\n<li>Hm;<\/li>\n<li>Kidde;<\/li>\n<li>Stoc;<\/li>\n<li>Cmcouto;<\/li>\n<li>Maruy;<\/li>\n<li>Ascael;<\/li>\n<li>Betta;<\/li>\n<li>Bosh;<\/li>\n<li>Walmonof;<\/li>\n<li>Ilumac.<\/li>\n<\/ul>\n<h2>A EMPRESA MFS EST\u00c1 SEDIADA NA CIDADE DE S\u00c3O PAULO<\/h2>\n<p>A empresa MFS est\u00e1 sediada na cidade de S\u00e3o Paulo \u2013 SP. A MFS, uma empresa de sistemas contra inc\u00eandios, atende o Brasil inteiro para entrega dos produtos comercializados por ela, respeitando os prazos acertados no contrato. Para os servi\u00e7os oferecidos, a empresa MFS atende todo o estado de S\u00e3o Paulo.<\/p>\n<div class=\"more\">\n<h2>Para saber mais sobre Pressostato para bombas de inc\u00eandio<\/h2>\n<p>Ligue para\u00a0<strong>11 2925-3675<\/strong>\u00a0ou\u00a0<a title=\"Envie um e-mail para MFS\" href=\"http:\/\/www.mfsincendio.com.br\/contato\" rel=\"nofollow\">clique aqui<\/a>\u00a0e entre em contato por email.<\/div>\n","protected":false},"excerpt":{"rendered":"<div class=\"slide-text-bg2\">\n<h3>Clique nas imagens para ampliar A MFS OFERECE PRESSOSTATO PARA BOMBAS DE INC\u00caNDIO DE QUALIDADE A MFS, uma empresa de<\/h3>\n<\/div>\n<div class=\"flex-btn-div\"><a href=\"https:\/\/mfsincendio.com.br\/?page_id=100\" class=\"btn1 flex-btn\">Ler mais<\/a><\/div>\n","protected":false},"author":1,"featured_media":0,"parent":0,"menu_order":0,"comment_status":"closed","ping_status":"closed","template":"","meta":{"_joinchat":[],"footnotes":""},"class_list":["post-100","page","type-page","status-publish","hentry"],"_links":{"self":[{"href":"https:\/\/mfsincendio.com.br\/index.php?rest_route=\/wp\/v2\/pages\/100","targetHints":{"allow":["GET"]}}],"collection":[{"href":"https:\/\/mfsincendio.com.br\/index.php?rest_route=\/wp\/v2\/pages"}],"about":[{"href":"https:\/\/mfsincendio.com.br\/index.php?rest_route=\/wp\/v2\/types\/page"}],"author":[{"embeddable":true,"href":"https:\/\/mfsincendio.com.br\/index.php?rest_route=\/wp\/v2\/users\/1"}],"replies":[{"embeddable":true,"href":"https:\/\/mfsincendio.com.br\/index.php?rest_route=%2Fwp%2Fv2%2Fcomments&post=100"}],"version-history":[{"count":0,"href":"https:\/\/mfsincendio.com.br\/index.php?rest_route=\/wp\/v2\/pages\/100\/revisions"}],"wp:attachment":[{"href":"https:\/\/mfsincendio.com.br\/index.php?rest_route=%2Fwp%2Fv2%2Fmedia&parent=100"}],"curies":[{"name":"wp","href":"https:\/\/api.w.org\/{rel}","templated":true}]}}