{"id":102,"date":"2018-09-17T17:57:00","date_gmt":"2018-09-17T17:57:00","guid":{"rendered":"http:\/\/ligadonanet.com.br\/mfs\/?page_id=102"},"modified":"2018-09-17T17:57:00","modified_gmt":"2018-09-17T17:57:00","slug":"pressostato-para-incendio","status":"publish","type":"page","link":"https:\/\/mfsincendio.com.br\/?page_id=102","title":{"rendered":"Pressostato para inc\u00eandio"},"content":{"rendered":"<ul class=\"gallery\">\n<li><a class=\"lightbox\" title=\"Pressostato para inc\u00eandio\" href=\"http:\/\/www.mfsincendio.com.br\/imagens\/informacoes\/pressostato-incendio-01.jpg\" data-fancybox=\"group1\" data-caption=\"Pressostato para inc\u00eandio\"><img decoding=\"async\" title=\"Pressostato para inc\u00eandio\" src=\"http:\/\/www.mfsincendio.com.br\/imagens\/informacoes\/\/pressostato-incendio-01.jpg\" alt=\"Pressostato para inc\u00eandio\" \/><\/a><\/li>\n<li><a class=\"lightbox\" title=\"Pressostato para inc\u00eandio\" href=\"http:\/\/www.mfsincendio.com.br\/imagens\/informacoes\/pressostato-incendio-02.jpg\" data-fancybox=\"group1\" data-caption=\"Pressostato para inc\u00eandio\"><img decoding=\"async\" title=\"Pressostato para inc\u00eandio\" src=\"http:\/\/www.mfsincendio.com.br\/imagens\/informacoes\/\/pressostato-incendio-02.jpg\" alt=\"Pressostato para inc\u00eandio\" \/><\/a><\/li>\n<li><a class=\"lightbox\" title=\"Pressostato para inc\u00eandio\" href=\"http:\/\/www.mfsincendio.com.br\/imagens\/informacoes\/pressostato-incendio-03.jpg\" data-fancybox=\"group1\" data-caption=\"Pressostato para inc\u00eandio\"><img decoding=\"async\" title=\"Pressostato para inc\u00eandio\" src=\"http:\/\/www.mfsincendio.com.br\/imagens\/informacoes\/\/pressostato-incendio-03.jpg\" alt=\"Pressostato para inc\u00eandio\" \/><\/a><\/li>\n<\/ul>\n<p class=\"alerta\">Clique nas imagens para ampliar<\/p>\n<h2>A MFS OFERECE PRESSOSTATO PARA INC\u00caNDIO DE QUALIDADE<\/h2>\n<p>Pressostato para inc\u00eandio \u00e9 um instrumento que se utiliza para realiza\u00e7\u00e3o da medi\u00e7\u00e3o de press\u00e3o. A fun\u00e7\u00e3o do\u00a0<strong>pressostato para inc\u00eandio<\/strong>\u00a0\u00e9 a de garantir que os equipamentos funcionem de forma correta. Geralmente o\u00a0<strong>pressostato para inc\u00eandio<\/strong>\u00a0\u00e9 unido por sensor, este tem ajuste para manter posi\u00e7\u00e3o de aberto ou fechado. A mudan\u00e7a de estado mais comumente utilizada \u00e9 de micro interruptor.<\/p>\n<p>A empresa MFS fornece\u00a0<strong>pressostato para inc\u00eandio<\/strong>. Empresa h\u00e1 quase 10 anos no mercado, a MFS possui parcerias com os mais confi\u00e1veis fabricantes de produtos dessa \u00e1rea, garantindo produtos de confian\u00e7a. Seja\u00a0<strong>pressostato para inc\u00eandio<\/strong>\u00a0de marca nacional ou importada, a MFS garante a melhor op\u00e7\u00e3o de escolha, pois os profissionais da empresa est\u00e3o aptos a entender a necessidade dos clientes e esclarecer o melhor procedimento.<\/p>\n<h2>PRESSOSTATO PARA INC\u00caNDIO DA MFS<\/h2>\n<p>Pensando em oferecer os mais pontuais produtos para sistema contra inc\u00eandio, a MFS oferece tamb\u00e9m\u00a0<strong>pressostato para inc\u00eandio<\/strong>, dentre outros produtos. A empresa possui um diversificado cat\u00e1logo e oferece produtos feitos sob medida, dependo da necessidade de cada cliente. No caso de produtos feitos sob encomenda, a confec\u00e7\u00e3o pode demorar at\u00e9 15 dias, podendo ser retira diretamente na empresa ou a entrega ser\u00e1 feita em domic\u00edlio. A MFS segue as normas da ANBT, sendo esse outro diferencial oferecido para presta\u00e7\u00e3o dos seus servi\u00e7os e atendimentos. Contando com engenheiros e projetistas especializados na \u00e1rea, a MFS leva seguran\u00e7a e assertividade em todos atendimentos, seja na venda de produtos de sistema contra inc\u00eandio, seja na presta\u00e7\u00e3o de servi\u00e7os. Al\u00e9m disso, a equipe da MFS est\u00e1 pronta para esclarecer d\u00favidas, ajudar na escolha de produto e servi\u00e7os. Transpar\u00eancia e efici\u00eancia s\u00e3o os diferenciais da empresa.<\/p>\n<p>Alguns produtos comercializados pela MFS:<\/p>\n<ul class=\"list\">\n<li>Sirenes;<\/li>\n<li>Ilumina\u00e7\u00e3o de emerg\u00eancia;<\/li>\n<li>Acionadores;<\/li>\n<li>Extintores;<\/li>\n<li>Placas de sinaliza\u00e7\u00e3o;<\/li>\n<li>Sistema de combate por espuma.<\/li>\n<\/ul>\n<h2>A MFS \u00c9 UMA EMPRESA DE SISTEMA CONTRA INC\u00caNDIO<\/h2>\n<p>A MFS, empresa fundada no ano de 2009, possui vasta experi\u00eancia em sistema contra inc\u00eandios. A empresa oferece servi\u00e7os por todo estado de S\u00e3o Paulo com efici\u00eancia. Al\u00e9m disso, os produtos comercializados pela empresa s\u00e3o entregues por todo pa\u00eds, respeitando os prazos acordados em contrato. Localizada na cidade de S\u00e3o Paulo, a empresa possui f\u00e1cil acesso.<\/p>\n<div class=\"more\">\n<h2>Para saber mais sobre Pressostato para inc\u00eandio<\/h2>\n<p>Ligue para\u00a0<strong>11 2925-3675<\/strong>\u00a0ou\u00a0<a title=\"Envie um e-mail para MFS\" href=\"http:\/\/www.mfsincendio.com.br\/contato\" rel=\"nofollow\">clique aqui<\/a>\u00a0e entre em contato por email.<\/div>\n","protected":false},"excerpt":{"rendered":"<div class=\"slide-text-bg2\">\n<h3>Clique nas imagens para ampliar A MFS OFERECE PRESSOSTATO PARA INC\u00caNDIO DE QUALIDADE Pressostato para inc\u00eandio \u00e9 um instrumento que<\/h3>\n<\/div>\n<div class=\"flex-btn-div\"><a href=\"https:\/\/mfsincendio.com.br\/?page_id=102\" class=\"btn1 flex-btn\">Ler mais<\/a><\/div>\n","protected":false},"author":1,"featured_media":0,"parent":0,"menu_order":0,"comment_status":"closed","ping_status":"closed","template":"","meta":{"_joinchat":[],"footnotes":""},"class_list":["post-102","page","type-page","status-publish","hentry"],"_links":{"self":[{"href":"https:\/\/mfsincendio.com.br\/index.php?rest_route=\/wp\/v2\/pages\/102","targetHints":{"allow":["GET"]}}],"collection":[{"href":"https:\/\/mfsincendio.com.br\/index.php?rest_route=\/wp\/v2\/pages"}],"about":[{"href":"https:\/\/mfsincendio.com.br\/index.php?rest_route=\/wp\/v2\/types\/page"}],"author":[{"embeddable":true,"href":"https:\/\/mfsincendio.com.br\/index.php?rest_route=\/wp\/v2\/users\/1"}],"replies":[{"embeddable":true,"href":"https:\/\/mfsincendio.com.br\/index.php?rest_route=%2Fwp%2Fv2%2Fcomments&post=102"}],"version-history":[{"count":0,"href":"https:\/\/mfsincendio.com.br\/index.php?rest_route=\/wp\/v2\/pages\/102\/revisions"}],"wp:attachment":[{"href":"https:\/\/mfsincendio.com.br\/index.php?rest_route=%2Fwp%2Fv2%2Fmedia&parent=102"}],"curies":[{"name":"wp","href":"https:\/\/api.w.org\/{rel}","templated":true}]}}