{"id":104,"date":"2018-09-17T17:57:24","date_gmt":"2018-09-17T17:57:24","guid":{"rendered":"http:\/\/ligadonanet.com.br\/mfs\/?page_id=104"},"modified":"2018-09-17T17:57:24","modified_gmt":"2018-09-17T17:57:24","slug":"projeto-contra-incendio","status":"publish","type":"page","link":"https:\/\/mfsincendio.com.br\/?page_id=104","title":{"rendered":"Projeto contra inc\u00eandio"},"content":{"rendered":"<ul class=\"gallery\">\n<li><a class=\"lightbox\" title=\"Projeto contra inc\u00eandio\" href=\"http:\/\/www.mfsincendio.com.br\/imagens\/informacoes\/projeto-incendio-01.jpg\" data-fancybox=\"group1\" data-caption=\"Projeto contra inc\u00eandio\"><img decoding=\"async\" title=\"Projeto contra inc\u00eandio\" src=\"http:\/\/www.mfsincendio.com.br\/imagens\/informacoes\/\/projeto-incendio-01.jpg\" alt=\"Projeto contra inc\u00eandio\" \/><\/a><\/li>\n<li><a class=\"lightbox\" title=\"Projeto contra inc\u00eandio\" href=\"http:\/\/www.mfsincendio.com.br\/imagens\/informacoes\/projeto-incendio-02.jpg\" data-fancybox=\"group1\" data-caption=\"Projeto contra inc\u00eandio\"><img decoding=\"async\" title=\"Projeto contra inc\u00eandio\" src=\"http:\/\/www.mfsincendio.com.br\/imagens\/informacoes\/\/projeto-incendio-02.jpg\" alt=\"Projeto contra inc\u00eandio\" \/><\/a><\/li>\n<li><a class=\"lightbox\" title=\"Projeto contra inc\u00eandio\" href=\"http:\/\/www.mfsincendio.com.br\/imagens\/informacoes\/projeto-incendio-03.jpg\" data-fancybox=\"group1\" data-caption=\"Projeto contra inc\u00eandio\"><img decoding=\"async\" title=\"Projeto contra inc\u00eandio\" src=\"http:\/\/www.mfsincendio.com.br\/imagens\/informacoes\/\/projeto-incendio-03.jpg\" alt=\"Projeto contra inc\u00eandio\" \/><\/a><\/li>\n<\/ul>\n<p class=\"alerta\">Clique nas imagens para ampliar<\/p>\n<h2>ELABORA\u00c7\u00c3O DE PROJETO CONTRA INC\u00caNDIO PARA CONDOM\u00cdNIOS<\/h2>\n<p>Um\u00a0<strong>projeto contra inc\u00eandio<\/strong>\u00a0\u00e9 o conjunto de sistemas integrados que corresponde a um determinado planejamento de seguran\u00e7a e oferece recursos de combate a inc\u00eandios a uma edifica\u00e7\u00e3o. Para garantir a efici\u00eancia do projeto, o planejamento deve considerar diversos fatores, como as propor\u00e7\u00f5es do pr\u00e9dio e as atividades desenvolvidas no local.<\/p>\n<p>Atrav\u00e9s da solicita\u00e7\u00e3o dos produtos e servi\u00e7os da MFS, empreendimentos como construtoras ou condom\u00ednios podem oferecer apartamentos protegidos por um sofisticado\u00a0<strong>projeto contra inc\u00eandio<\/strong>. Al\u00e9m de inspirarem seguran\u00e7a em rela\u00e7\u00e3o ao empreendimento imobili\u00e1rio, os sistemas contra inc\u00eandio agregam valor aos im\u00f3veis.<\/p>\n<p>O atendimento da MFS \u00e9 direcionado n\u00e3o somente a empreendimentos voltados \u00e0 moradia ou hospedagem, a empresa comercializa produtos tamb\u00e9m para diversos outros empreendimentos de m\u00e9dio a grande porte, como mercados, shoppings, com\u00e9rcios varejistas e escrit\u00f3rios de arquitetura e engenharia.<\/p>\n<h2>ETAPAS DA ELABORA\u00c7\u00c3O DOS PROJETOS<\/h2>\n<p>A execu\u00e7\u00e3o do\u00a0<strong>projeto contra inc\u00eandio<\/strong>\u00a0da MFS conta com etapas, como:<\/p>\n<ul class=\"list\">\n<li>Visita para levantamento de informa\u00e7\u00f5es;<\/li>\n<li>Avalia\u00e7\u00e3o das necessidades do pr\u00e9dio;<\/li>\n<li>Oferecimento dos equipamentos necess\u00e1rios.<\/li>\n<\/ul>\n<p>A realiza\u00e7\u00e3o do projeto conta com a visita dos t\u00e9cnicos da MFS com a finalidade de realizar um levantamento minucioso de todas as necessidades apresentadas pela edifica\u00e7\u00e3o. Os crit\u00e9rios aplicados para o levantamento s\u00e3o baseados nas normas expressas pelo Corpo de Bombeiros. Isso garante que o\u00a0<strong>projeto contra inc\u00eandio<\/strong>\u00a0ofere\u00e7a contribui\u00e7\u00f5es eficazes para a atua\u00e7\u00e3o dos bombeiros em casos de ocorr\u00eancia de inc\u00eandios no local.<\/p>\n<h2>EQUIPAMENTOS E SISTEMAS QUE INTEGRAM O PROJETO CONTRA INC\u00caNDIO<\/h2>\n<p>Uma boa elabora\u00e7\u00e3o de projeto protege uma edifica\u00e7\u00e3o e seus frequentadores, pois garante que o im\u00f3vel disponha de todos os recursos para neutralizar as chamas de maneira mais r\u00e1pida.Os projetos s\u00e3o elaborados a partir de planejamentos especializados, baseados na experi\u00eancia da MFS no ramo de combate a inc\u00eandios e nas normas de seguran\u00e7a que regulamentam o setor.<\/p>\n<p>Para a concretiza\u00e7\u00e3o do\u00a0<strong>projeto contra inc\u00eandio<\/strong>, a MFS disp\u00f5e de uma completa linha de equipamentos. Os projetos podem contar ainda com sistemas de detec\u00e7\u00e3o de fuma\u00e7a, alarmes de inc\u00eandio, sprinklers, posicionamentos estrat\u00e9gicos para a instala\u00e7\u00e3o de hidrantes, extintores de inc\u00eandio, portas corta-fogo, sinaliza\u00e7\u00f5es para sa\u00edda de emerg\u00eancia, entre outros equipamentos e sistemas de combate a inc\u00eandio.<\/p>\n<div class=\"more\">\n<h2>Para saber mais sobre Projeto contra inc\u00eandio<\/h2>\n<p>Ligue para\u00a0<strong>11 2925-3675<\/strong>\u00a0ou\u00a0<a title=\"Envie um e-mail para MFS\" href=\"http:\/\/www.mfsincendio.com.br\/contato\" rel=\"nofollow\">clique aqui<\/a>\u00a0e entre em contato por email.<\/div>\n","protected":false},"excerpt":{"rendered":"<div class=\"slide-text-bg2\">\n<h3>Clique nas imagens para ampliar ELABORA\u00c7\u00c3O DE PROJETO CONTRA INC\u00caNDIO PARA CONDOM\u00cdNIOS Um\u00a0projeto contra inc\u00eandio\u00a0\u00e9 o conjunto de sistemas integrados<\/h3>\n<\/div>\n<div class=\"flex-btn-div\"><a href=\"https:\/\/mfsincendio.com.br\/?page_id=104\" class=\"btn1 flex-btn\">Ler mais<\/a><\/div>\n","protected":false},"author":1,"featured_media":0,"parent":0,"menu_order":0,"comment_status":"closed","ping_status":"closed","template":"","meta":{"_joinchat":[],"footnotes":""},"class_list":["post-104","page","type-page","status-publish","hentry"],"_links":{"self":[{"href":"https:\/\/mfsincendio.com.br\/index.php?rest_route=\/wp\/v2\/pages\/104","targetHints":{"allow":["GET"]}}],"collection":[{"href":"https:\/\/mfsincendio.com.br\/index.php?rest_route=\/wp\/v2\/pages"}],"about":[{"href":"https:\/\/mfsincendio.com.br\/index.php?rest_route=\/wp\/v2\/types\/page"}],"author":[{"embeddable":true,"href":"https:\/\/mfsincendio.com.br\/index.php?rest_route=\/wp\/v2\/users\/1"}],"replies":[{"embeddable":true,"href":"https:\/\/mfsincendio.com.br\/index.php?rest_route=%2Fwp%2Fv2%2Fcomments&post=104"}],"version-history":[{"count":0,"href":"https:\/\/mfsincendio.com.br\/index.php?rest_route=\/wp\/v2\/pages\/104\/revisions"}],"wp:attachment":[{"href":"https:\/\/mfsincendio.com.br\/index.php?rest_route=%2Fwp%2Fv2%2Fmedia&parent=104"}],"curies":[{"name":"wp","href":"https:\/\/api.w.org\/{rel}","templated":true}]}}