{"id":106,"date":"2018-09-17T17:57:38","date_gmt":"2018-09-17T17:57:38","guid":{"rendered":"http:\/\/ligadonanet.com.br\/mfs\/?page_id=106"},"modified":"2018-09-17T17:57:38","modified_gmt":"2018-09-17T17:57:38","slug":"projeto-de-combate-a-incendio","status":"publish","type":"page","link":"https:\/\/mfsincendio.com.br\/?page_id=106","title":{"rendered":"Projeto de combate a inc\u00eandio"},"content":{"rendered":"<ul class=\"gallery\">\n<li><a class=\"lightbox\" title=\"Projeto de combate a inc\u00eandio\" href=\"http:\/\/www.mfsincendio.com.br\/imagens\/informacoes\/projeto-combate-incendio-01.jpg\" data-fancybox=\"group1\" data-caption=\"Projeto de combate a inc\u00eandio\"><img decoding=\"async\" title=\"Projeto de combate a inc\u00eandio\" src=\"http:\/\/www.mfsincendio.com.br\/imagens\/informacoes\/\/projeto-combate-incendio-01.jpg\" alt=\"Projeto de combate a inc\u00eandio\" \/><\/a><\/li>\n<li><a class=\"lightbox\" title=\"Projeto de combate a inc\u00eandio\" href=\"http:\/\/www.mfsincendio.com.br\/imagens\/informacoes\/projeto-combate-incendio-02.jpg\" data-fancybox=\"group1\" data-caption=\"Projeto de combate a inc\u00eandio\"><img decoding=\"async\" title=\"Projeto de combate a inc\u00eandio\" src=\"http:\/\/www.mfsincendio.com.br\/imagens\/informacoes\/\/projeto-combate-incendio-02.jpg\" alt=\"Projeto de combate a inc\u00eandio\" \/><\/a><\/li>\n<li><a class=\"lightbox\" title=\"Projeto de combate a inc\u00eandio\" href=\"http:\/\/www.mfsincendio.com.br\/imagens\/informacoes\/projeto-combate-incendio-03.jpg\" data-fancybox=\"group1\" data-caption=\"Projeto de combate a inc\u00eandio\"><img decoding=\"async\" title=\"Projeto de combate a inc\u00eandio\" src=\"http:\/\/www.mfsincendio.com.br\/imagens\/informacoes\/\/projeto-combate-incendio-03.jpg\" alt=\"Projeto de combate a inc\u00eandio\" \/><\/a><\/li>\n<\/ul>\n<p class=\"alerta\">Clique nas imagens para ampliar<\/p>\n<h2>O QUE \u00c9 UM PROJETO DE COMBATE A INC\u00caNDIO?<\/h2>\n<p>Condom\u00ednios, ind\u00fastrias, com\u00e9rcios em geral ou qualquer outro ambiente que, diariamente, est\u00e3o presentes um grande n\u00famero de presen\u00e7a de pessoas devem, obrigatoriamente, contar com um\u00a0<strong>projeto de combate a inc\u00eandio<\/strong>\u00a0desenvolvido por especialistas na \u00e1rea. Este projeto consiste em um estudo em que \u00e9 analisado toda a extens\u00e3o do local e, posteriormente, \u00e9 instalado os principais equipamentos e sistemas que colaboram com a preven\u00e7\u00e3o e o combate de inc\u00eandios. Desta forma, a principal fun\u00e7\u00e3o de um\u00a0<strong>projeto de combate a inc\u00eandio<\/strong>\u00a0\u00e9 precaver qualquer possibilidade de emerg\u00eancias e combat\u00ea-las caso ocorra.<\/p>\n<p>Ao desenvolver um\u00a0<strong>projeto de combate a inc\u00eandio<\/strong>, um especialista, de acordo com a NSCI (Normas de Seguran\u00e7a Contra Inc\u00eandio) e com base no estudo do ambiente, orienta onde deve ser instalado cada componente de seguran\u00e7a, assim como suas especifica\u00e7\u00f5es gerais. Entre os itens indicados pelo\u00a0<strong>projeto de combate a inc\u00eandio<\/strong>, est\u00e3o:<\/p>\n<ul class=\"list\">\n<li>Extintores;<\/li>\n<li>Sa\u00eddas e ilumina\u00e7\u00f5es de emerg\u00eancia;<\/li>\n<li>Sistemas de alarme e detec\u00e7\u00e3o de inc\u00eandios;<\/li>\n<li>Sinaliza\u00e7\u00e3o de abandono de local;<\/li>\n<li>Sprinklers.<\/li>\n<\/ul>\n<h2>IMPORT\u00c2NCIA DO PROJETO DE COMBATE A INC\u00caNDIO<\/h2>\n<p>\u00c9 poss\u00edvel compreender o qu\u00e3o importante \u00e9 um\u00a0<strong>projeto de combate a inc\u00eandio<\/strong>. Com um modelo de trabalho, \u00e9 poss\u00edvel certificar um ambiente totalmente livre de acidentes e, portanto, preparado para a presen\u00e7a di\u00e1ria de pessoas, sem que estas estejam expostas a algum risco. \u00c9 fundamental, portanto, contar com empresas especializadas no setor para oferecer um\u00a0<strong>projeto de combate a inc\u00eandio<\/strong>verdadeiramente qualificado e desenvolvido por profissionais aptos no segmento. Afinal, um projeto desenvolvido por leigos no assunto pode ocasionar contratempos ainda maiores em momentos de emerg\u00eancia.<\/p>\n<h2>A MFS GARANTE O MELHOR PROJETO DE COMBATE A INC\u00caNDIO<\/h2>\n<p>Dispondo de um quadro de colaboradores totalmente treinados e especializados no segmento, a MFS \u00e9 a mais preparada empresa quando o assunto s\u00e3o os projetos para preven\u00e7\u00e3o e combate de inc\u00eandios. A empresa que est\u00e1 a quase uma d\u00e9cada no mercado \u00e9 reconhecida pela qualidade, seriedade e efici\u00eancia nos servi\u00e7os que oferecem aos seus clientes. Por esse motivo, fazer neg\u00f3cio com a MFS \u00e9 a garantia de contar com um ambiente livre de qualquer acidente e preparado, caso ocorra uma emerg\u00eancia.<\/p>\n<div class=\"more\">\n<h2>Para saber mais sobre Projeto de combate a inc\u00eandio<\/h2>\n<p>Ligue para\u00a0<strong>11 2925-3675<\/strong>\u00a0ou\u00a0<a title=\"Envie um e-mail para MFS\" href=\"http:\/\/www.mfsincendio.com.br\/contato\" rel=\"nofollow\">clique aqui<\/a>\u00a0e entre em contato por email.<\/div>\n","protected":false},"excerpt":{"rendered":"<div class=\"slide-text-bg2\">\n<h3>Clique nas imagens para ampliar O QUE \u00c9 UM PROJETO DE COMBATE A INC\u00caNDIO? Condom\u00ednios, ind\u00fastrias, com\u00e9rcios em geral ou<\/h3>\n<\/div>\n<div class=\"flex-btn-div\"><a href=\"https:\/\/mfsincendio.com.br\/?page_id=106\" class=\"btn1 flex-btn\">Ler mais<\/a><\/div>\n","protected":false},"author":1,"featured_media":0,"parent":0,"menu_order":0,"comment_status":"closed","ping_status":"closed","template":"","meta":{"_joinchat":[],"footnotes":""},"class_list":["post-106","page","type-page","status-publish","hentry"],"_links":{"self":[{"href":"https:\/\/mfsincendio.com.br\/index.php?rest_route=\/wp\/v2\/pages\/106","targetHints":{"allow":["GET"]}}],"collection":[{"href":"https:\/\/mfsincendio.com.br\/index.php?rest_route=\/wp\/v2\/pages"}],"about":[{"href":"https:\/\/mfsincendio.com.br\/index.php?rest_route=\/wp\/v2\/types\/page"}],"author":[{"embeddable":true,"href":"https:\/\/mfsincendio.com.br\/index.php?rest_route=\/wp\/v2\/users\/1"}],"replies":[{"embeddable":true,"href":"https:\/\/mfsincendio.com.br\/index.php?rest_route=%2Fwp%2Fv2%2Fcomments&post=106"}],"version-history":[{"count":0,"href":"https:\/\/mfsincendio.com.br\/index.php?rest_route=\/wp\/v2\/pages\/106\/revisions"}],"wp:attachment":[{"href":"https:\/\/mfsincendio.com.br\/index.php?rest_route=%2Fwp%2Fv2%2Fmedia&parent=106"}],"curies":[{"name":"wp","href":"https:\/\/api.w.org\/{rel}","templated":true}]}}