{"id":108,"date":"2018-09-17T17:57:55","date_gmt":"2018-09-17T17:57:55","guid":{"rendered":"http:\/\/ligadonanet.com.br\/mfs\/?page_id=108"},"modified":"2018-09-17T17:57:55","modified_gmt":"2018-09-17T17:57:55","slug":"registro-de-recalque-de-hidrante","status":"publish","type":"page","link":"https:\/\/mfsincendio.com.br\/?page_id=108","title":{"rendered":"Registro de recalque de hidrante"},"content":{"rendered":"<ul class=\"gallery\">\n<li><a class=\"lightbox\" title=\"Registro de recalque de hidrante\" href=\"http:\/\/www.mfsincendio.com.br\/imagens\/informacoes\/registro-recalque-hidrante-01.jpg\" data-fancybox=\"group1\" data-caption=\"Registro de recalque de hidrante\"><img decoding=\"async\" title=\"Registro de recalque de hidrante\" src=\"http:\/\/www.mfsincendio.com.br\/imagens\/informacoes\/\/registro-recalque-hidrante-01.jpg\" alt=\"Registro de recalque de hidrante\" \/><\/a><\/li>\n<li><a class=\"lightbox\" title=\"Registro de recalque de hidrante\" href=\"http:\/\/www.mfsincendio.com.br\/imagens\/informacoes\/registro-recalque-hidrante-02.jpg\" data-fancybox=\"group1\" data-caption=\"Registro de recalque de hidrante\"><img decoding=\"async\" title=\"Registro de recalque de hidrante\" src=\"http:\/\/www.mfsincendio.com.br\/imagens\/informacoes\/\/registro-recalque-hidrante-02.jpg\" alt=\"Registro de recalque de hidrante\" \/><\/a><\/li>\n<li><a class=\"lightbox\" title=\"Registro de recalque de hidrante\" href=\"http:\/\/www.mfsincendio.com.br\/imagens\/informacoes\/registro-recalque-hidrante-03.jpg\" data-fancybox=\"group1\" data-caption=\"Registro de recalque de hidrante\"><img decoding=\"async\" title=\"Registro de recalque de hidrante\" src=\"http:\/\/www.mfsincendio.com.br\/imagens\/informacoes\/\/registro-recalque-hidrante-03.jpg\" alt=\"Registro de recalque de hidrante\" \/><\/a><\/li>\n<\/ul>\n<p class=\"alerta\">Clique nas imagens para ampliar<\/p>\n<h2>FUN\u00c7\u00c3O DO REGISTRO DE RECALQUE DE HIDRANTE<\/h2>\n<p>Os hidrantes est\u00e3o entre os diversos sistemas hidr\u00e1ulicos preventivos (SHP\u2019s) instalados em edifica\u00e7\u00f5es com a inten\u00e7\u00e3o de prevenir ou combater inc\u00eandios. Existem variados modelos de hidrantes, como os hidrantes industriais, os hidrantes de parede e o hidrante de recalque. Em geral, os hidrantes de recalque s\u00e3o instalados em ambientes externos, em frente \u00e0 edifica\u00e7\u00e3o e contam com o\u00a0<strong>registro de recalque de hidrante<\/strong>. Essa estrutura \u00e9 constitu\u00edda por um registro de paragem em uma caixa fechada de alvenaria instalada abaixo do n\u00edvel do solo. Dessa forma, sem comprometer a locomo\u00e7\u00e3o de transeuntes pela cal\u00e7ada da fachada da edifica\u00e7\u00e3o, o\u00a0<strong>registro de recalque de hidrante<\/strong>\u00a0garante todo o suprimento de \u00e1gua pressurizada para o combate a inc\u00eandios.<\/p>\n<h2>FORNECIMENTO DE \u00c1GUA PRESSURIZADA<\/h2>\n<p>Os benef\u00edcios proporcionados pelo\u00a0<strong>registro de recalque de hidrante<\/strong>\u00a0s\u00e3o:<\/p>\n<ul class=\"list\">\n<li>Garantia de fornecimento de \u00e1gua pressurizada;<\/li>\n<li>Instala\u00e7\u00e3o em locais planejados;<\/li>\n<li>Instala\u00e7\u00e3o subterr\u00e2nea (n\u00e3o compromete a fachada do im\u00f3vel e nem a movimenta\u00e7\u00e3o de transeuntes).<\/li>\n<\/ul>\n<p>A fun\u00e7\u00e3o principal do\u00a0<strong>registro de recalque de hidrante<\/strong>\u00a0\u00e9 fornecer a pressuriza\u00e7\u00e3o necess\u00e1ria para manter alimentado o sistema hidr\u00e1ulico preventivo, permitindo que os hidrantes de parede do interior do pr\u00e9dio contem com toda a \u00e1gua necess\u00e1ria, nas devidas medidas de press\u00e3o, para combater eventuais ocorr\u00eancias de inc\u00eandio. Para casos em que as viaturas do Corpo de Bombeiros necessitem de abastecimento durante uma opera\u00e7\u00e3o, os hidrantes de recalque atendem a essa necessidade.<\/p>\n<h2>EMPRESA DE COM\u00c9RCIO E INSTALA\u00c7\u00c3O DE REGISTRO DE RECALQUE DE HIDRANTE<\/h2>\n<p>A MFS \u00e9 uma empresa com especializa\u00e7\u00e3o no fornecimento de equipamentos e na presta\u00e7\u00e3o de servi\u00e7os voltados para o combate a inc\u00eandios, por isso atende a todas as necessidades referentes ao registro de recalque de hidrante. Al\u00e9m de comercializar o equipamento completo, oferecendo op\u00e7\u00f5es nas melhores marcas, a MFS realiza a instala\u00e7\u00e3o do hidrante. A equipe profissional da empresa possui experi\u00eancia na realiza\u00e7\u00e3o de inspe\u00e7\u00f5es, levantamentos e projetos de combate a inc\u00eandio, o que contribui para uma instala\u00e7\u00e3o de registro de recalque de hidrante a partir de planejamentos minuciosos e seguros.<\/p>\n<p>Visando uma rela\u00e7\u00e3o de fidelidade em que as necessidades de seus clientes sejam devidamente sanadas, a MFS oferece prazo de garantia para o servi\u00e7o de instala\u00e7\u00e3o do hidrante de recalque.<\/p>\n<div class=\"more\">\n<h2>Para saber mais sobre Registro de recalque de hidrante<\/h2>\n<p>Ligue para\u00a0<strong>11 2925-3675<\/strong>\u00a0ou\u00a0<a title=\"Envie um e-mail para MFS\" href=\"http:\/\/www.mfsincendio.com.br\/contato\" rel=\"nofollow\">clique aqui<\/a>\u00a0e entre em contato por email.<\/div>\n","protected":false},"excerpt":{"rendered":"<div class=\"slide-text-bg2\">\n<h3>Clique nas imagens para ampliar FUN\u00c7\u00c3O DO REGISTRO DE RECALQUE DE HIDRANTE Os hidrantes est\u00e3o entre os diversos sistemas hidr\u00e1ulicos<\/h3>\n<\/div>\n<div class=\"flex-btn-div\"><a href=\"https:\/\/mfsincendio.com.br\/?page_id=108\" class=\"btn1 flex-btn\">Ler mais<\/a><\/div>\n","protected":false},"author":1,"featured_media":0,"parent":0,"menu_order":0,"comment_status":"closed","ping_status":"closed","template":"","meta":{"_joinchat":[],"footnotes":""},"class_list":["post-108","page","type-page","status-publish","hentry"],"_links":{"self":[{"href":"https:\/\/mfsincendio.com.br\/index.php?rest_route=\/wp\/v2\/pages\/108","targetHints":{"allow":["GET"]}}],"collection":[{"href":"https:\/\/mfsincendio.com.br\/index.php?rest_route=\/wp\/v2\/pages"}],"about":[{"href":"https:\/\/mfsincendio.com.br\/index.php?rest_route=\/wp\/v2\/types\/page"}],"author":[{"embeddable":true,"href":"https:\/\/mfsincendio.com.br\/index.php?rest_route=\/wp\/v2\/users\/1"}],"replies":[{"embeddable":true,"href":"https:\/\/mfsincendio.com.br\/index.php?rest_route=%2Fwp%2Fv2%2Fcomments&post=108"}],"version-history":[{"count":0,"href":"https:\/\/mfsincendio.com.br\/index.php?rest_route=\/wp\/v2\/pages\/108\/revisions"}],"wp:attachment":[{"href":"https:\/\/mfsincendio.com.br\/index.php?rest_route=%2Fwp%2Fv2%2Fmedia&parent=108"}],"curies":[{"name":"wp","href":"https:\/\/api.w.org\/{rel}","templated":true}]}}