{"id":110,"date":"2018-09-17T17:58:14","date_gmt":"2018-09-17T17:58:14","guid":{"rendered":"http:\/\/ligadonanet.com.br\/mfs\/?page_id=110"},"modified":"2018-09-17T17:58:14","modified_gmt":"2018-09-17T17:58:14","slug":"sistema-de-alarme-de-incendio","status":"publish","type":"page","link":"https:\/\/mfsincendio.com.br\/?page_id=110","title":{"rendered":"Sistema de alarme de inc\u00eandio"},"content":{"rendered":"<ul class=\"gallery\">\n<li><a class=\"lightbox\" title=\"Sistema de alarme de inc\u00eandio\" href=\"http:\/\/www.mfsincendio.com.br\/imagens\/informacoes\/sistema-alarme-incendio-01.jpg\" data-fancybox=\"group1\" data-caption=\"Sistema de alarme de inc\u00eandio\"><img decoding=\"async\" title=\"Sistema de alarme de inc\u00eandio\" src=\"http:\/\/www.mfsincendio.com.br\/imagens\/informacoes\/\/sistema-alarme-incendio-01.jpg\" alt=\"Sistema de alarme de inc\u00eandio\" \/><\/a><\/li>\n<li><a class=\"lightbox\" title=\"Sistema de alarme de inc\u00eandio\" href=\"http:\/\/www.mfsincendio.com.br\/imagens\/informacoes\/sistema-alarme-incendio-02.jpg\" data-fancybox=\"group1\" data-caption=\"Sistema de alarme de inc\u00eandio\"><img decoding=\"async\" title=\"Sistema de alarme de inc\u00eandio\" src=\"http:\/\/www.mfsincendio.com.br\/imagens\/informacoes\/\/sistema-alarme-incendio-02.jpg\" alt=\"Sistema de alarme de inc\u00eandio\" \/><\/a><\/li>\n<li><a class=\"lightbox\" title=\"Sistema de alarme de inc\u00eandio\" href=\"http:\/\/www.mfsincendio.com.br\/imagens\/informacoes\/sistema-alarme-incendio-03.jpg\" data-fancybox=\"group1\" data-caption=\"Sistema de alarme de inc\u00eandio\"><img decoding=\"async\" title=\"Sistema de alarme de inc\u00eandio\" src=\"http:\/\/www.mfsincendio.com.br\/imagens\/informacoes\/\/sistema-alarme-incendio-03.jpg\" alt=\"Sistema de alarme de inc\u00eandio\" \/><\/a><\/li>\n<\/ul>\n<p class=\"alerta\">Clique nas imagens para ampliar<\/p>\n<h2>SISTEMA DE ALARME DE INC\u00caNDIO DE QUALIDADE E CONFIAN\u00c7A<\/h2>\n<p>Um\u00a0<strong>sistema de alarme de inc\u00eandio<\/strong>\u00a0al\u00e9m de detectar e agir contra o inc\u00eandio, tamb\u00e9m pode averiguar falhas na instala\u00e7\u00e3o dos mesmos, como cabos rompidos, curto- circuitos e diversos outros problemas. Os sensores presentes no\u00a0<strong>sistema de alarme de inc\u00eandio<\/strong>\u00a0s\u00e3o ativados a partir de fuma\u00e7a, luz e calor presentes no ambiente em quest\u00e3o. Diante esse quadro, se encontrado algum desses aspectos, o\u00a0<strong>sistema de alarme de inc\u00eandio<\/strong>\u00a0emite um sinal para a central.<\/p>\n<p>Diversos elementos s\u00e3o necess\u00e1rios para que um\u00a0<strong>sistema de alarme de inc\u00eandio<\/strong>\u00a0trabalhe em total cobertura. Cada um dos elementos possui fun\u00e7\u00e3o essencial na constata\u00e7\u00e3o e no combate ao inc\u00eandio. O sistema de alarme contra inc\u00eandio pode ser realizado pela MFS, empresa que presta servi\u00e7os de qualidade e preza constantemente a satisfa\u00e7\u00e3o de seus clientes.<\/p>\n<h2>SISTEMA DE ALARME DE INC\u00caNDIO OFERECIDO PELA MFS<\/h2>\n<p>A MFS \u00e9 uma empresa que atua com sistema de alarme de inc\u00eandio e que tem, h\u00e1 quase uma d\u00e9cada, experi\u00eancia no ramo de presta\u00e7\u00e3o de servi\u00e7os de engenharia, projetos e instala\u00e7\u00f5es. Seus consumidores s\u00e3o organiza\u00e7\u00f5es de manuten\u00e7\u00e3o, da constru\u00e7\u00e3o civil e de ind\u00fastrias de segmentos variados. Atrav\u00e9s da venda de produtos, instala\u00e7\u00e3o e manuten\u00e7\u00e3o de equipamentos, a MFS atua com pre\u00e7os competitivos e negocia de forma eficaz. Trabalhando na busca constante de desenvolvimento e na utiliza\u00e7\u00e3o de novas tecnologias, a empresa disponibiliza ainda pagamento flex\u00edvel a todos os seus clientes. Contando com colaboradores dedicados, a MFS ainda garante atendimento personalizado, detectando a real necessidade em cada projeto, para cada setor atendido.<\/p>\n<p>A seguir algumas das marcas importadas com certificados que a MFS trabalha:<\/p>\n<ul class=\"list\">\n<li>Reliable;<\/li>\n<li>Tyco;<\/li>\n<li>Viking;<\/li>\n<li>Notifier;<\/li>\n<li>Hochiki;<\/li>\n<li>Globe;<\/li>\n<li>System sensor.<\/li>\n<\/ul>\n<h2>A MFS GARANTE OFERECE EFICI\u00caNCIA EM TODO TERRIT\u00d3RIO NACIONAL<\/h2>\n<p>Com quase 10 anos de experi\u00eancia desde sua funda\u00e7\u00e3o, a MFS \u00e9 uma empresa especializada em sistema contra inc\u00eandios. Localizada na cidade de S\u00e3o Paulo, a empresa possui f\u00e1cil acesso para a presta\u00e7\u00e3o de servi\u00e7o em qualquer lugar, que \u00e9 garantida por todo o estado de S\u00e3o Paulo. Os produtos comercializados pela MFS s\u00e3o entregues no Brasil inteiro, respeitando os prazos de contrato.<\/p>\n<div class=\"more\">\n<h2>Para saber mais sobre Sistema de alarme de inc\u00eandio<\/h2>\n<p>Ligue para\u00a0<strong>11 2925-3675<\/strong>\u00a0ou\u00a0<a title=\"Envie um e-mail para MFS\" href=\"http:\/\/www.mfsincendio.com.br\/contato\" rel=\"nofollow\">clique aqui<\/a>\u00a0e entre em contato por email.<\/div>\n","protected":false},"excerpt":{"rendered":"<div class=\"slide-text-bg2\">\n<h3>Clique nas imagens para ampliar SISTEMA DE ALARME DE INC\u00caNDIO DE QUALIDADE E CONFIAN\u00c7A Um\u00a0sistema de alarme de inc\u00eandio\u00a0al\u00e9m de<\/h3>\n<\/div>\n<div class=\"flex-btn-div\"><a href=\"https:\/\/mfsincendio.com.br\/?page_id=110\" class=\"btn1 flex-btn\">Ler mais<\/a><\/div>\n","protected":false},"author":1,"featured_media":0,"parent":0,"menu_order":0,"comment_status":"closed","ping_status":"closed","template":"","meta":{"_joinchat":[],"footnotes":""},"class_list":["post-110","page","type-page","status-publish","hentry"],"_links":{"self":[{"href":"https:\/\/mfsincendio.com.br\/index.php?rest_route=\/wp\/v2\/pages\/110","targetHints":{"allow":["GET"]}}],"collection":[{"href":"https:\/\/mfsincendio.com.br\/index.php?rest_route=\/wp\/v2\/pages"}],"about":[{"href":"https:\/\/mfsincendio.com.br\/index.php?rest_route=\/wp\/v2\/types\/page"}],"author":[{"embeddable":true,"href":"https:\/\/mfsincendio.com.br\/index.php?rest_route=\/wp\/v2\/users\/1"}],"replies":[{"embeddable":true,"href":"https:\/\/mfsincendio.com.br\/index.php?rest_route=%2Fwp%2Fv2%2Fcomments&post=110"}],"version-history":[{"count":0,"href":"https:\/\/mfsincendio.com.br\/index.php?rest_route=\/wp\/v2\/pages\/110\/revisions"}],"wp:attachment":[{"href":"https:\/\/mfsincendio.com.br\/index.php?rest_route=%2Fwp%2Fv2%2Fmedia&parent=110"}],"curies":[{"name":"wp","href":"https:\/\/api.w.org\/{rel}","templated":true}]}}