{"id":112,"date":"2018-09-17T17:58:30","date_gmt":"2018-09-17T17:58:30","guid":{"rendered":"http:\/\/ligadonanet.com.br\/mfs\/?page_id=112"},"modified":"2018-09-17T17:58:30","modified_gmt":"2018-09-17T17:58:30","slug":"sistema-de-combate-a-incendio-fm-200","status":"publish","type":"page","link":"https:\/\/mfsincendio.com.br\/?page_id=112","title":{"rendered":"Sistema de combate a inc\u00eandio fm 200"},"content":{"rendered":"<ul class=\"gallery\">\n<li><a class=\"lightbox\" title=\"Sistema de combate a inc\u00eandio fm 200\" href=\"http:\/\/www.mfsincendio.com.br\/imagens\/informacoes\/sistema-combate-incendio-fm-200-01.jpg\" data-fancybox=\"group1\" data-caption=\"Sistema de combate a inc\u00eandio fm 200\"><img decoding=\"async\" title=\"Sistema de combate a inc\u00eandio fm 200\" src=\"http:\/\/www.mfsincendio.com.br\/imagens\/informacoes\/\/sistema-combate-incendio-fm-200-01.jpg\" alt=\"Sistema de combate a inc\u00eandio fm 200\" \/><\/a><\/li>\n<li><a class=\"lightbox\" title=\"Sistema de combate a inc\u00eandio fm 200\" href=\"http:\/\/www.mfsincendio.com.br\/imagens\/informacoes\/sistema-combate-incendio-fm-200-02.jpg\" data-fancybox=\"group1\" data-caption=\"Sistema de combate a inc\u00eandio fm 200\"><img decoding=\"async\" title=\"Sistema de combate a inc\u00eandio fm 200\" src=\"http:\/\/www.mfsincendio.com.br\/imagens\/informacoes\/\/sistema-combate-incendio-fm-200-02.jpg\" alt=\"Sistema de combate a inc\u00eandio fm 200\" \/><\/a><\/li>\n<li><a class=\"lightbox\" title=\"Sistema de combate a inc\u00eandio fm 200\" href=\"http:\/\/www.mfsincendio.com.br\/imagens\/informacoes\/sistema-combate-incendio-fm-200-03.jpg\" data-fancybox=\"group1\" data-caption=\"Sistema de combate a inc\u00eandio fm 200\"><img decoding=\"async\" title=\"Sistema de combate a inc\u00eandio fm 200\" src=\"http:\/\/www.mfsincendio.com.br\/imagens\/informacoes\/\/sistema-combate-incendio-fm-200-03.jpg\" alt=\"Sistema de combate a inc\u00eandio fm 200\" \/><\/a><\/li>\n<\/ul>\n<p class=\"alerta\">Clique nas imagens para ampliar<\/p>\n<h2>UTILIZA\u00c7\u00c3O DO SISTEMA DE COMBATE A INC\u00caNDIO FM 200<\/h2>\n<p>O sistema de combate a inc\u00eandio FM 200 consiste em uma rede de tubula\u00e7\u00f5es simples, utilizada na detec\u00e7\u00e3o e no combate a inc\u00eandios de classe A, B e C. Atrav\u00e9s de uma v\u00e1lvula autom\u00e1tica de seguran\u00e7a, o inc\u00eandio \u00e9 detectado e imediatamente \u00e9 liberado o g\u00e1s FM 200, que \u00e9 um g\u00e1s n\u00e3o t\u00f3xico, que reage aos radicais livres da chama do fogo, respons\u00e1vel pela auto inflama\u00e7\u00e3o. Dessa forma, a chama esfria e o inc\u00eandio diminui consideravelmente.<\/p>\n<p>O sistema de combate a inc\u00eandio FM 200 \u00e9 mundialmente utilizado e muito procurado no mercado, por ser um dos sistemas modernos mais seguros e inteligentes no quesito contra inc\u00eandio, pois possui um agente limpo e eficaz, n\u00e3o prejudica o meio ambiente, e atende os padr\u00f5es definidos pela Ag\u00eancia de Prote\u00e7\u00e3o Ambiental dos Estados Unidos.<\/p>\n<h2>A MFS OFERECE O SISTEMA DE COMBATE A INC\u00caNDIO FM 200<\/h2>\n<p>A MFS trabalha com instala\u00e7\u00e3o do sistema de combate a inc\u00eandio FM 200, garantindo a seguran\u00e7a e efici\u00eancia de uma empresa especializada. Os profissionais da MFS s\u00e3o t\u00e9cnicos capacitados para trabalhar com este tipo de m\u00e3o de obra, al\u00e9m disso a MFS d\u00e1 o suporte necess\u00e1rio na pr\u00e9-instala\u00e7\u00e3o, quando \u00e9 feita a visita t\u00e9cnica do projetista, que ir\u00e1 desenvolver o projeto espec\u00edfico para a instala\u00e7\u00e3o do sistema de combate a inc\u00eandio FM 200. Em seguida, a instala\u00e7\u00e3o j\u00e1 pode ser feita, visando sempre seguir as normas da ABNT.<\/p>\n<p>A MFS preza a seguran\u00e7a dos clientes, por isso \u00e9 fornecida a garantia em todos os trabalhos de obra e manuten\u00e7\u00e3o, que s\u00e3o feitos por funcion\u00e1rios da empresa que possuem capacita\u00e7\u00e3o t\u00e9cnica na \u00e1rea.<\/p>\n<p>Al\u00e9m do sistema de combate a inc\u00eandio FM 200, a MFS trabalha tamb\u00e9m com vendas de pe\u00e7as e produtos, como:<\/p>\n<ul class=\"list\">\n<li>Extintores de inc\u00eandio;<\/li>\n<li>Bombas de inc\u00eandio;<\/li>\n<li>Materiais hidr\u00e1ulicos;<\/li>\n<li>Sistema de para-raios;<\/li>\n<li>Sistema de hidrantes;<\/li>\n<li>Manuten\u00e7\u00e3o preventiva e corretiva dos sistemas.<\/li>\n<li>Al\u00e9m de prestar assessoria para projetos de seguran\u00e7a.<\/li>\n<\/ul>\n<h2>CAPACITA\u00c7\u00c3O T\u00c9CNICA PARA INSTALA\u00c7\u00c3O<\/h2>\n<p>O diferencial da MFS \u00e9 o atendimento personalizado com um engenheiro projetista, al\u00e9m de estipular pre\u00e7o justo nas obras, os prazos tamb\u00e9m s\u00e3o estipulados visando a seguran\u00e7a da obra. Al\u00e9m disso, a empresa oferece servi\u00e7o de manuten\u00e7\u00e3o mensal de seguran\u00e7a.<\/p>\n<div class=\"more\">\n<h2>Para saber mais sobre Sistema de combate a inc\u00eandio fm 200<\/h2>\n<p>Ligue para\u00a0<strong>11 2925-3675<\/strong>\u00a0ou\u00a0<a title=\"Envie um e-mail para MFS\" href=\"http:\/\/www.mfsincendio.com.br\/contato\" rel=\"nofollow\">clique aqui<\/a>\u00a0e entre em contato por email.<\/div>\n","protected":false},"excerpt":{"rendered":"<div class=\"slide-text-bg2\">\n<h3>Clique nas imagens para ampliar UTILIZA\u00c7\u00c3O DO SISTEMA DE COMBATE A INC\u00caNDIO FM 200 O sistema de combate a inc\u00eandio<\/h3>\n<\/div>\n<div class=\"flex-btn-div\"><a href=\"https:\/\/mfsincendio.com.br\/?page_id=112\" class=\"btn1 flex-btn\">Ler mais<\/a><\/div>\n","protected":false},"author":1,"featured_media":0,"parent":0,"menu_order":0,"comment_status":"closed","ping_status":"closed","template":"","meta":{"_joinchat":[],"footnotes":""},"class_list":["post-112","page","type-page","status-publish","hentry"],"_links":{"self":[{"href":"https:\/\/mfsincendio.com.br\/index.php?rest_route=\/wp\/v2\/pages\/112","targetHints":{"allow":["GET"]}}],"collection":[{"href":"https:\/\/mfsincendio.com.br\/index.php?rest_route=\/wp\/v2\/pages"}],"about":[{"href":"https:\/\/mfsincendio.com.br\/index.php?rest_route=\/wp\/v2\/types\/page"}],"author":[{"embeddable":true,"href":"https:\/\/mfsincendio.com.br\/index.php?rest_route=\/wp\/v2\/users\/1"}],"replies":[{"embeddable":true,"href":"https:\/\/mfsincendio.com.br\/index.php?rest_route=%2Fwp%2Fv2%2Fcomments&post=112"}],"version-history":[{"count":0,"href":"https:\/\/mfsincendio.com.br\/index.php?rest_route=\/wp\/v2\/pages\/112\/revisions"}],"wp:attachment":[{"href":"https:\/\/mfsincendio.com.br\/index.php?rest_route=%2Fwp%2Fv2%2Fmedia&parent=112"}],"curies":[{"name":"wp","href":"https:\/\/api.w.org\/{rel}","templated":true}]}}