{"id":114,"date":"2018-09-17T17:58:46","date_gmt":"2018-09-17T17:58:46","guid":{"rendered":"http:\/\/ligadonanet.com.br\/mfs\/?page_id=114"},"modified":"2018-09-17T17:58:46","modified_gmt":"2018-09-17T17:58:46","slug":"sistema-de-combate-por-espuma","status":"publish","type":"page","link":"https:\/\/mfsincendio.com.br\/?page_id=114","title":{"rendered":"Sistema de combate por espuma"},"content":{"rendered":"<ul class=\"gallery\">\n<li><a class=\"lightbox\" title=\"Sistema de combate por espuma\" href=\"http:\/\/www.mfsincendio.com.br\/imagens\/informacoes\/sistema-combate-espuma-01.jpg\" data-fancybox=\"group1\" data-caption=\"Sistema de combate por espuma\"><img decoding=\"async\" title=\"Sistema de combate por espuma\" src=\"http:\/\/www.mfsincendio.com.br\/imagens\/informacoes\/\/sistema-combate-espuma-01.jpg\" alt=\"Sistema de combate por espuma\" \/><\/a><\/li>\n<li><a class=\"lightbox\" title=\"Sistema de combate por espuma\" href=\"http:\/\/www.mfsincendio.com.br\/imagens\/informacoes\/sistema-combate-espuma-02.jpg\" data-fancybox=\"group1\" data-caption=\"Sistema de combate por espuma\"><img decoding=\"async\" title=\"Sistema de combate por espuma\" src=\"http:\/\/www.mfsincendio.com.br\/imagens\/informacoes\/\/sistema-combate-espuma-02.jpg\" alt=\"Sistema de combate por espuma\" \/><\/a><\/li>\n<li><a class=\"lightbox\" title=\"Sistema de combate por espuma\" href=\"http:\/\/www.mfsincendio.com.br\/imagens\/informacoes\/sistema-combate-espuma-03.jpg\" data-fancybox=\"group1\" data-caption=\"Sistema de combate por espuma\"><img decoding=\"async\" title=\"Sistema de combate por espuma\" src=\"http:\/\/www.mfsincendio.com.br\/imagens\/informacoes\/\/sistema-combate-espuma-03.jpg\" alt=\"Sistema de combate por espuma\" \/><\/a><\/li>\n<\/ul>\n<p class=\"alerta\">Clique nas imagens para ampliar<\/p>\n<h2>SUPRESS\u00c3O DE INC\u00caNDIOS COM SISTEMA DE COMBATE POR ESPUMA<\/h2>\n<p>Um\u00a0<strong>sistema de combate por espuma<\/strong>\u00a0\u00e9 um sistema projetado para atuar na extin\u00e7\u00e3o de chamas em casos de inc\u00eandio. O sistema \u00e9 composto por um abastecimento de \u00e1gua integrado a uma fonte de LGE (L\u00edquido Gerador de Espuma). Quando ocorre o acionamento do sistema, uma v\u00e1lvula de controle libera a passagem da \u00e1gua e injeta em seu fluxo o LGE, de modo que, ao passar pelo dispositivo de descarga, seja gerada a espuma.<\/p>\n<p>A espuma criada pela rea\u00e7\u00e3o do LGE no fluxo de \u00e1gua apresenta uma composi\u00e7\u00e3o est\u00e1vel, com densidade baixa (inferior \u00e0 densidade da gasolina, do \u00f3leo e at\u00e9 mesmo da \u00e1gua) e repleta de bolhas de ar. Esse material apresenta propriedades \u00fateis para o combate ao fogo em ambientes industriais.<\/p>\n<h2>APLICA\u00c7\u00c3O DO SISTEMA DE ESPUMA E SEUS COMPONENTES<\/h2>\n<p>Em geral, o\u00a0<strong>sistema de combate por espuma<\/strong>\u00a0integra projetos de combate a inc\u00eandio em ind\u00fastrias de setores, como: energia, avia\u00e7\u00e3o, petroqu\u00edmica, qu\u00edmica e farmac\u00eautica.<\/p>\n<p>Integram o\u00a0<strong>sistema de combate por espuma<\/strong>:<\/p>\n<ul class=\"list\">\n<li>Tanque de armazenamento de LGE;<\/li>\n<li>Dosadores \/ Proporcionadores;<\/li>\n<li>Aplicadores (fixos e\/ou manuais).<\/li>\n<\/ul>\n<p>Al\u00e9m de comercializar os equipamentos integrantes do\u00a0<strong>sistema de combate por espuma<\/strong>, a empresa MFS oferece equipes qualificadas para a execu\u00e7\u00e3o da instala\u00e7\u00e3o dos equipamentos. Sua presta\u00e7\u00e3o de servi\u00e7os inclui tamb\u00e9m manuten\u00e7\u00f5es, garantindo que, atrav\u00e9s de inspe\u00e7\u00f5es e an\u00e1lises peri\u00f3dicas, o sistema se mantenha ativo e a seguran\u00e7a do estabelecimento seja assegurada.<\/p>\n<h2>MODO DE FUNCIONAMENTO DO SISTEMA DE COMBATE POR ESPUMA<\/h2>\n<p>A supress\u00e3o de chamas proporcionada pelo material produzido pelo\u00a0<strong>sistema de combate por espuma<\/strong>alcan\u00e7a efic\u00e1cia devido a sua capacidade de interven\u00e7\u00e3o em inc\u00eandios com a presen\u00e7a de combust\u00edveis. Para cada tipo de incidente, a espuma produzida com LGE apresenta um tipo de combate ao fogo. Muitas vezes, os \u201ccolch\u00f5es\u201d de espuma que se formam na superf\u00edcie do combust\u00edvel impedem que o fogo tenha contato com oxig\u00eanio, o que gera a extin\u00e7\u00e3o das chamas. H\u00e1 ainda outros casos em que as massas de espuma contribuem para o combate ao inc\u00eandio por gerar resfriamentos da superf\u00edcie em chamas ou por impedir que sejam liberados vapores inflam\u00e1veis que, misturados com o ar, poderiam provocar novos focos de inc\u00eandio.<\/p>\n<div class=\"more\">\n<h2>Para saber mais sobre Sistema de combate por espuma<\/h2>\n<p>Ligue para\u00a0<strong>11 2925-3675<\/strong>\u00a0ou\u00a0<a title=\"Envie um e-mail para MFS\" href=\"http:\/\/www.mfsincendio.com.br\/contato\" rel=\"nofollow\">clique aqui<\/a>\u00a0e entre em contato por email.<\/div>\n","protected":false},"excerpt":{"rendered":"<div class=\"slide-text-bg2\">\n<h3>Clique nas imagens para ampliar SUPRESS\u00c3O DE INC\u00caNDIOS COM SISTEMA DE COMBATE POR ESPUMA Um\u00a0sistema de combate por espuma\u00a0\u00e9 um<\/h3>\n<\/div>\n<div class=\"flex-btn-div\"><a href=\"https:\/\/mfsincendio.com.br\/?page_id=114\" class=\"btn1 flex-btn\">Ler mais<\/a><\/div>\n","protected":false},"author":1,"featured_media":0,"parent":0,"menu_order":0,"comment_status":"closed","ping_status":"closed","template":"","meta":{"_joinchat":[],"footnotes":""},"class_list":["post-114","page","type-page","status-publish","hentry"],"_links":{"self":[{"href":"https:\/\/mfsincendio.com.br\/index.php?rest_route=\/wp\/v2\/pages\/114","targetHints":{"allow":["GET"]}}],"collection":[{"href":"https:\/\/mfsincendio.com.br\/index.php?rest_route=\/wp\/v2\/pages"}],"about":[{"href":"https:\/\/mfsincendio.com.br\/index.php?rest_route=\/wp\/v2\/types\/page"}],"author":[{"embeddable":true,"href":"https:\/\/mfsincendio.com.br\/index.php?rest_route=\/wp\/v2\/users\/1"}],"replies":[{"embeddable":true,"href":"https:\/\/mfsincendio.com.br\/index.php?rest_route=%2Fwp%2Fv2%2Fcomments&post=114"}],"version-history":[{"count":0,"href":"https:\/\/mfsincendio.com.br\/index.php?rest_route=\/wp\/v2\/pages\/114\/revisions"}],"wp:attachment":[{"href":"https:\/\/mfsincendio.com.br\/index.php?rest_route=%2Fwp%2Fv2%2Fmedia&parent=114"}],"curies":[{"name":"wp","href":"https:\/\/api.w.org\/{rel}","templated":true}]}}