{"id":119,"date":"2018-09-17T17:59:25","date_gmt":"2018-09-17T17:59:25","guid":{"rendered":"http:\/\/ligadonanet.com.br\/mfs\/?page_id=119"},"modified":"2018-09-17T17:59:25","modified_gmt":"2018-09-17T17:59:25","slug":"sistema-fixo-de-combate-a-incendio","status":"publish","type":"page","link":"https:\/\/mfsincendio.com.br\/?page_id=119","title":{"rendered":"Sistema fixo de combate a inc\u00eandio"},"content":{"rendered":"<ul class=\"gallery\">\n<li><a class=\"lightbox\" title=\"Sistema fixo de combate a inc\u00eandio\" href=\"http:\/\/www.mfsincendio.com.br\/imagens\/informacoes\/sistema-fixo-combate-incendio-01.jpg\" data-fancybox=\"group1\" data-caption=\"Sistema fixo de combate a inc\u00eandio\"><img decoding=\"async\" title=\"Sistema fixo de combate a inc\u00eandio\" src=\"http:\/\/www.mfsincendio.com.br\/imagens\/informacoes\/\/sistema-fixo-combate-incendio-01.jpg\" alt=\"Sistema fixo de combate a inc\u00eandio\" \/><\/a><\/li>\n<li><a class=\"lightbox\" title=\"Sistema fixo de combate a inc\u00eandio\" href=\"http:\/\/www.mfsincendio.com.br\/imagens\/informacoes\/sistema-fixo-combate-incendio-02.jpg\" data-fancybox=\"group1\" data-caption=\"Sistema fixo de combate a inc\u00eandio\"><img decoding=\"async\" title=\"Sistema fixo de combate a inc\u00eandio\" src=\"http:\/\/www.mfsincendio.com.br\/imagens\/informacoes\/\/sistema-fixo-combate-incendio-02.jpg\" alt=\"Sistema fixo de combate a inc\u00eandio\" \/><\/a><\/li>\n<li><a class=\"lightbox\" title=\"Sistema fixo de combate a inc\u00eandio\" href=\"http:\/\/www.mfsincendio.com.br\/imagens\/informacoes\/sistema-fixo-combate-incendio-03.jpg\" data-fancybox=\"group1\" data-caption=\"Sistema fixo de combate a inc\u00eandio\"><img decoding=\"async\" title=\"Sistema fixo de combate a inc\u00eandio\" src=\"http:\/\/www.mfsincendio.com.br\/imagens\/informacoes\/\/sistema-fixo-combate-incendio-03.jpg\" alt=\"Sistema fixo de combate a inc\u00eandio\" \/><\/a><\/li>\n<\/ul>\n<p class=\"alerta\">Clique nas imagens para ampliar<\/p>\n<h2>IMPORT\u00c2NCIA DO SISTEMA FIXO DE COMBATE A INC\u00caNDIO<\/h2>\n<p>\u00c9 fundamental que ambientes, como f\u00e1bricas, com\u00e9rcios, empresas, edif\u00edcios e entre outros onde se encontram um alto fluxo de pessoas todos os dias, contem com um\u00a0<strong>sistema fixo de combate a inc\u00eandio<\/strong>. Isso porque, estes ambientes, assim como qualquer outro, est\u00e3o sujeitos a emerg\u00eancias. Ao contar com este\u00a0<strong>sistema fixo de combate a inc\u00eandio<\/strong>, o local adquire maior preven\u00e7\u00e3o contra riscos e tamb\u00e9m oferece mais seguran\u00e7a \u00e0s pessoas presentes nele. O\u00a0<strong>sistema fixo de combate a inc\u00eandio<\/strong>\u00a0acaba sendo mais indicado, justamente por ser fixo, ou seja, por estar devidamente localizado em pontos estrat\u00e9gicos, quando \u00e9 necess\u00e1ria a sua utiliza\u00e7\u00e3o.<\/p>\n<p>Dentre os diversos e eficientes equipamentos que est\u00e3o presentes em um\u00a0<strong>sistema fixo de combate a inc\u00eandio<\/strong>, podem-se considerar:<\/p>\n<ul class=\"list\">\n<li>Sprinkler;<\/li>\n<li>Luzes de emerg\u00eancia;<\/li>\n<li>Alarme sonoro;<\/li>\n<li>Portas corta-fogo;<\/li>\n<li>Sensores de fuma\u00e7a.<\/li>\n<\/ul>\n<p>Esses equipamentos s\u00e3o conhecidos por conta da sua excelente funcionalidade. Desta forma, \u00e9 poss\u00edvel compreender que o\u00a0<strong>sistema fixo de combate a inc\u00eandio<\/strong>\u00a0est\u00e1 diretamente ligado a uma atua\u00e7\u00e3o \u00e1gil em uma situa\u00e7\u00e3o de emerg\u00eancia, j\u00e1 que percebe as chamas logo nos primeiros momentos, o que garante total colabora\u00e7\u00e3o junto da equipe do corpo de bombeiros. Portanto, com um\u00a0<strong>sistema fixo de combate a inc\u00eandio<\/strong>, \u00e9 mais prov\u00e1vel que as pessoas consigam abandonar o determinado local de emerg\u00eancia com maior seguran\u00e7a e agilidade.<\/p>\n<h2>FUNCIONALIDADE DO SISTEMA FIXO DE COMBATE A INC\u00caNDIO<\/h2>\n<p>\u00c9 indiscut\u00edvel a import\u00e2ncia e a colabora\u00e7\u00e3o do\u00a0<strong>sistema fixo de combate a inc\u00eandio<\/strong>\u00a0no locais onde est\u00e3o instalados, no entanto, \u00e9 importante tamb\u00e9m considerar que a qualidade desse item est\u00e1 diretamente ligada aos locais que o desenvolvem. Por isso, \u00e9 essencial confiar essa tarefa a uma empresa que tem comprovada experi\u00eancia no ramo.<\/p>\n<h2>MFS: QUALIDADE E PRE\u00c7O JUSTO<\/h2>\n<p>Apenas uma empresa com quase uma d\u00e9cada no segmento pode certificar aos seus clientes o que h\u00e1 de melhor no mercado e sem cobrar pre\u00e7os alt\u00edssimos para tal fun\u00e7\u00e3o. Por isso, quando o assunto s\u00e3o equipamentos de combate a inc\u00eandios, a MFS sa\u00ed na frente das concorrentes e torna-se a mais indicada empresa. E isso ocorre justamente por assegurar aos seus clientes equipamentos e sistemas de qualidade, funcionalidade e pre\u00e7o justo.<\/p>\n<div class=\"more\">\n<h2>Para saber mais sobre Sistema fixo de combate a inc\u00eandio<\/h2>\n<p>Ligue para\u00a0<strong>11 2925-3675<\/strong>\u00a0ou\u00a0<a title=\"Envie um e-mail para MFS\" href=\"http:\/\/www.mfsincendio.com.br\/contato\" rel=\"nofollow\">clique aqui<\/a>\u00a0e entre em contato por email.<\/div>\n","protected":false},"excerpt":{"rendered":"<div class=\"slide-text-bg2\">\n<h3>Clique nas imagens para ampliar IMPORT\u00c2NCIA DO SISTEMA FIXO DE COMBATE A INC\u00caNDIO \u00c9 fundamental que ambientes, como f\u00e1bricas, com\u00e9rcios,<\/h3>\n<\/div>\n<div class=\"flex-btn-div\"><a href=\"https:\/\/mfsincendio.com.br\/?page_id=119\" class=\"btn1 flex-btn\">Ler mais<\/a><\/div>\n","protected":false},"author":1,"featured_media":0,"parent":0,"menu_order":0,"comment_status":"closed","ping_status":"closed","template":"","meta":{"_joinchat":[],"footnotes":""},"class_list":["post-119","page","type-page","status-publish","hentry"],"_links":{"self":[{"href":"https:\/\/mfsincendio.com.br\/index.php?rest_route=\/wp\/v2\/pages\/119","targetHints":{"allow":["GET"]}}],"collection":[{"href":"https:\/\/mfsincendio.com.br\/index.php?rest_route=\/wp\/v2\/pages"}],"about":[{"href":"https:\/\/mfsincendio.com.br\/index.php?rest_route=\/wp\/v2\/types\/page"}],"author":[{"embeddable":true,"href":"https:\/\/mfsincendio.com.br\/index.php?rest_route=\/wp\/v2\/users\/1"}],"replies":[{"embeddable":true,"href":"https:\/\/mfsincendio.com.br\/index.php?rest_route=%2Fwp%2Fv2%2Fcomments&post=119"}],"version-history":[{"count":0,"href":"https:\/\/mfsincendio.com.br\/index.php?rest_route=\/wp\/v2\/pages\/119\/revisions"}],"wp:attachment":[{"href":"https:\/\/mfsincendio.com.br\/index.php?rest_route=%2Fwp%2Fv2%2Fmedia&parent=119"}],"curies":[{"name":"wp","href":"https:\/\/api.w.org\/{rel}","templated":true}]}}