{"id":12,"date":"2018-09-14T18:07:07","date_gmt":"2018-09-14T18:07:07","guid":{"rendered":"http:\/\/ligadonanet.com.br\/mfs\/?page_id=12"},"modified":"2018-09-14T18:07:07","modified_gmt":"2018-09-14T18:07:07","slug":"materiais-hidraulicos","status":"publish","type":"page","link":"https:\/\/mfsincendio.com.br\/?page_id=12","title":{"rendered":"Materiais Hidr\u00e1ulicos"},"content":{"rendered":"<h2>Conhe\u00e7a Nossos Produtos<\/h2>\n<div class=\"col-6\">\n<ul class=\"list\">\n<li>Adaptador de V\u00e1lvulas<\/li>\n<li>Canh\u00e3o Monitor<\/li>\n<li>Chave Storz<\/li>\n<li>Esguicho \u00c1gua<\/li>\n<li>Esguicho \u00c1gua Espuma<\/li>\n<li>Esguicho Jato S\u00f3lido<\/li>\n<li>Esguicho Regul\u00e1vel<\/li>\n<li>Hidrantes<\/li>\n<li>Redu\u00e7\u00e3o de Linha de Inc\u00eandio<\/li>\n<li>Registro Gaveta<\/li>\n<li>Registro Globo<\/li>\n<li>Sistemas Galvanizado<\/li>\n<li>Sistemas Cobre<\/li>\n<li>Tampa de Ferro Fundido<\/li>\n<li>Tamp\u00e3o cego<\/li>\n<li>TupyPress<\/li>\n<li>TigreFire<\/li>\n<li>V\u00e1lvula de Reten\u00e7\u00e3o<\/li>\n<li>V\u00e1lvula de Esfera<\/li>\n<\/ul>\n<\/div>\n<ul class=\"thumbnails\">\n<li><a class=\"img-dentro lightbox\" title=\"Materiais Hidr\u00e1ulicos\" href=\"http:\/\/www.mfsincendio.com.br\/imagens\/hidraulica.jpg\" data-fancybox=\"group1\"><img decoding=\"async\" title=\"Materiais Hidr\u00e1ulicos\" src=\"http:\/\/www.mfsincendio.com.br\/imagens\/hidraulica.jpg\" alt=\"Materiais Hidr\u00e1ulicos\" \/><\/a><\/li>\n<\/ul>\n","protected":false},"excerpt":{"rendered":"<div class=\"slide-text-bg2\">\n<h3>Conhe\u00e7a Nossos Produtos Adaptador de V\u00e1lvulas Canh\u00e3o Monitor Chave Storz Esguicho \u00c1gua Esguicho \u00c1gua Espuma Esguicho Jato S\u00f3lido Esguicho Regul\u00e1vel<\/h3>\n<\/div>\n<div class=\"flex-btn-div\"><a href=\"https:\/\/mfsincendio.com.br\/?page_id=12\" class=\"btn1 flex-btn\">Ler mais<\/a><\/div>\n","protected":false},"author":1,"featured_media":0,"parent":0,"menu_order":0,"comment_status":"closed","ping_status":"closed","template":"","meta":{"_joinchat":[],"footnotes":""},"class_list":["post-12","page","type-page","status-publish","hentry"],"_links":{"self":[{"href":"https:\/\/mfsincendio.com.br\/index.php?rest_route=\/wp\/v2\/pages\/12","targetHints":{"allow":["GET"]}}],"collection":[{"href":"https:\/\/mfsincendio.com.br\/index.php?rest_route=\/wp\/v2\/pages"}],"about":[{"href":"https:\/\/mfsincendio.com.br\/index.php?rest_route=\/wp\/v2\/types\/page"}],"author":[{"embeddable":true,"href":"https:\/\/mfsincendio.com.br\/index.php?rest_route=\/wp\/v2\/users\/1"}],"replies":[{"embeddable":true,"href":"https:\/\/mfsincendio.com.br\/index.php?rest_route=%2Fwp%2Fv2%2Fcomments&post=12"}],"version-history":[{"count":0,"href":"https:\/\/mfsincendio.com.br\/index.php?rest_route=\/wp\/v2\/pages\/12\/revisions"}],"wp:attachment":[{"href":"https:\/\/mfsincendio.com.br\/index.php?rest_route=%2Fwp%2Fv2%2Fmedia&parent=12"}],"curies":[{"name":"wp","href":"https:\/\/api.w.org\/{rel}","templated":true}]}}