{"id":14,"date":"2018-09-14T18:07:24","date_gmt":"2018-09-14T18:07:24","guid":{"rendered":"http:\/\/ligadonanet.com.br\/mfs\/?page_id=14"},"modified":"2018-09-14T18:07:24","modified_gmt":"2018-09-14T18:07:24","slug":"bombas-de-combate-a-incendio","status":"publish","type":"page","link":"https:\/\/mfsincendio.com.br\/?page_id=14","title":{"rendered":"Bombas de Combate a Inc\u00eandio"},"content":{"rendered":"<h2>Conhe\u00e7a Nossos Produtos<\/h2>\n<div class=\"col-6\">\n<ul class=\"list\">\n<li>Acionador da Bomba de Inc\u00eandio<\/li>\n<li>Bombas Centr\u00edfugas<\/li>\n<li>Pain\u00e9is<\/li>\n<\/ul>\n<\/div>\n<ul class=\"thumbnails\">\n<li><a class=\"img-dentro lightbox\" title=\"Bombas de Combate a Inc\u00eandio\" href=\"http:\/\/www.mfsincendio.com.br\/imagens\/combate-incendio.jpg\" data-fancybox=\"group1\"><img decoding=\"async\" title=\"Bombas de Combate a Inc\u00eandio\" src=\"http:\/\/www.mfsincendio.com.br\/imagens\/combate-incendio.jpg\" alt=\"Bombas de Combate a Inc\u00eandio\" \/><\/a><\/li>\n<\/ul>\n","protected":false},"excerpt":{"rendered":"<div class=\"slide-text-bg2\">\n<h3>Conhe\u00e7a Nossos Produtos Acionador da Bomba de Inc\u00eandio Bombas Centr\u00edfugas Pain\u00e9is<\/h3>\n<\/div>\n<div class=\"flex-btn-div\"><a href=\"https:\/\/mfsincendio.com.br\/?page_id=14\" class=\"btn1 flex-btn\">Ler mais<\/a><\/div>\n","protected":false},"author":1,"featured_media":0,"parent":0,"menu_order":0,"comment_status":"closed","ping_status":"closed","template":"","meta":{"_joinchat":[],"footnotes":""},"class_list":["post-14","page","type-page","status-publish","hentry"],"_links":{"self":[{"href":"https:\/\/mfsincendio.com.br\/index.php?rest_route=\/wp\/v2\/pages\/14","targetHints":{"allow":["GET"]}}],"collection":[{"href":"https:\/\/mfsincendio.com.br\/index.php?rest_route=\/wp\/v2\/pages"}],"about":[{"href":"https:\/\/mfsincendio.com.br\/index.php?rest_route=\/wp\/v2\/types\/page"}],"author":[{"embeddable":true,"href":"https:\/\/mfsincendio.com.br\/index.php?rest_route=\/wp\/v2\/users\/1"}],"replies":[{"embeddable":true,"href":"https:\/\/mfsincendio.com.br\/index.php?rest_route=%2Fwp%2Fv2%2Fcomments&post=14"}],"version-history":[{"count":0,"href":"https:\/\/mfsincendio.com.br\/index.php?rest_route=\/wp\/v2\/pages\/14\/revisions"}],"wp:attachment":[{"href":"https:\/\/mfsincendio.com.br\/index.php?rest_route=%2Fwp%2Fv2%2Fmedia&parent=14"}],"curies":[{"name":"wp","href":"https:\/\/api.w.org\/{rel}","templated":true}]}}