{"id":16,"date":"2018-09-14T18:08:16","date_gmt":"2018-09-14T18:08:16","guid":{"rendered":"http:\/\/ligadonanet.com.br\/mfs\/?page_id=16"},"modified":"2018-09-14T18:08:16","modified_gmt":"2018-09-14T18:08:16","slug":"extintores-de-incendio","status":"publish","type":"page","link":"https:\/\/mfsincendio.com.br\/?page_id=16","title":{"rendered":"Extintores de Inc\u00eandio"},"content":{"rendered":"<h2>Conhe\u00e7a Nossos Produtos<\/h2>\n<div class=\"col-6\">\n<ul class=\"list\">\n<li>Extintor de \u00c1gua Pressurizada<\/li>\n<li>Extintor de P\u00f3 Qu\u00edmico seco<\/li>\n<li>Extintor de CO\u00b2<\/li>\n<li>Extintor de Espuma Mec\u00e2nica<\/li>\n<li>Suporte para Extintores<\/li>\n<li>Tapetes para Extintores<\/li>\n<\/ul>\n<\/div>\n<ul class=\"thumbnails\">\n<li><a class=\"img-dentro lightbox\" title=\"Extintores de Inc\u00eandio\" href=\"http:\/\/www.mfsincendio.com.br\/imagens\/extintores.jpg\" data-fancybox=\"group1\"><img decoding=\"async\" title=\"Extintores de Inc\u00eandio\" src=\"http:\/\/www.mfsincendio.com.br\/imagens\/extintores.jpg\" alt=\"Extintores de Inc\u00eandio\" \/><\/a><\/li>\n<\/ul>\n","protected":false},"excerpt":{"rendered":"<div class=\"slide-text-bg2\">\n<h3>Conhe\u00e7a Nossos Produtos Extintor de \u00c1gua Pressurizada Extintor de P\u00f3 Qu\u00edmico seco Extintor de CO\u00b2 Extintor de Espuma Mec\u00e2nica Suporte<\/h3>\n<\/div>\n<div class=\"flex-btn-div\"><a href=\"https:\/\/mfsincendio.com.br\/?page_id=16\" class=\"btn1 flex-btn\">Ler mais<\/a><\/div>\n","protected":false},"author":1,"featured_media":0,"parent":0,"menu_order":0,"comment_status":"closed","ping_status":"closed","template":"","meta":{"_joinchat":[],"footnotes":""},"class_list":["post-16","page","type-page","status-publish","hentry"],"_links":{"self":[{"href":"https:\/\/mfsincendio.com.br\/index.php?rest_route=\/wp\/v2\/pages\/16","targetHints":{"allow":["GET"]}}],"collection":[{"href":"https:\/\/mfsincendio.com.br\/index.php?rest_route=\/wp\/v2\/pages"}],"about":[{"href":"https:\/\/mfsincendio.com.br\/index.php?rest_route=\/wp\/v2\/types\/page"}],"author":[{"embeddable":true,"href":"https:\/\/mfsincendio.com.br\/index.php?rest_route=\/wp\/v2\/users\/1"}],"replies":[{"embeddable":true,"href":"https:\/\/mfsincendio.com.br\/index.php?rest_route=%2Fwp%2Fv2%2Fcomments&post=16"}],"version-history":[{"count":0,"href":"https:\/\/mfsincendio.com.br\/index.php?rest_route=\/wp\/v2\/pages\/16\/revisions"}],"wp:attachment":[{"href":"https:\/\/mfsincendio.com.br\/index.php?rest_route=%2Fwp%2Fv2%2Fmedia&parent=16"}],"curies":[{"name":"wp","href":"https:\/\/api.w.org\/{rel}","templated":true}]}}