{"id":186,"date":"2018-09-17T18:12:16","date_gmt":"2018-09-17T18:12:16","guid":{"rendered":"http:\/\/ligadonanet.com.br\/mfs\/?page_id=186"},"modified":"2019-02-28T19:17:31","modified_gmt":"2019-02-28T19:17:31","slug":"186-2","status":"publish","type":"page","link":"https:\/\/mfsincendio.com.br\/?page_id=186","title":{"rendered":"Contato"},"content":{"rendered":"<h3>MFS &#8211; Sistema contra Inc\u00eandio<\/h3>\n<p><strong>Av. Santa In\u00eas, 1380 &#8211; Mandaqui &#8211; S\u00e3o Paulo-SP &#8211; CEP:02415-001<\/strong><\/p>\n<p><strong>11 2925-3675<\/strong>&nbsp;\/&nbsp;<strong>11 2925-3676 \/&nbsp;11 97357-7130<\/strong><br \/>\n<strong>Email: <a href=\"mailto:contato@mfsincendio.com.br\">contato@mfsincendio.com.br<\/a><\/strong><\/p>\n<hr>\n<h3>Solicite um Or\u00e7amento<\/h3>\n<div role=\"form\" class=\"wpcf7\" id=\"wpcf7-f335-o1\" lang=\"pt-BR\" dir=\"ltr\">\n<div class=\"screen-reader-response\"><\/div>\n<form action=\"\/index.php?rest_route=%2Fwp%2Fv2%2Fpages%2F186#wpcf7-f335-o1\" method=\"post\" class=\"wpcf7-form\" novalidate=\"novalidate\">\n<div style=\"display: none;\">\n<input type=\"hidden\" name=\"_wpcf7\" value=\"335\" \/>\n<input type=\"hidden\" name=\"_wpcf7_version\" value=\"5.1.7\" \/>\n<input type=\"hidden\" name=\"_wpcf7_locale\" value=\"pt_BR\" \/>\n<input type=\"hidden\" name=\"_wpcf7_unit_tag\" value=\"wpcf7-f335-o1\" \/>\n<input type=\"hidden\" name=\"_wpcf7_container_post\" value=\"0\" \/>\n<\/div>\n<p><B>Nome:<\/b><br \/>\n    <span class=\"wpcf7-form-control-wrap your-name\"><input type=\"text\" name=\"your-name\" value=\"\" size=\"40\" class=\"wpcf7-form-control wpcf7-text wpcf7-validates-as-required\" aria-required=\"true\" aria-invalid=\"false\" \/><\/span> <\/p>\n<p><B>Telefone:<\/B><br \/>\n    <span class=\"wpcf7-form-control-wrap your-tel\"><input type=\"tel\" name=\"your-tel\" value=\"\" size=\"40\" class=\"wpcf7-form-control wpcf7-text wpcf7-tel wpcf7-validates-as-required wpcf7-validates-as-tel\" aria-required=\"true\" aria-invalid=\"false\" \/><\/span> <\/p>\n<p><B>E-mail: <\/B><br \/>\n    <span class=\"wpcf7-form-control-wrap your-email\"><input type=\"email\" name=\"your-email\" value=\"\" size=\"40\" class=\"wpcf7-form-control wpcf7-text wpcf7-email wpcf7-validates-as-required wpcf7-validates-as-email\" aria-required=\"true\" aria-invalid=\"false\" \/><\/span> <\/p>\n<p><B>Mensagem:<\/B><br \/>\n    <span class=\"wpcf7-form-control-wrap your-message\"><textarea name=\"your-message\" cols=\"40\" rows=\"10\" class=\"wpcf7-form-control wpcf7-textarea\" aria-invalid=\"false\"><\/textarea><\/span> <\/p>\n<p><input type=\"submit\" value=\"Enviar\" class=\"wpcf7-form-control wpcf7-submit\" \/><\/p>\n<div class=\"wpcf7-response-output wpcf7-display-none\"><\/div><\/form><\/div>\n<hr>\n<h3>Localiza\u00e7\u00e3o!<\/h3>\n<p><center><br \/>\n<iframe loading=\"lazy\" style=\"border: 0;\" src=\"https:\/\/www.google.com\/maps\/embed?pb=!1m18!1m12!1m3!1d14639.211902163543!2d-46.63082836330972!3d-23.46757037030196!2m3!1f0!2f0!3f0!3m2!1i1024!2i768!4f13.1!3m3!1m2!1s0x94cef6fe37e55d23%3A0xaf2c407b20a7f99b!2sAv.+Santa+In%C3%AAs%2C+1380+-+Parque+Mandaqui%2C+S%C3%A3o+Paulo+-+SP%2C+02372-090!5e0!3m2!1spt-BR!2sbr!4v1537207924008\" width=\"900\" height=\"500\" frameborder=\"0\" allowfullscreen=\"allowfullscreen\"><\/iframe><\/center><\/p>\n","protected":false},"excerpt":{"rendered":"<div class=\"slide-text-bg2\">\n<h3>MFS &#8211; Sistema contra Inc\u00eandio Av. Santa In\u00eas, 1380 &#8211; Mandaqui &#8211; S\u00e3o Paulo-SP &#8211; CEP:02415-001 11 2925-3675&nbsp;\/&nbsp;11 2925-3676 \/&nbsp;11<\/h3>\n<\/div>\n<div class=\"flex-btn-div\"><a href=\"https:\/\/mfsincendio.com.br\/?page_id=186\" class=\"btn1 flex-btn\">Ler mais<\/a><\/div>\n","protected":false},"author":1,"featured_media":0,"parent":0,"menu_order":0,"comment_status":"closed","ping_status":"closed","template":"fullwidth.php","meta":{"_joinchat":[],"footnotes":""},"class_list":["post-186","page","type-page","status-publish","hentry"],"_links":{"self":[{"href":"https:\/\/mfsincendio.com.br\/index.php?rest_route=\/wp\/v2\/pages\/186","targetHints":{"allow":["GET"]}}],"collection":[{"href":"https:\/\/mfsincendio.com.br\/index.php?rest_route=\/wp\/v2\/pages"}],"about":[{"href":"https:\/\/mfsincendio.com.br\/index.php?rest_route=\/wp\/v2\/types\/page"}],"author":[{"embeddable":true,"href":"https:\/\/mfsincendio.com.br\/index.php?rest_route=\/wp\/v2\/users\/1"}],"replies":[{"embeddable":true,"href":"https:\/\/mfsincendio.com.br\/index.php?rest_route=%2Fwp%2Fv2%2Fcomments&post=186"}],"version-history":[{"count":8,"href":"https:\/\/mfsincendio.com.br\/index.php?rest_route=\/wp\/v2\/pages\/186\/revisions"}],"predecessor-version":[{"id":354,"href":"https:\/\/mfsincendio.com.br\/index.php?rest_route=\/wp\/v2\/pages\/186\/revisions\/354"}],"wp:attachment":[{"href":"https:\/\/mfsincendio.com.br\/index.php?rest_route=%2Fwp%2Fv2%2Fmedia&parent=186"}],"curies":[{"name":"wp","href":"https:\/\/api.w.org\/{rel}","templated":true}]}}