{"id":20,"date":"2018-09-14T18:10:09","date_gmt":"2018-09-14T18:10:09","guid":{"rendered":"http:\/\/ligadonanet.com.br\/mfs\/?page_id=20"},"modified":"2018-09-14T18:10:09","modified_gmt":"2018-09-14T18:10:09","slug":"alarme-de-incendio-enderecavel","status":"publish","type":"page","link":"https:\/\/mfsincendio.com.br\/?page_id=20","title":{"rendered":"Alarme de Inc\u00eandio Endere\u00e7\u00e1vel"},"content":{"rendered":"<h2>Conhe\u00e7a Nossos Produtos<\/h2>\n<div class=\"col-6\">\n<ul class=\"list\">\n<li>Acionador de Alarme de Inc\u00eandio Endere\u00e7\u00e1vel<\/li>\n<li>Cabos de Detec\u00e7\u00e3o<\/li>\n<li>Central de Alarme de Inc\u00eandio Endere\u00e7\u00e1vel<\/li>\n<li>Detectores de Fuma\u00e7a Endere\u00e7\u00e1veis<\/li>\n<li>Sirenes de Inc\u00eandio Endere\u00e7\u00e1veis<\/li>\n<\/ul>\n<\/div>\n<ul class=\"thumbnails\">\n<li><a class=\"img-dentro lightbox\" title=\"Alarme de Inc\u00eandio Endere\u00e7\u00e1vel\" href=\"http:\/\/www.mfsincendio.com.br\/imagens\/alarme-2.jpg\" data-fancybox=\"group1\"><img decoding=\"async\" title=\"Alarme de Inc\u00eandio Endere\u00e7\u00e1vel\" src=\"http:\/\/www.mfsincendio.com.br\/imagens\/alarme-2.jpg\" alt=\"Alarme de Inc\u00eandio Endere\u00e7\u00e1vel\" \/><\/a><\/li>\n<\/ul>\n","protected":false},"excerpt":{"rendered":"<div class=\"slide-text-bg2\">\n<h3>Conhe\u00e7a Nossos Produtos Acionador de Alarme de Inc\u00eandio Endere\u00e7\u00e1vel Cabos de Detec\u00e7\u00e3o Central de Alarme de Inc\u00eandio Endere\u00e7\u00e1vel Detectores de<\/h3>\n<\/div>\n<div class=\"flex-btn-div\"><a href=\"https:\/\/mfsincendio.com.br\/?page_id=20\" class=\"btn1 flex-btn\">Ler mais<\/a><\/div>\n","protected":false},"author":1,"featured_media":0,"parent":0,"menu_order":0,"comment_status":"closed","ping_status":"closed","template":"","meta":{"_joinchat":[],"footnotes":""},"class_list":["post-20","page","type-page","status-publish","hentry"],"_links":{"self":[{"href":"https:\/\/mfsincendio.com.br\/index.php?rest_route=\/wp\/v2\/pages\/20","targetHints":{"allow":["GET"]}}],"collection":[{"href":"https:\/\/mfsincendio.com.br\/index.php?rest_route=\/wp\/v2\/pages"}],"about":[{"href":"https:\/\/mfsincendio.com.br\/index.php?rest_route=\/wp\/v2\/types\/page"}],"author":[{"embeddable":true,"href":"https:\/\/mfsincendio.com.br\/index.php?rest_route=\/wp\/v2\/users\/1"}],"replies":[{"embeddable":true,"href":"https:\/\/mfsincendio.com.br\/index.php?rest_route=%2Fwp%2Fv2%2Fcomments&post=20"}],"version-history":[{"count":0,"href":"https:\/\/mfsincendio.com.br\/index.php?rest_route=\/wp\/v2\/pages\/20\/revisions"}],"wp:attachment":[{"href":"https:\/\/mfsincendio.com.br\/index.php?rest_route=%2Fwp%2Fv2%2Fmedia&parent=20"}],"curies":[{"name":"wp","href":"https:\/\/api.w.org\/{rel}","templated":true}]}}