{"id":210,"date":"2018-09-14T17:56:23","date_gmt":"2018-09-14T17:56:23","guid":{"rendered":"http:\/\/ligadonanet.com.br\/mfs\/?page_id=4"},"modified":"2019-02-04T11:04:40","modified_gmt":"2019-02-04T11:04:40","slug":"empresa","status":"publish","type":"page","link":"https:\/\/mfsincendio.com.br\/?page_id=210","title":{"rendered":"Empresa"},"content":{"rendered":"<h2>Conhe\u00e7a nossa empresa<\/h2>\n<p style=\"font-weight: 400;\">A MFS SISTEMAS CONTRA INC\u00caNDIO \u00e9 uma empresa especializada em preven\u00e7\u00e3o, seguran\u00e7a e combate contra inc\u00eandio. Contamos com profissionais altamente qualificados, que atuam no ramo h\u00e1 mais de 20 anos.<\/p>\n<p style=\"font-weight: 400;\">Nosso objetivo \u00e9 fornecer aos nossos clientes materiais e servi\u00e7os de qualidade, visando preven\u00e7\u00e3o e combate contra inc\u00eandio. Nossa atua\u00e7\u00e3o \u00e9 pautada pela \u00e9tica, responsabilidade, comprometimento, pre\u00e7o justo e seguran\u00e7a.<\/p>\n<p style=\"font-weight: 400;\">Nossos servi\u00e7os garantem a adequa\u00e7\u00e3o de projetos t\u00e9cnicos junto \u00e0s normas nacionais de seguran\u00e7a, tais como NBR-ABNT, Decreto Estadual\/SP n\u00ba 56819\/11 e instru\u00e7\u00f5es t\u00e9cnicas do Corpo de Bombeiros e Prefeituras, bem como \u00e0s instru\u00e7\u00f5es normativas de cada Estado. Para tanto, nossa equipe ir\u00e1 auxili\u00e1-lo na elabora\u00e7\u00e3o ou adequa\u00e7\u00e3o de projetos, emiss\u00e3o de laudos e atestados, e execu\u00e7\u00e3o das obras necess\u00e1rias, abrangendo obras hidr\u00e1ulicas, el\u00e9tricas e instala\u00e7\u00f5es de materiais e equipamentos contra inc\u00eandio.<\/p>\n<p style=\"font-weight: 400;\">A assessoria fornecida pela empresa visa garantir a melhor adequa\u00e7\u00e3o t\u00e9cnica para cada caso, buscando sua total satisfa\u00e7\u00e3o. Prezamos por um atendimento excelente, tanto na fase de assessoria, como na fase de execu\u00e7\u00e3o dos servi\u00e7os e da venda, e, n\u00e3o menos importante, no p\u00f3s obra, garantindo a qualidade e seguran\u00e7a dos servi\u00e7os prestados.<\/p>\n<p style=\"font-weight: 400;\">Atuamos desde a fase de elabora\u00e7\u00e3o de projetos, com a execu\u00e7\u00e3o dos servi\u00e7os, at\u00e9 vistoria final, para regulariza\u00e7\u00e3o do estabelecimento e consequente obten\u00e7\u00e3o do AVCB.<\/p>\n<p style=\"font-weight: 400;\">Caso necessite de uma empresa especializada, com atendimento diferenciado, conte conosco! Solicite um or\u00e7amento atrav\u00e9s dos nossos canais de atendimento!<\/p>\n","protected":false},"excerpt":{"rendered":"<div class=\"slide-text-bg2\">\n<h3>Conhe\u00e7a nossa empresa A MFS SISTEMAS CONTRA INC\u00caNDIO \u00e9 uma empresa especializada em preven\u00e7\u00e3o, seguran\u00e7a e combate contra inc\u00eandio. Contamos<\/h3>\n<\/div>\n<div class=\"flex-btn-div\"><a href=\"https:\/\/mfsincendio.com.br\/?page_id=210\" class=\"btn1 flex-btn\">Ler mais<\/a><\/div>\n","protected":false},"author":1,"featured_media":0,"parent":0,"menu_order":0,"comment_status":"closed","ping_status":"closed","template":"","meta":{"_joinchat":[],"footnotes":""},"class_list":["post-210","page","type-page","status-publish","hentry"],"_links":{"self":[{"href":"https:\/\/mfsincendio.com.br\/index.php?rest_route=\/wp\/v2\/pages\/210","targetHints":{"allow":["GET"]}}],"collection":[{"href":"https:\/\/mfsincendio.com.br\/index.php?rest_route=\/wp\/v2\/pages"}],"about":[{"href":"https:\/\/mfsincendio.com.br\/index.php?rest_route=\/wp\/v2\/types\/page"}],"author":[{"embeddable":true,"href":"https:\/\/mfsincendio.com.br\/index.php?rest_route=\/wp\/v2\/users\/1"}],"replies":[{"embeddable":true,"href":"https:\/\/mfsincendio.com.br\/index.php?rest_route=%2Fwp%2Fv2%2Fcomments&post=210"}],"version-history":[{"count":1,"href":"https:\/\/mfsincendio.com.br\/index.php?rest_route=\/wp\/v2\/pages\/210\/revisions"}],"predecessor-version":[{"id":348,"href":"https:\/\/mfsincendio.com.br\/index.php?rest_route=\/wp\/v2\/pages\/210\/revisions\/348"}],"wp:attachment":[{"href":"https:\/\/mfsincendio.com.br\/index.php?rest_route=%2Fwp%2Fv2%2Fmedia&parent=210"}],"curies":[{"name":"wp","href":"https:\/\/api.w.org\/{rel}","templated":true}]}}