{"id":22,"date":"2018-09-14T18:10:47","date_gmt":"2018-09-14T18:10:47","guid":{"rendered":"http:\/\/ligadonanet.com.br\/mfs\/?page_id=22"},"modified":"2018-09-14T18:10:47","modified_gmt":"2018-09-14T18:10:47","slug":"portas-corta-fogo","status":"publish","type":"page","link":"https:\/\/mfsincendio.com.br\/?page_id=22","title":{"rendered":"Portas Corta Fogo"},"content":{"rendered":"<h2>Conhe\u00e7a Nossos Produtos<\/h2>\n<div class=\"col-6\">\n<ul class=\"list\">\n<li>Barras Anti P\u00e2nico<\/li>\n<li>Dobradi\u00e7as tipo Helicoidal<\/li>\n<li>Eletroim\u00e3<\/li>\n<li>Fechadura de sobrepor com ma\u00e7aneta e chave<\/li>\n<li>Molas A\u00e9reas e Disparador El\u00e9trico Mec\u00e2nico<\/li>\n<li>Porta Corta Fogo Bandeira<\/li>\n<li>Porta Corta Fogo Dupla<\/li>\n<li>Porta Corta Fogo Simples<\/li>\n<li>Trinco de Embutir<\/li>\n<\/ul>\n<\/div>\n<ul class=\"thumbnails\">\n<li><a class=\"img-dentro lightbox\" title=\"Portas Corta Fogo\" href=\"http:\/\/www.mfsincendio.com.br\/imagens\/porta-fogo.jpg\" data-fancybox=\"group1\"><img decoding=\"async\" title=\"Portas Corta Fogo\" src=\"http:\/\/www.mfsincendio.com.br\/imagens\/porta-fogo.jpg\" alt=\"Portas Corta Fogo\" \/><\/a><\/li>\n<\/ul>\n<p>&nbsp;<\/p>\n","protected":false},"excerpt":{"rendered":"<div class=\"slide-text-bg2\">\n<h3>Conhe\u00e7a Nossos Produtos Barras Anti P\u00e2nico Dobradi\u00e7as tipo Helicoidal Eletroim\u00e3 Fechadura de sobrepor com ma\u00e7aneta e chave Molas A\u00e9reas e<\/h3>\n<\/div>\n<div class=\"flex-btn-div\"><a href=\"https:\/\/mfsincendio.com.br\/?page_id=22\" class=\"btn1 flex-btn\">Ler mais<\/a><\/div>\n","protected":false},"author":1,"featured_media":0,"parent":0,"menu_order":0,"comment_status":"closed","ping_status":"closed","template":"","meta":{"_joinchat":[],"footnotes":""},"class_list":["post-22","page","type-page","status-publish","hentry"],"_links":{"self":[{"href":"https:\/\/mfsincendio.com.br\/index.php?rest_route=\/wp\/v2\/pages\/22","targetHints":{"allow":["GET"]}}],"collection":[{"href":"https:\/\/mfsincendio.com.br\/index.php?rest_route=\/wp\/v2\/pages"}],"about":[{"href":"https:\/\/mfsincendio.com.br\/index.php?rest_route=\/wp\/v2\/types\/page"}],"author":[{"embeddable":true,"href":"https:\/\/mfsincendio.com.br\/index.php?rest_route=\/wp\/v2\/users\/1"}],"replies":[{"embeddable":true,"href":"https:\/\/mfsincendio.com.br\/index.php?rest_route=%2Fwp%2Fv2%2Fcomments&post=22"}],"version-history":[{"count":0,"href":"https:\/\/mfsincendio.com.br\/index.php?rest_route=\/wp\/v2\/pages\/22\/revisions"}],"wp:attachment":[{"href":"https:\/\/mfsincendio.com.br\/index.php?rest_route=%2Fwp%2Fv2%2Fmedia&parent=22"}],"curies":[{"name":"wp","href":"https:\/\/api.w.org\/{rel}","templated":true}]}}