{"id":28,"date":"2018-09-14T18:17:57","date_gmt":"2018-09-14T18:17:57","guid":{"rendered":"http:\/\/ligadonanet.com.br\/mfs\/?page_id=28"},"modified":"2018-10-02T02:25:30","modified_gmt":"2018-10-02T02:25:30","slug":"avcb-sp","status":"publish","type":"page","link":"https:\/\/mfsincendio.com.br\/?page_id=28","title":{"rendered":"Avcb sp"},"content":{"rendered":"<ul class=\"gallery\">\n<li><a class=\"lightbox\" title=\"Avcb sp\" href=\"http:\/\/www.mfsincendio.com.br\/imagens\/informacoes\/avcb-sp-01.jpg\" data-fancybox=\"group1\" data-caption=\"Avcb sp\"><img decoding=\"async\" title=\"Avcb sp\" src=\"http:\/\/www.mfsincendio.com.br\/imagens\/informacoes\/\/avcb-sp-01.jpg\" alt=\"Avcb sp\" \/><\/a><\/li>\n<li><a class=\"lightbox\" title=\"Avcb sp\" href=\"http:\/\/www.mfsincendio.com.br\/imagens\/informacoes\/avcb-sp-02.jpg\" data-fancybox=\"group1\" data-caption=\"Avcb sp\"><img decoding=\"async\" title=\"Avcb sp\" src=\"http:\/\/www.mfsincendio.com.br\/imagens\/informacoes\/\/avcb-sp-02.jpg\" alt=\"Avcb sp\" \/><\/a><\/li>\n<li><a class=\"lightbox\" title=\"Avcb sp\" href=\"http:\/\/www.mfsincendio.com.br\/imagens\/informacoes\/avcb-sp-03.jpg\" data-fancybox=\"group1\" data-caption=\"Avcb sp\"><img decoding=\"async\" title=\"Avcb sp\" src=\"http:\/\/www.mfsincendio.com.br\/imagens\/informacoes\/\/avcb-sp-03.jpg\" alt=\"Avcb sp\" \/><\/a><\/li>\n<\/ul>\n<p class=\"alerta\">Clique nas imagens para ampliar<\/p>\n<h2>O QUE \u00c9 A AVCB SP?<\/h2>\n<p>O AVCB SP (Auto de Vistoria do Corpo de Bombeiros) \u00e9 um dos principais documentos que edifica\u00e7\u00f5es comerciais devem possuir para a certifica\u00e7\u00e3o de uma constru\u00e7\u00e3o. Essa certifica\u00e7\u00e3o \u00e9 emitida pelo corpo de bombeiros que atesta que um determinado local passou por uma vistoria e est\u00e1, portanto, em conformidade quanto \u00e0s normas de seguran\u00e7a previstas por \u00f3rg\u00e3os pertinentes. Desta forma, o AVCB SP garante que determinados locais est\u00e3o totalmente aptos para receber um fluxo de pessoas todos os dias sem oferecer nenhum risco a elas.<\/p>\n<p>O principal objetivo do AVCB SP \u00e9 realizar um monitoramento das constru\u00e7\u00f5es em rela\u00e7\u00e3o ao cumprimento das normas estipuladas pelo \u00f3rg\u00e3o respons\u00e1vel por controle de inc\u00eandio em edifica\u00e7\u00f5es. Desta forma, cabe ao corpo de bombeiros realizar a an\u00e1lise do local, averiguando se est\u00e3o presente os itens obrigat\u00f3rios de seguran\u00e7a, por exemplo:<\/p>\n<ul class=\"list\">\n<li>Extintores de inc\u00eandio;<\/li>\n<li>Sa\u00eddas de emerg\u00eancia;<\/li>\n<li>Sinaliza\u00e7\u00f5es em geral;<\/li>\n<li>Luzes;<\/li>\n<li>Alarmes.<\/li>\n<\/ul>\n<p>\u00c9 poss\u00edvel, por\u00e9m, que a vistoria do corpo de bombeiros seja negada e, sendo assim, um novo prazo \u00e9 dado aos respons\u00e1veis pelas edifica\u00e7\u00f5es, para que as atitudes necess\u00e1rias sejam tomadas, visando conquistar a AVCB SP.<\/p>\n<h2>PRAZO DE VALIDADE DA AVCB SP<\/h2>\n<p>Assim como qualquer certifica\u00e7\u00e3o, a AVCB SP conta com um prazo de validade que pode variar de acordo com a finalidade da constru\u00e7\u00e3o ou da cidade. No estado de S\u00e3o Paulo, por exemplo, a AVCB SP pode ter entre 1 ou 3 anos de validade. Quando ocorre o fim do prazo estabelecido, uma nova vistoria \u00e9 agendada. \u00c9 importante considerar, no entanto, que em casos de reformas ou amplia\u00e7\u00f5es do local, a AVCB SP deve ser renovada, ainda que esteja dentro do seu prazo de validade.<\/p>\n<h2>MFS \u00c9 REFER\u00caNCIA NO SEGMENTO<\/h2>\n<p>Quando o assunto \u00e9 equipamentos e sistemas voltados para a seguran\u00e7a contra inc\u00eandios, a MFS \u00e9 a empresa mais indicada. E isso se d\u00e1 por conta da grande efici\u00eancia que ela oferece nos seus servi\u00e7os. Al\u00e9m disso, a MFS garante que todos seus servi\u00e7os sejam desenvolvidos de acordo com as normas t\u00e9cnicas de seguran\u00e7a. Por isso, a empresa une conformidade, seguran\u00e7a, efici\u00eancia e \u00f3timo pre\u00e7o tornando-se, assim, a mais indicada do mercado.<\/p>\n<div class=\"more\">\n<h2>Para saber mais sobre Avcb sp<\/h2>\n<p>Ligue para\u00a0<strong>11 2925-3675<\/strong>\u00a0ou\u00a0<a title=\"Envie um e-mail para MFS\" href=\"http:\/\/www.mfsincendio.com.br\/contato\" rel=\"nofollow\">clique aqui<\/a>\u00a0e entre em contato por email.<\/div>\n","protected":false},"excerpt":{"rendered":"<div class=\"slide-text-bg2\">\n<h3>Clique nas imagens para ampliar O QUE \u00c9 A AVCB SP? O AVCB SP (Auto de Vistoria do Corpo de<\/h3>\n<\/div>\n<div class=\"flex-btn-div\"><a href=\"https:\/\/mfsincendio.com.br\/?page_id=28\" class=\"btn1 flex-btn\">Ler mais<\/a><\/div>\n","protected":false},"author":1,"featured_media":0,"parent":0,"menu_order":0,"comment_status":"closed","ping_status":"closed","template":"","meta":{"_joinchat":[],"footnotes":""},"class_list":["post-28","page","type-page","status-publish","hentry"],"_links":{"self":[{"href":"https:\/\/mfsincendio.com.br\/index.php?rest_route=\/wp\/v2\/pages\/28","targetHints":{"allow":["GET"]}}],"collection":[{"href":"https:\/\/mfsincendio.com.br\/index.php?rest_route=\/wp\/v2\/pages"}],"about":[{"href":"https:\/\/mfsincendio.com.br\/index.php?rest_route=\/wp\/v2\/types\/page"}],"author":[{"embeddable":true,"href":"https:\/\/mfsincendio.com.br\/index.php?rest_route=\/wp\/v2\/users\/1"}],"replies":[{"embeddable":true,"href":"https:\/\/mfsincendio.com.br\/index.php?rest_route=%2Fwp%2Fv2%2Fcomments&post=28"}],"version-history":[{"count":1,"href":"https:\/\/mfsincendio.com.br\/index.php?rest_route=\/wp\/v2\/pages\/28\/revisions"}],"predecessor-version":[{"id":347,"href":"https:\/\/mfsincendio.com.br\/index.php?rest_route=\/wp\/v2\/pages\/28\/revisions\/347"}],"wp:attachment":[{"href":"https:\/\/mfsincendio.com.br\/index.php?rest_route=%2Fwp%2Fv2%2Fmedia&parent=28"}],"curies":[{"name":"wp","href":"https:\/\/api.w.org\/{rel}","templated":true}]}}