{"id":30,"date":"2018-09-14T18:19:10","date_gmt":"2018-09-14T18:19:10","guid":{"rendered":"http:\/\/ligadonanet.com.br\/mfs\/?page_id=30"},"modified":"2018-09-14T18:19:10","modified_gmt":"2018-09-14T18:19:10","slug":"bomba-de-incendio","status":"publish","type":"page","link":"https:\/\/mfsincendio.com.br\/?page_id=30","title":{"rendered":"Bomba de inc\u00eandio"},"content":{"rendered":"<ul class=\"gallery\">\n<li><a class=\"lightbox\" title=\"Bomba de inc\u00eandio\" href=\"http:\/\/www.mfsincendio.com.br\/imagens\/informacoes\/bomba-incendio-01.jpg\" data-fancybox=\"group1\" data-caption=\"Bomba de inc\u00eandio\"><img decoding=\"async\" title=\"Bomba de inc\u00eandio\" src=\"http:\/\/www.mfsincendio.com.br\/imagens\/informacoes\/\/bomba-incendio-01.jpg\" alt=\"Bomba de inc\u00eandio\" \/><\/a><\/li>\n<li><a class=\"lightbox\" title=\"Bomba de inc\u00eandio\" href=\"http:\/\/www.mfsincendio.com.br\/imagens\/informacoes\/bomba-incendio-02.jpg\" data-fancybox=\"group1\" data-caption=\"Bomba de inc\u00eandio\"><img decoding=\"async\" title=\"Bomba de inc\u00eandio\" src=\"http:\/\/www.mfsincendio.com.br\/imagens\/informacoes\/\/bomba-incendio-02.jpg\" alt=\"Bomba de inc\u00eandio\" \/><\/a><\/li>\n<li><a class=\"lightbox\" title=\"Bomba de inc\u00eandio\" href=\"http:\/\/www.mfsincendio.com.br\/imagens\/informacoes\/bomba-incendio-03.jpg\" data-fancybox=\"group1\" data-caption=\"Bomba de inc\u00eandio\"><img decoding=\"async\" title=\"Bomba de inc\u00eandio\" src=\"http:\/\/www.mfsincendio.com.br\/imagens\/informacoes\/\/bomba-incendio-03.jpg\" alt=\"Bomba de inc\u00eandio\" \/><\/a><\/li>\n<\/ul>\n<p class=\"alerta\">Clique nas imagens para ampliar<\/p>\n<h2>IMPORT\u00c2NCIA E VANTAGENS DA BOMBA DE INC\u00caNDIO<\/h2>\n<p>Tendo a fun\u00e7\u00e3o de bombear a \u00e1gua para equipamentos, como hidrantes e sprinklers, a\u00a0<strong>bomba de inc\u00eandio<\/strong>\u00a0\u00e9 mais um equipamento totalmente funcional desenvolvido para oferecer maior seguran\u00e7a contra inc\u00eandio aos mais diversos locais. Essa\u00a0<strong>bomba de inc\u00eandio<\/strong>\u00a0pode ser vista em edif\u00edcios comerciais ou residenciais, meios comerciais e at\u00e9 em ind\u00fastrias. Em todos esses ambientes, a\u00a0<strong>bomba de inc\u00eandio<\/strong>\u00a0certifica um abastecimento cont\u00ednuo e em grande escala de \u00e1gua, o que colabora diretamente com um combate qualificado e \u00e1gil contra as chamas. \u00c9, inclusive, atrav\u00e9s da\u00a0<strong>bomba de inc\u00eandio<\/strong>\u00a0que \u00e9 poss\u00edvel ser atingida a press\u00e3o necess\u00e1ria para a alimenta\u00e7\u00e3o do sistema de hidrante tamb\u00e9m presente nestes locais.<\/p>\n<p>A utiliza\u00e7\u00e3o da\u00a0<strong>bomba de inc\u00eandio<\/strong>\u00a0est\u00e1 prevista nas normas t\u00e9cnicas e de seguran\u00e7a obrigat\u00f3ria em ambientes que contam com a circula\u00e7\u00e3o de grande n\u00famero de pessoas. Esses equipamentos contam com um desenvolvimento por meio de mat\u00e9rias-primas resistentes e preparadas para a presen\u00e7a constante de \u00e1gua, por isso, s\u00e3o inoxid\u00e1veis. Al\u00e9m disso, as v\u00e1lvulas que comp\u00f5e a\u00a0<strong>bomba de inc\u00eandio<\/strong>\u00a0s\u00e3o de f\u00e1cil manuseio, o que possibilita que, quando necess\u00e1rio, uma pessoa preparada possa ativar o seu funcionamento antes da chegada da equipe do corpo de bombeiros, por exemplo.<\/p>\n<h2>PRINCIPAIS CUIDADOS COM A BOMBA DE INC\u00caNDIO<\/h2>\n<p>A qualidade da\u00a0<strong>bomba de inc\u00eandio<\/strong>\u00a0\u00e9 comprovada, entretanto, para alcan\u00e7ar o pleno funcionamento, \u00e9 essencial que as empresas ofere\u00e7am maiores cuidados a estes equipamentos:<\/p>\n<ul class=\"list\">\n<li>\u00c9 indicado que a bomba seja instalada em uma chamada \u201csala de bomba\u201d, isto \u00e9, em um lugar espec\u00edfico, reservado e longe de constante presen\u00e7a de pessoas;<\/li>\n<li>A ilumina\u00e7\u00e3o dessa \u201csala de bomba\u201d deve ser alimentada por geradores ou baterias independentes;<\/li>\n<li>A energia que proporciona o funcionamento da bomba de inc\u00eandio deve ser alternativa e ter uma condu\u00e7\u00e3o diferente dos demais sistemas.<\/li>\n<\/ul>\n<h2>SEGURAN\u00c7A E FUNCIONALIDADE PROPORCIONADAS PELA MFS<\/h2>\n<p>A MFS est\u00e1, h\u00e1 quase uma d\u00e9cada, garantindo os melhores servi\u00e7os e equipamentos quando se trata de combate e preven\u00e7\u00e3o a inc\u00eandios. E isso ocorre por conta da qualidade dos equipamentos disponibilizados pela empresa e pelo especializado quadro de colaboradores que oferecem n\u00e3o apenas um servi\u00e7o eficiente, como tamb\u00e9m duradouro e de acordo com as normas de seguran\u00e7a do setor.<\/p>\n<div class=\"more\">\n<h2>Para saber mais sobre Bomba de inc\u00eandio<\/h2>\n<p>Ligue para\u00a0<strong>11 2925-3675<\/strong>\u00a0ou\u00a0<a title=\"Envie um e-mail para MFS\" href=\"http:\/\/www.mfsincendio.com.br\/contato\" rel=\"nofollow\">clique aqui<\/a>\u00a0e entre em contato por email.<\/div>\n","protected":false},"excerpt":{"rendered":"<div class=\"slide-text-bg2\">\n<h3>Clique nas imagens para ampliar IMPORT\u00c2NCIA E VANTAGENS DA BOMBA DE INC\u00caNDIO Tendo a fun\u00e7\u00e3o de bombear a \u00e1gua para<\/h3>\n<\/div>\n<div class=\"flex-btn-div\"><a href=\"https:\/\/mfsincendio.com.br\/?page_id=30\" class=\"btn1 flex-btn\">Ler mais<\/a><\/div>\n","protected":false},"author":1,"featured_media":0,"parent":0,"menu_order":0,"comment_status":"closed","ping_status":"closed","template":"","meta":{"_joinchat":[],"footnotes":""},"class_list":["post-30","page","type-page","status-publish","hentry"],"_links":{"self":[{"href":"https:\/\/mfsincendio.com.br\/index.php?rest_route=\/wp\/v2\/pages\/30","targetHints":{"allow":["GET"]}}],"collection":[{"href":"https:\/\/mfsincendio.com.br\/index.php?rest_route=\/wp\/v2\/pages"}],"about":[{"href":"https:\/\/mfsincendio.com.br\/index.php?rest_route=\/wp\/v2\/types\/page"}],"author":[{"embeddable":true,"href":"https:\/\/mfsincendio.com.br\/index.php?rest_route=\/wp\/v2\/users\/1"}],"replies":[{"embeddable":true,"href":"https:\/\/mfsincendio.com.br\/index.php?rest_route=%2Fwp%2Fv2%2Fcomments&post=30"}],"version-history":[{"count":0,"href":"https:\/\/mfsincendio.com.br\/index.php?rest_route=\/wp\/v2\/pages\/30\/revisions"}],"wp:attachment":[{"href":"https:\/\/mfsincendio.com.br\/index.php?rest_route=%2Fwp%2Fv2%2Fmedia&parent=30"}],"curies":[{"name":"wp","href":"https:\/\/api.w.org\/{rel}","templated":true}]}}