{"id":32,"date":"2018-09-14T18:19:45","date_gmt":"2018-09-14T18:19:45","guid":{"rendered":"http:\/\/ligadonanet.com.br\/mfs\/?page_id=32"},"modified":"2018-09-14T18:19:45","modified_gmt":"2018-09-14T18:19:45","slug":"bombas-de-incendio-comprar","status":"publish","type":"page","link":"https:\/\/mfsincendio.com.br\/?page_id=32","title":{"rendered":"Bombas de inc\u00eandio comprar"},"content":{"rendered":"<ul class=\"gallery\">\n<li><a class=\"lightbox\" title=\"Bombas de inc\u00eandio comprar\" href=\"http:\/\/www.mfsincendio.com.br\/imagens\/informacoes\/bombas-incendio-comprar-01.jpg\" data-fancybox=\"group1\" data-caption=\"Bombas de inc\u00eandio comprar\"><img decoding=\"async\" title=\"Bombas de inc\u00eandio comprar\" src=\"http:\/\/www.mfsincendio.com.br\/imagens\/informacoes\/\/bombas-incendio-comprar-01.jpg\" alt=\"Bombas de inc\u00eandio comprar\" \/><\/a><\/li>\n<li><a class=\"lightbox\" title=\"Bombas de inc\u00eandio comprar\" href=\"http:\/\/www.mfsincendio.com.br\/imagens\/informacoes\/bombas-incendio-comprar-02.jpg\" data-fancybox=\"group1\" data-caption=\"Bombas de inc\u00eandio comprar\"><img decoding=\"async\" title=\"Bombas de inc\u00eandio comprar\" src=\"http:\/\/www.mfsincendio.com.br\/imagens\/informacoes\/\/bombas-incendio-comprar-02.jpg\" alt=\"Bombas de inc\u00eandio comprar\" \/><\/a><\/li>\n<li><a class=\"lightbox\" title=\"Bombas de inc\u00eandio comprar\" href=\"http:\/\/www.mfsincendio.com.br\/imagens\/informacoes\/bombas-incendio-comprar-03.jpg\" data-fancybox=\"group1\" data-caption=\"Bombas de inc\u00eandio comprar\"><img decoding=\"async\" title=\"Bombas de inc\u00eandio comprar\" src=\"http:\/\/www.mfsincendio.com.br\/imagens\/informacoes\/\/bombas-incendio-comprar-03.jpg\" alt=\"Bombas de inc\u00eandio comprar\" \/><\/a><\/li>\n<\/ul>\n<p class=\"alerta\">Clique nas imagens para ampliar<\/p>\n<h2>O QUE S\u00c3O AS BOMBAS DE INC\u00caNDIO COMPRAR<\/h2>\n<p>Quando o assunto s\u00e3o equipamentos e sistemas respons\u00e1veis por preven\u00e7\u00e3o e combate a inc\u00eandios, as\u00a0<strong>bombas de inc\u00eandio comprar<\/strong>\u00a0s\u00e3o um dos mais qualificados itens. Essa import\u00e2ncia ocorre por conta da funcionalidade, efici\u00eancia e, claro, da grande colabora\u00e7\u00e3o que essas bombas oferecem em um momento de emerg\u00eancia. Presentes em edif\u00edcios, com\u00e9rcios, ind\u00fastrias e entre outros locais onde, diariamente, encontram-se um grande n\u00famero de pessoas, as\u00a0<strong>bombas de inc\u00eandio comprar<\/strong>\u00a0garantem uma vaz\u00e3o bastante eficiente de \u00e1gua, que colabora com o combate ao inc\u00eandio desde seus primeiros segundos.<\/p>\n<p>Para estar presente em uma edifica\u00e7\u00e3o, por exemplo, essa bomba de inc\u00eandio comprar passa por uma an\u00e1lise precisa sobre aquela determinada constru\u00e7\u00e3o, visando, desta forma, ser instalada conforme as normas de seguran\u00e7a, assim como as especifica\u00e7\u00f5es do edif\u00edcio. Ao unir essas duas caracter\u00edsticas, os t\u00e9cnicos respons\u00e1veis pela instala\u00e7\u00e3o das\u00a0<strong>bombas de inc\u00eandio comprar<\/strong>\u00a0certificam um equipamento totalmente qualificado e preparado para agir em momentos de emerg\u00eancia. Essas\u00a0<strong>bombas de inc\u00eandio comprar<\/strong>\u00a0s\u00e3o compostas de mat\u00e9rias-primas qualificadas e amplamente resistentes e, portanto, duradouras. Esse equipamento tamb\u00e9m conta com v\u00e1lvulas espec\u00edficas que auxiliam em uma vaz\u00e3o continua e em grande quantidade de \u00e1gua.<\/p>\n<h2>ALGUNS CUIDADOS COM AS BOMBAS DE INC\u00caNDIO COMPRAR<\/h2>\n<p>\u00c9 indiscut\u00edvel a relev\u00e2ncia e qualidade das\u00a0<strong>bombas de inc\u00eandio comprar<\/strong>, no entanto, \u00e9 importante tomar alguns cuidados na instala\u00e7\u00e3o e manuten\u00e7\u00e3o deste item, visando sempre um funcionamento de excel\u00eancia. Entre eles:<\/p>\n<ul class=\"list\">\n<li>Os itens devem contar com um sistema de abastecimento el\u00e9trico alternativo, para que n\u00e3o corra o risco de ser danificado durante um inc\u00eandio;<\/li>\n<li>\u00c9 fundamental que as bombas de inc\u00eandio comprar sejam instaladas em locais espec\u00edficos, seguros e sem a presen\u00e7a constante de pessoas, por exemplo, em uma \u201ccasa de bombas\u201d;<\/li>\n<li>Essas \u201ccasas de bombas\u201d devem ser iluminadas por luzes ligadas a baterias ou a geradores independentes.<\/li>\n<\/ul>\n<h2>A MFS \u00c9 GARANTIA DE QUALIDADE<\/h2>\n<p>\u00c9 fundamental que uma empresa esteja sempre de acordo com as normas de seguran\u00e7a e regula\u00e7\u00e3o no mercado. Afinal, s\u00f3 desta forma \u00e9 poss\u00edvel unir qualidade e conformidade nos equipamentos que ser\u00e3o utilizados. Por isso, quando \u00e9 pensado no ramo de equipamentos e servi\u00e7os para a preven\u00e7\u00e3o e combate a inc\u00eandios, a MFS \u00e9 a mais preparada empresa, porque a miss\u00e3o da empresa \u00e9: unir excel\u00eancia, qualidade e conformidade nos seus equipamentos, certificando sempre o melhor aos seus clientes.<\/p>\n<div class=\"more\">\n<h2>Para saber mais sobre Bombas de inc\u00eandio comprar<\/h2>\n<p>Ligue para\u00a0<strong>11 2925-3675<\/strong>\u00a0ou\u00a0<a title=\"Envie um e-mail para MFS\" href=\"http:\/\/www.mfsincendio.com.br\/contato\" rel=\"nofollow\">clique aqui<\/a>\u00a0e entre em contato por email.<\/div>\n","protected":false},"excerpt":{"rendered":"<div class=\"slide-text-bg2\">\n<h3>Clique nas imagens para ampliar O QUE S\u00c3O AS BOMBAS DE INC\u00caNDIO COMPRAR Quando o assunto s\u00e3o equipamentos e sistemas<\/h3>\n<\/div>\n<div class=\"flex-btn-div\"><a href=\"https:\/\/mfsincendio.com.br\/?page_id=32\" class=\"btn1 flex-btn\">Ler mais<\/a><\/div>\n","protected":false},"author":1,"featured_media":0,"parent":0,"menu_order":0,"comment_status":"closed","ping_status":"closed","template":"","meta":{"_joinchat":[],"footnotes":""},"class_list":["post-32","page","type-page","status-publish","hentry"],"_links":{"self":[{"href":"https:\/\/mfsincendio.com.br\/index.php?rest_route=\/wp\/v2\/pages\/32","targetHints":{"allow":["GET"]}}],"collection":[{"href":"https:\/\/mfsincendio.com.br\/index.php?rest_route=\/wp\/v2\/pages"}],"about":[{"href":"https:\/\/mfsincendio.com.br\/index.php?rest_route=\/wp\/v2\/types\/page"}],"author":[{"embeddable":true,"href":"https:\/\/mfsincendio.com.br\/index.php?rest_route=\/wp\/v2\/users\/1"}],"replies":[{"embeddable":true,"href":"https:\/\/mfsincendio.com.br\/index.php?rest_route=%2Fwp%2Fv2%2Fcomments&post=32"}],"version-history":[{"count":0,"href":"https:\/\/mfsincendio.com.br\/index.php?rest_route=\/wp\/v2\/pages\/32\/revisions"}],"wp:attachment":[{"href":"https:\/\/mfsincendio.com.br\/index.php?rest_route=%2Fwp%2Fv2%2Fmedia&parent=32"}],"curies":[{"name":"wp","href":"https:\/\/api.w.org\/{rel}","templated":true}]}}