{"id":36,"date":"2018-09-14T18:21:41","date_gmt":"2018-09-14T18:21:41","guid":{"rendered":"http:\/\/ligadonanet.com.br\/mfs\/?page_id=36"},"modified":"2018-09-14T18:21:41","modified_gmt":"2018-09-14T18:21:41","slug":"detector-de-fumaca-comprar","status":"publish","type":"page","link":"https:\/\/mfsincendio.com.br\/?page_id=36","title":{"rendered":"Detector de fuma\u00e7a comprar"},"content":{"rendered":"<ul class=\"gallery\">\n<li><a class=\"lightbox\" title=\"Detector de fuma\u00e7a comprar\" href=\"http:\/\/www.mfsincendio.com.br\/imagens\/informacoes\/detector-fumaca-comprar-01.jpg\" data-fancybox=\"group1\" data-caption=\"Detector de fuma\u00e7a comprar\"><img decoding=\"async\" title=\"Detector de fuma\u00e7a comprar\" src=\"http:\/\/www.mfsincendio.com.br\/imagens\/informacoes\/\/detector-fumaca-comprar-01.jpg\" alt=\"Detector de fuma\u00e7a comprar\" \/><\/a><\/li>\n<li><a class=\"lightbox\" title=\"Detector de fuma\u00e7a comprar\" href=\"http:\/\/www.mfsincendio.com.br\/imagens\/informacoes\/detector-fumaca-comprar-02.jpg\" data-fancybox=\"group1\" data-caption=\"Detector de fuma\u00e7a comprar\"><img decoding=\"async\" title=\"Detector de fuma\u00e7a comprar\" src=\"http:\/\/www.mfsincendio.com.br\/imagens\/informacoes\/\/detector-fumaca-comprar-02.jpg\" alt=\"Detector de fuma\u00e7a comprar\" \/><\/a><\/li>\n<li><a class=\"lightbox\" title=\"Detector de fuma\u00e7a comprar\" href=\"http:\/\/www.mfsincendio.com.br\/imagens\/informacoes\/detector-fumaca-comprar-03.jpg\" data-fancybox=\"group1\" data-caption=\"Detector de fuma\u00e7a comprar\"><img decoding=\"async\" title=\"Detector de fuma\u00e7a comprar\" src=\"http:\/\/www.mfsincendio.com.br\/imagens\/informacoes\/\/detector-fumaca-comprar-03.jpg\" alt=\"Detector de fuma\u00e7a comprar\" \/><\/a><\/li>\n<\/ul>\n<p class=\"alerta\">Clique nas imagens para ampliar<\/p>\n<h2>A MFS \u00c9 UMA DISTRIBUIDORA DE DETECTOR DE FUMA\u00c7A COMPRAR<\/h2>\n<p>O sistema de\u00a0<strong>detector de fuma\u00e7a comprar<\/strong>\u00a0desempenha uma fun\u00e7\u00e3o extremamente importante, pois \u00e9 um sistema de seguran\u00e7a de total efic\u00e1cia. O\u00a0<strong>detector de fuma\u00e7a comprar<\/strong>\u00a0tem a capacidade de zerar o foco das chamas, porque a fun\u00e7\u00e3o do\u00a0<strong>detector de fuma\u00e7a comprar<\/strong>\u00a0\u00e9 de acionar os demais dispositivos existentes no local em quest\u00e3o, diminuindo, assim, as chances de propaga\u00e7\u00e3o das chamas, evitando desastres.<\/p>\n<p>O\u00a0<strong>detector de fuma\u00e7a comprar<\/strong>\u00a0\u00e9 posicionado de maneira estrat\u00e9gica nos locais estrat\u00e9gicos, prevenindo o foco do inc\u00eandio e respeitando o espa\u00e7o entre cada detector. Se o detector identificar a presen\u00e7a de foco de calor ou presen\u00e7a de fuma\u00e7a, h\u00e1 a emiss\u00e3o para acionar os demais detectores, para combater o eventual inc\u00eandio que esteja acontecendo, impossibilitando, assim, que o fogo seja espalhado.<\/p>\n<h2>DETECTOR DE FUMA\u00c7A COMPRAR COM PROCED\u00caNCIA NACIONAL E IMPORTADA<\/h2>\n<p>O\u00a0<strong>detector de fuma\u00e7a comprar<\/strong>\u00a0evita em grande escala acidentes, sejam eles de menor ou maior propor\u00e7\u00e3o, garantindo que haja a dispers\u00e3o rapidamente do local. O\u00a0<strong>detector de fuma\u00e7a comprar<\/strong>\u00a0que a MFS distribui \u00e9 fabricado por empresas conceituadas, que\u00a0 prezam sempre a seguran\u00e7a. Seja fabricante de proced\u00eancia nacional ou estrangeira, a MFS se preocupa em verificar qual ser\u00e1 o modelo ideal na instala\u00e7\u00e3o. A assertividade do projeto, bem como a escolha do modelo, \u00e9 importante para garantir que o ambiente esteja completamente seguro e preparado para o acionamento correto do\u00a0<strong>detector de fuma\u00e7a comprar<\/strong>, caso seja necess\u00e1rio.<\/p>\n<p>O\u00a0<strong>detector de fuma\u00e7a comprar<\/strong>\u00a0de qualidade precisa ser desenvolvido a partir das diretrizes das principais normas de seguran\u00e7a regulamentadoras do setor que atestam um efetivo desempenho. A MFS garante que o equipamento de seguran\u00e7a seja de proced\u00eancia, assegurando a qualidade dos projetos para todos os envolvidos.<\/p>\n<h2>A MFS PRESTA SERVI\u00c7OS H\u00c1 QUASE 10 ANOS<\/h2>\n<p>Com quase 10 anos de presta\u00e7\u00e3o de servi\u00e7os e venda de diversos produtos, a MFS \u00e9 especializada em sistema contra inc\u00eandios. A MFS oferece servi\u00e7os em todo o estado de S\u00e3o Paulo e garante entrega dos produtos comercializados por todo o territ\u00f3rio nacional. A empresa est\u00e1 sediada na cidade de S\u00e3o Paulo, com localiza\u00e7\u00e3o privilegiada.<\/p>\n<div class=\"more\">\n<h2>Para saber mais sobre Detector de fuma\u00e7a comprar<\/h2>\n<p>Ligue para\u00a0<strong>11 2925-3675<\/strong>\u00a0ou\u00a0<a title=\"Envie um e-mail para MFS\" href=\"http:\/\/www.mfsincendio.com.br\/contato\" rel=\"nofollow\">clique aqui<\/a>\u00a0e entre em contato por email.<\/div>\n","protected":false},"excerpt":{"rendered":"<div class=\"slide-text-bg2\">\n<h3>Clique nas imagens para ampliar A MFS \u00c9 UMA DISTRIBUIDORA DE DETECTOR DE FUMA\u00c7A COMPRAR O sistema de\u00a0detector de fuma\u00e7a<\/h3>\n<\/div>\n<div class=\"flex-btn-div\"><a href=\"https:\/\/mfsincendio.com.br\/?page_id=36\" class=\"btn1 flex-btn\">Ler mais<\/a><\/div>\n","protected":false},"author":1,"featured_media":0,"parent":0,"menu_order":0,"comment_status":"closed","ping_status":"closed","template":"","meta":{"_joinchat":[],"footnotes":""},"class_list":["post-36","page","type-page","status-publish","hentry"],"_links":{"self":[{"href":"https:\/\/mfsincendio.com.br\/index.php?rest_route=\/wp\/v2\/pages\/36","targetHints":{"allow":["GET"]}}],"collection":[{"href":"https:\/\/mfsincendio.com.br\/index.php?rest_route=\/wp\/v2\/pages"}],"about":[{"href":"https:\/\/mfsincendio.com.br\/index.php?rest_route=\/wp\/v2\/types\/page"}],"author":[{"embeddable":true,"href":"https:\/\/mfsincendio.com.br\/index.php?rest_route=\/wp\/v2\/users\/1"}],"replies":[{"embeddable":true,"href":"https:\/\/mfsincendio.com.br\/index.php?rest_route=%2Fwp%2Fv2%2Fcomments&post=36"}],"version-history":[{"count":0,"href":"https:\/\/mfsincendio.com.br\/index.php?rest_route=\/wp\/v2\/pages\/36\/revisions"}],"wp:attachment":[{"href":"https:\/\/mfsincendio.com.br\/index.php?rest_route=%2Fwp%2Fv2%2Fmedia&parent=36"}],"curies":[{"name":"wp","href":"https:\/\/api.w.org\/{rel}","templated":true}]}}