{"id":42,"date":"2018-09-14T18:23:44","date_gmt":"2018-09-14T18:23:44","guid":{"rendered":"http:\/\/ligadonanet.com.br\/mfs\/?page_id=42"},"modified":"2018-09-14T18:23:44","modified_gmt":"2018-09-14T18:23:44","slug":"distribuidores-de-extintores","status":"publish","type":"page","link":"https:\/\/mfsincendio.com.br\/?page_id=42","title":{"rendered":"Distribuidores de extintores"},"content":{"rendered":"<ul class=\"gallery\">\n<li><a class=\"lightbox\" title=\"Distribuidores de extintores\" href=\"http:\/\/www.mfsincendio.com.br\/imagens\/informacoes\/distribuidores-extintores-01.jpg\" data-fancybox=\"group1\" data-caption=\"Distribuidores de extintores\"><img decoding=\"async\" title=\"Distribuidores de extintores\" src=\"http:\/\/www.mfsincendio.com.br\/imagens\/informacoes\/\/distribuidores-extintores-01.jpg\" alt=\"Distribuidores de extintores\" \/><\/a><\/li>\n<li><a class=\"lightbox\" title=\"Distribuidores de extintores\" href=\"http:\/\/www.mfsincendio.com.br\/imagens\/informacoes\/distribuidores-extintores-02.jpg\" data-fancybox=\"group1\" data-caption=\"Distribuidores de extintores\"><img decoding=\"async\" title=\"Distribuidores de extintores\" src=\"http:\/\/www.mfsincendio.com.br\/imagens\/informacoes\/\/distribuidores-extintores-02.jpg\" alt=\"Distribuidores de extintores\" \/><\/a><\/li>\n<li><a class=\"lightbox\" title=\"Distribuidores de extintores\" href=\"http:\/\/www.mfsincendio.com.br\/imagens\/informacoes\/distribuidores-extintores-03.jpg\" data-fancybox=\"group1\" data-caption=\"Distribuidores de extintores\"><img decoding=\"async\" title=\"Distribuidores de extintores\" src=\"http:\/\/www.mfsincendio.com.br\/imagens\/informacoes\/\/distribuidores-extintores-03.jpg\" alt=\"Distribuidores de extintores\" \/><\/a><\/li>\n<\/ul>\n<p class=\"alerta\">Clique nas imagens para ampliar<\/p>\n<h2>DISTRIBUIDORES DE EXTINTORES: GARANTIA DE SEGURAN\u00c7A<\/h2>\n<p>Contar com\u00a0<strong>distribuidores de extintores<\/strong>\u00a0de inc\u00eandio \u00e9 a garantia de contar com um dos mais conhecidos e eficientes equipamentos de combate a inc\u00eandio. Esses extintores s\u00e3o itens de presen\u00e7a obrigat\u00f3ria nos mais diversos locais, tanto em f\u00e1bricas e com\u00e9rcios como tamb\u00e9m em autom\u00f3veis em geral. Essa obrigatoriedade ocorre gra\u00e7as \u00e0 efici\u00eancia do equipamento no controle de poss\u00edveis princ\u00edpios de inc\u00eandio. Por isso, \u00e9 fundamental uma parceria com\u00a0<strong>distribuidores de extintores<\/strong>, visto que esses parceiros est\u00e3o preparados para oferecer os mais modernos e qualificados itens.<\/p>\n<p>Os extintores, portanto, est\u00e3o entre os mais populares equipamentos voltados para o combate de inc\u00eandios. Esses itens est\u00e3o presentes nos mais diversos meios comerciais, por isso \u00e9 cada vez mais comum que novos\u00a0<strong>distribuidores de extintores<\/strong>\u00a0apare\u00e7am no mercado. Cabe a esses\u00a0<strong>distribuidores de extintores<\/strong>\u00a0oferecerem um equipamento dentro das normas t\u00e9cnicas e reguladoras de seguran\u00e7a, em perfeito estado e dentro da validade. Ou seja, com todos os seus acess\u00f3rios em perfeitas condi\u00e7\u00f5es. Inclusive, \u00e9 interessante considerar que uma das maneiras de analisar a qualidade dos equipamentos ofertados por\u00a0<strong>distribuidores de extintores<\/strong>\u00a0\u00e9 conferir se todos se encontram lacrados.<\/p>\n<h2>VARIEDADE OFERECIDA POR DISTRIBUIDORES DE EXTINTORES<\/h2>\n<p>\u00c9 verdade que frequentemente novos modelos de carga para extintores s\u00e3o desenvolvidos e oferecidos no mercado. Todos com garantia de pleno funcionamento e efici\u00eancia no combate as chamas. Cabe, desta forma, aos\u00a0<strong>distribuidores de extintores<\/strong>\u00a0acompanharem o mercado e sempre oferecerem modernos modelos. Entre os extintores mais utilizados nos dias atuais, podem-se considerar:<\/p>\n<ul class=\"list\">\n<li>Extintor com carga de \u00e1gua;<\/li>\n<li>Extintor com carga de p\u00f3 qu\u00edmico;<\/li>\n<li>Extintor com carga de CO\u00b2;<\/li>\n<li>Extintor com carga \u00e0 base de cloreto de s\u00f3dio.<\/li>\n<\/ul>\n<h2>MFS \u00c9\u00a0 SIN\u00d4NIMO DE PRE\u00c7O JUSTO<\/h2>\n<p>Quando o assunto s\u00e3o equipamentos e sistemas voltados para o combate e preven\u00e7\u00e3o a inc\u00eandios, a MFS \u00e9 a mais indicada empresa, gra\u00e7as \u00e0 ampla experi\u00eancia no setor. A empresa, desde 2009, vem seguindo a miss\u00e3o de garantir excel\u00eancia no atendimento prestado aos seus clientes, sempre com itens de qualidade e contando com os mais especializados profissionais do setor, sem que para isso tenha que alavancar o pre\u00e7o dos seus servi\u00e7os e equipamentos.<\/p>\n<div class=\"more\">\n<h2>Para saber mais sobre Distribuidores de extintores<\/h2>\n<p>Ligue para\u00a0<strong>11 2925-3675<\/strong>\u00a0ou\u00a0<a title=\"Envie um e-mail para MFS\" href=\"http:\/\/www.mfsincendio.com.br\/contato\" rel=\"nofollow\">clique aqui<\/a>\u00a0e entre em contato por email.<\/div>\n","protected":false},"excerpt":{"rendered":"<div class=\"slide-text-bg2\">\n<h3>Clique nas imagens para ampliar DISTRIBUIDORES DE EXTINTORES: GARANTIA DE SEGURAN\u00c7A Contar com\u00a0distribuidores de extintores\u00a0de inc\u00eandio \u00e9 a garantia de<\/h3>\n<\/div>\n<div class=\"flex-btn-div\"><a href=\"https:\/\/mfsincendio.com.br\/?page_id=42\" class=\"btn1 flex-btn\">Ler mais<\/a><\/div>\n","protected":false},"author":1,"featured_media":0,"parent":0,"menu_order":0,"comment_status":"closed","ping_status":"closed","template":"","meta":{"_joinchat":[],"footnotes":""},"class_list":["post-42","page","type-page","status-publish","hentry"],"_links":{"self":[{"href":"https:\/\/mfsincendio.com.br\/index.php?rest_route=\/wp\/v2\/pages\/42","targetHints":{"allow":["GET"]}}],"collection":[{"href":"https:\/\/mfsincendio.com.br\/index.php?rest_route=\/wp\/v2\/pages"}],"about":[{"href":"https:\/\/mfsincendio.com.br\/index.php?rest_route=\/wp\/v2\/types\/page"}],"author":[{"embeddable":true,"href":"https:\/\/mfsincendio.com.br\/index.php?rest_route=\/wp\/v2\/users\/1"}],"replies":[{"embeddable":true,"href":"https:\/\/mfsincendio.com.br\/index.php?rest_route=%2Fwp%2Fv2%2Fcomments&post=42"}],"version-history":[{"count":0,"href":"https:\/\/mfsincendio.com.br\/index.php?rest_route=\/wp\/v2\/pages\/42\/revisions"}],"wp:attachment":[{"href":"https:\/\/mfsincendio.com.br\/index.php?rest_route=%2Fwp%2Fv2%2Fmedia&parent=42"}],"curies":[{"name":"wp","href":"https:\/\/api.w.org\/{rel}","templated":true}]}}