{"id":46,"date":"2018-09-14T18:25:24","date_gmt":"2018-09-14T18:25:24","guid":{"rendered":"http:\/\/ligadonanet.com.br\/mfs\/?page_id=46"},"modified":"2018-09-14T18:25:24","modified_gmt":"2018-09-14T18:25:24","slug":"empresa-de-instalacoes-hidraulicas","status":"publish","type":"page","link":"https:\/\/mfsincendio.com.br\/?page_id=46","title":{"rendered":"Empresa de instala\u00e7\u00f5es hidr\u00e1ulicas"},"content":{"rendered":"<ul class=\"gallery\">\n<li><a class=\"lightbox\" title=\"Empresa de instala\u00e7\u00f5es hidr\u00e1ulicas\" href=\"http:\/\/www.mfsincendio.com.br\/imagens\/informacoes\/empresa-instalacoes-hidraulicas-01.jpg\" data-fancybox=\"group1\" data-caption=\"Empresa de instala\u00e7\u00f5es hidr\u00e1ulicas\"><img decoding=\"async\" title=\"Empresa de instala\u00e7\u00f5es hidr\u00e1ulicas\" src=\"http:\/\/www.mfsincendio.com.br\/imagens\/informacoes\/\/empresa-instalacoes-hidraulicas-01.jpg\" alt=\"Empresa de instala\u00e7\u00f5es hidr\u00e1ulicas\" \/><\/a><\/li>\n<li><a class=\"lightbox\" title=\"Empresa de instala\u00e7\u00f5es hidr\u00e1ulicas\" href=\"http:\/\/www.mfsincendio.com.br\/imagens\/informacoes\/empresa-instalacoes-hidraulicas-02.jpg\" data-fancybox=\"group1\" data-caption=\"Empresa de instala\u00e7\u00f5es hidr\u00e1ulicas\"><img decoding=\"async\" title=\"Empresa de instala\u00e7\u00f5es hidr\u00e1ulicas\" src=\"http:\/\/www.mfsincendio.com.br\/imagens\/informacoes\/\/empresa-instalacoes-hidraulicas-02.jpg\" alt=\"Empresa de instala\u00e7\u00f5es hidr\u00e1ulicas\" \/><\/a><\/li>\n<li><a class=\"lightbox\" title=\"Empresa de instala\u00e7\u00f5es hidr\u00e1ulicas\" href=\"http:\/\/www.mfsincendio.com.br\/imagens\/informacoes\/empresa-instalacoes-hidraulicas-03.jpg\" data-fancybox=\"group1\" data-caption=\"Empresa de instala\u00e7\u00f5es hidr\u00e1ulicas\"><img decoding=\"async\" title=\"Empresa de instala\u00e7\u00f5es hidr\u00e1ulicas\" src=\"http:\/\/www.mfsincendio.com.br\/imagens\/informacoes\/\/empresa-instalacoes-hidraulicas-03.jpg\" alt=\"Empresa de instala\u00e7\u00f5es hidr\u00e1ulicas\" \/><\/a><\/li>\n<\/ul>\n<p class=\"alerta\">Clique nas imagens para ampliar<\/p>\n<h2>O QUE FAZ UMA EMPRESA DE INSTALA\u00c7\u00d5ES HIDR\u00c1ULICAS<\/h2>\n<p>Uma\u00a0<strong>empresa de instala\u00e7\u00f5es hidr\u00e1ulicas<\/strong>\u00a0\u00e9 a respons\u00e1vel, como o pr\u00f3prio nome sup\u00f5e, em realizar toda a idealiza\u00e7\u00e3o, o estudo e desenvolvimento de um projeto de instala\u00e7\u00e3o hidr\u00e1ulica, que s\u00e3o os subsistemas de uma constru\u00e7\u00e3o. Essa instala\u00e7\u00e3o tem o objetivo de realizar a capta\u00e7\u00e3o, a condu\u00e7\u00e3o e o armazenamento de flu\u00eddos diversos no cotidiano de uma edifica\u00e7\u00e3o. Desta forma, a\u00a0<strong>empresa de instala\u00e7\u00f5es hidr\u00e1ulicas<\/strong>\u00a0oferece maior qualidade no dia a dia das constru\u00e7\u00f5es, certificando total funcionalidade \u00e0s instala\u00e7\u00f5es de esgoto, \u00e1gua, g\u00e1s e, inclusive, de \u00e1gua pluvial para o combate a inc\u00eandio. Por esse motivo, \u00e9 fundamental contar com uma\u00a0<strong>empresa de instala\u00e7\u00f5es hidr\u00e1ulicas<\/strong>\u00a0de qualidade quando h\u00e1 a necessidade de realizar manuten\u00e7\u00f5es ou construir uma nova instala\u00e7\u00e3o hidr\u00e1ulica em determinada constru\u00e7\u00e3o.<\/p>\n<p>Quando a\u00a0<strong>empresa de instala\u00e7\u00f5es hidr\u00e1ulicas<\/strong>\u00a0desenvolve, por exemplo, a estrutura de tubula\u00e7\u00f5es voltada para o combate a inc\u00eandios, \u00e9 criada uma instala\u00e7\u00e3o que tem como objetivo conduzir a \u00e1gua at\u00e9 sistemas e equipamentos de combate \u00e0s chamas. Desta forma, no momento de uma emerg\u00eancia, esses itens contam com uma vaz\u00e3o cont\u00ednua de \u00e1gua, o que colabora com o controle do inc\u00eandio de maneira r\u00e1pida, segura e totalmente eficiente. Dentre os diversos equipamentos que podem ser ligados \u00e0s instala\u00e7\u00f5es hidr\u00e1ulicas, est\u00e3o:<\/p>\n<ul class=\"list\">\n<li>Sprinklers;<\/li>\n<li>Sensores de fuma\u00e7a;<\/li>\n<li>Hidrantes de coluna.<\/li>\n<\/ul>\n<h2>GARANTIA DE FUNCIONALIDADE EM UMA EMPRESA DE INSTALA\u00c7\u00d5ES HIDR\u00c1ULICAS<\/h2>\n<p>\u00c9 fundamental quando for necess\u00e1rio contar com uma\u00a0<strong>empresa de instala\u00e7\u00f5es hidr\u00e1ulicas<\/strong>, ter a certeza de que ela tem experi\u00eancia neste servi\u00e7o. Isso porque, com essa comprovada experi\u00eancia, \u00e9 poss\u00edvel garantir uma instala\u00e7\u00e3o totalmente qualificada, resistente e de ampla vida \u00fatil, sem que constantemente sejam necess\u00e1rias manuten\u00e7\u00f5es ou reparos.<\/p>\n<h2>A MFS \u00c9 A MAIS PREPARADA EMPRESA DE INSTALA\u00c7\u00d5ES HIDR\u00c1ULICAS<\/h2>\n<p>A MFS sa\u00ed na frente quando os assuntos s\u00e3o instala\u00e7\u00f5es hidr\u00e1ulicas. E isso ocorre devido \u00e0 experi\u00eancia da empresa no setor, somada \u00e0 qualidade dos equipamentos que a MFS utiliza neste servi\u00e7o e, por fim, \u00e0 m\u00e3o de obra especializada dos funcion\u00e1rios. Assim, \u00e9 garantido um trabalho de alt\u00edssima excel\u00eancia. Por isso, a MFS \u00e9 a empresa mais indicada deste segmento, j\u00e1 que desde 2009 segue garantindo o melhor neg\u00f3cio aos seus clientes.<\/p>\n<div class=\"more\">\n<h2>Para saber mais sobre Empresa de instala\u00e7\u00f5es hidr\u00e1ulicas<\/h2>\n<p>Ligue para\u00a0<strong>11 2925-3675<\/strong>\u00a0ou\u00a0<a title=\"Envie um e-mail para MFS\" href=\"http:\/\/www.mfsincendio.com.br\/contato\" rel=\"nofollow\">clique aqui<\/a>\u00a0e entre em contato por email.<\/div>\n","protected":false},"excerpt":{"rendered":"<div class=\"slide-text-bg2\">\n<h3>Clique nas imagens para ampliar O QUE FAZ UMA EMPRESA DE INSTALA\u00c7\u00d5ES HIDR\u00c1ULICAS Uma\u00a0empresa de instala\u00e7\u00f5es hidr\u00e1ulicas\u00a0\u00e9 a respons\u00e1vel, como<\/h3>\n<\/div>\n<div class=\"flex-btn-div\"><a href=\"https:\/\/mfsincendio.com.br\/?page_id=46\" class=\"btn1 flex-btn\">Ler mais<\/a><\/div>\n","protected":false},"author":1,"featured_media":0,"parent":0,"menu_order":0,"comment_status":"closed","ping_status":"closed","template":"","meta":{"_joinchat":[],"footnotes":""},"class_list":["post-46","page","type-page","status-publish","hentry"],"_links":{"self":[{"href":"https:\/\/mfsincendio.com.br\/index.php?rest_route=\/wp\/v2\/pages\/46","targetHints":{"allow":["GET"]}}],"collection":[{"href":"https:\/\/mfsincendio.com.br\/index.php?rest_route=\/wp\/v2\/pages"}],"about":[{"href":"https:\/\/mfsincendio.com.br\/index.php?rest_route=\/wp\/v2\/types\/page"}],"author":[{"embeddable":true,"href":"https:\/\/mfsincendio.com.br\/index.php?rest_route=\/wp\/v2\/users\/1"}],"replies":[{"embeddable":true,"href":"https:\/\/mfsincendio.com.br\/index.php?rest_route=%2Fwp%2Fv2%2Fcomments&post=46"}],"version-history":[{"count":0,"href":"https:\/\/mfsincendio.com.br\/index.php?rest_route=\/wp\/v2\/pages\/46\/revisions"}],"wp:attachment":[{"href":"https:\/\/mfsincendio.com.br\/index.php?rest_route=%2Fwp%2Fv2%2Fmedia&parent=46"}],"curies":[{"name":"wp","href":"https:\/\/api.w.org\/{rel}","templated":true}]}}