{"id":48,"date":"2018-09-14T18:25:46","date_gmt":"2018-09-14T18:25:46","guid":{"rendered":"http:\/\/ligadonanet.com.br\/mfs\/?page_id=48"},"modified":"2018-09-14T18:25:46","modified_gmt":"2018-09-14T18:25:46","slug":"empresa-de-sistema-de-alarme-de-incendio","status":"publish","type":"page","link":"https:\/\/mfsincendio.com.br\/?page_id=48","title":{"rendered":"Empresa de sistema de alarme de inc\u00eandio"},"content":{"rendered":"<ul class=\"gallery\">\n<li><a class=\"lightbox\" title=\"Empresa de sistema de alarme de inc\u00eandio\" href=\"http:\/\/www.mfsincendio.com.br\/imagens\/informacoes\/empresa-sistema-alarme-incendio-01.jpg\" data-fancybox=\"group1\" data-caption=\"Empresa de sistema de alarme de inc\u00eandio\"><img decoding=\"async\" title=\"Empresa de sistema de alarme de inc\u00eandio\" src=\"http:\/\/www.mfsincendio.com.br\/imagens\/informacoes\/\/empresa-sistema-alarme-incendio-01.jpg\" alt=\"Empresa de sistema de alarme de inc\u00eandio\" \/><\/a><\/li>\n<li><a class=\"lightbox\" title=\"Empresa de sistema de alarme de inc\u00eandio\" href=\"http:\/\/www.mfsincendio.com.br\/imagens\/informacoes\/empresa-sistema-alarme-incendio-02.jpg\" data-fancybox=\"group1\" data-caption=\"Empresa de sistema de alarme de inc\u00eandio\"><img decoding=\"async\" title=\"Empresa de sistema de alarme de inc\u00eandio\" src=\"http:\/\/www.mfsincendio.com.br\/imagens\/informacoes\/\/empresa-sistema-alarme-incendio-02.jpg\" alt=\"Empresa de sistema de alarme de inc\u00eandio\" \/><\/a><\/li>\n<li><a class=\"lightbox\" title=\"Empresa de sistema de alarme de inc\u00eandio\" href=\"http:\/\/www.mfsincendio.com.br\/imagens\/informacoes\/empresa-sistema-alarme-incendio-03.jpg\" data-fancybox=\"group1\" data-caption=\"Empresa de sistema de alarme de inc\u00eandio\"><img decoding=\"async\" title=\"Empresa de sistema de alarme de inc\u00eandio\" src=\"http:\/\/www.mfsincendio.com.br\/imagens\/informacoes\/\/empresa-sistema-alarme-incendio-03.jpg\" alt=\"Empresa de sistema de alarme de inc\u00eandio\" \/><\/a><\/li>\n<\/ul>\n<p class=\"alerta\">Clique nas imagens para ampliar<\/p>\n<h2>EQUIPAMENTOS ENDERE\u00c7\u00c1VEIS FORNECIDOS PELA EMPRESA DE SISTEMA DE ALARME DE INC\u00caNDIO<\/h2>\n<p>Sistemas de alarme de inc\u00eandio s\u00e3o respons\u00e1veis por emitir alertas em ocorr\u00eancias de inc\u00eandios em uma edifica\u00e7\u00e3o. Indispens\u00e1veis para qualquer projeto de seguran\u00e7a, os produtos comercializados e instalados por uma\u00a0<strong>empresa de sistema de alarme de inc\u00eandio<\/strong>\u00a0evitam que o p\u00fablico presente, em uma edifica\u00e7\u00e3o, demore a tomar conhecimento a respeito de um inc\u00eandio no local.<\/p>\n<p>Um dos tipos de alarmes que conta com tecnologia mais avan\u00e7ada \u00e9 o sistema do tipo endere\u00e7\u00e1vel. Os equipamentos fornecidos pela\u00a0<strong>empresa de sistema de alarme de inc\u00eandio<\/strong>\u00a0apresentam grande prontid\u00e3o em seu acionamento, o que garante que as pessoas presentes no local tenham maiores chances de uma evacua\u00e7\u00e3o cautelosa e segura, reduzindo os riscos apresentados pelo inc\u00eandio. Devido \u00e0 sua extrema precis\u00e3o, o sistema de alarme de inc\u00eandio endere\u00e7\u00e1vel auxilia tamb\u00e9m no combate ao fogo, indicando poss\u00edveis focos de surgimento das chamas.<\/p>\n<h2>A TECNOLOGIA DO SISTEMA DE ALARME ENDERE\u00c7\u00c1VEL<\/h2>\n<p>Destaque entre os equipamentos ofertados pela\u00a0<strong>empresa de sistema de alarme de inc\u00eandio<\/strong>, os sistemas endere\u00e7\u00e1veis apresentam:<\/p>\n<ul class=\"list\">\n<li>Capacidade para a indica\u00e7\u00e3o precisa do local de in\u00edcio do inc\u00eandio;<\/li>\n<li>Execu\u00e7\u00e3o cont\u00ednua de monitoramento do local;<\/li>\n<li>Capacidade de armazenamento de sinais;<\/li>\n<li>Possibilidade de atua\u00e7\u00e3o com diferentes tipos de acionadores.<\/li>\n<\/ul>\n<p>A denomina\u00e7\u00e3o dada ao sistema deve-se \u00e0 sua capacidade de fornecer informa\u00e7\u00f5es precisas a respeito do local onde o alarme de inc\u00eandio foi acionado. Contando com interface digital, microprocessador e detectores endere\u00e7ados por c\u00f3digos, o sistema possui condi\u00e7\u00f5es de identificar qual dos detectores recebeu sinais indicativos da ocorr\u00eancia de inc\u00eandio. Com essa tecnologia, o conjunto fornecido pela\u00a0<strong>empresa de sistema de alarme de inc\u00eandio<\/strong>\u00a0contribui para que o Corpo de Bombeiros identifique o foco das chamas e suas prov\u00e1veis causas.<\/p>\n<h2>EMPRESA DE SISTEMA DE ALARME DE INC\u00caNDIO COM VARIEDADE DE OP\u00c7\u00d5ES<\/h2>\n<p>A variedade de equipamentos dispon\u00edveis na linha de produtos da MFS contribui para que os sistemas fornecidos correspondam \u00e0s necessidades do empreendimento atendido. As op\u00e7\u00f5es oferecidas pela\u00a0<strong>empresa de sistema de alarme de inc\u00eandio<\/strong>\u00a0incluem equipamentos de acionamento diversos. Os modelos apresentam sensores capacitados para a detec\u00e7\u00e3o de fuma\u00e7a, calor ou chama. Isso contribui para que os equipamentos selecionados para a composi\u00e7\u00e3o do sistema de seguran\u00e7a atendam \u00e0s caracter\u00edsticas estruturais da edifica\u00e7\u00e3o e ao tipo de atividade desenvolvida no local.<\/p>\n<div class=\"more\">\n<h2>Para saber mais sobre Empresa de sistema de alarme de inc\u00eandio<\/h2>\n<p>Ligue para\u00a0<strong>11 2925-3675<\/strong>\u00a0ou\u00a0<a title=\"Envie um e-mail para MFS\" href=\"http:\/\/www.mfsincendio.com.br\/contato\" rel=\"nofollow\">clique aqui<\/a>\u00a0e entre em contato por email.<\/div>\n","protected":false},"excerpt":{"rendered":"<div class=\"slide-text-bg2\">\n<h3>Clique nas imagens para ampliar EQUIPAMENTOS ENDERE\u00c7\u00c1VEIS FORNECIDOS PELA EMPRESA DE SISTEMA DE ALARME DE INC\u00caNDIO Sistemas de alarme de<\/h3>\n<\/div>\n<div class=\"flex-btn-div\"><a href=\"https:\/\/mfsincendio.com.br\/?page_id=48\" class=\"btn1 flex-btn\">Ler mais<\/a><\/div>\n","protected":false},"author":1,"featured_media":0,"parent":0,"menu_order":0,"comment_status":"closed","ping_status":"closed","template":"","meta":{"_joinchat":[],"footnotes":""},"class_list":["post-48","page","type-page","status-publish","hentry"],"_links":{"self":[{"href":"https:\/\/mfsincendio.com.br\/index.php?rest_route=\/wp\/v2\/pages\/48","targetHints":{"allow":["GET"]}}],"collection":[{"href":"https:\/\/mfsincendio.com.br\/index.php?rest_route=\/wp\/v2\/pages"}],"about":[{"href":"https:\/\/mfsincendio.com.br\/index.php?rest_route=\/wp\/v2\/types\/page"}],"author":[{"embeddable":true,"href":"https:\/\/mfsincendio.com.br\/index.php?rest_route=\/wp\/v2\/users\/1"}],"replies":[{"embeddable":true,"href":"https:\/\/mfsincendio.com.br\/index.php?rest_route=%2Fwp%2Fv2%2Fcomments&post=48"}],"version-history":[{"count":0,"href":"https:\/\/mfsincendio.com.br\/index.php?rest_route=\/wp\/v2\/pages\/48\/revisions"}],"wp:attachment":[{"href":"https:\/\/mfsincendio.com.br\/index.php?rest_route=%2Fwp%2Fv2%2Fmedia&parent=48"}],"curies":[{"name":"wp","href":"https:\/\/api.w.org\/{rel}","templated":true}]}}