{"id":52,"date":"2018-09-14T18:44:19","date_gmt":"2018-09-14T18:44:19","guid":{"rendered":"http:\/\/ligadonanet.com.br\/mfs\/?page_id=52"},"modified":"2018-09-14T18:44:19","modified_gmt":"2018-09-14T18:44:19","slug":"equipamentos-contra-incendios","status":"publish","type":"page","link":"https:\/\/mfsincendio.com.br\/?page_id=52","title":{"rendered":"Equipamentos contra inc\u00eandios"},"content":{"rendered":"<ul class=\"gallery\">\n<li><a class=\"lightbox\" title=\"Equipamentos contra inc\u00eandios\" href=\"http:\/\/www.mfsincendio.com.br\/imagens\/informacoes\/equipamentos-incendios-01.jpg\" data-fancybox=\"group1\" data-caption=\"Equipamentos contra inc\u00eandios\"><img decoding=\"async\" title=\"Equipamentos contra inc\u00eandios\" src=\"http:\/\/www.mfsincendio.com.br\/imagens\/informacoes\/\/equipamentos-incendios-01.jpg\" alt=\"Equipamentos contra inc\u00eandios\" \/><\/a><\/li>\n<li><a class=\"lightbox\" title=\"Equipamentos contra inc\u00eandios\" href=\"http:\/\/www.mfsincendio.com.br\/imagens\/informacoes\/equipamentos-incendios-02.jpg\" data-fancybox=\"group1\" data-caption=\"Equipamentos contra inc\u00eandios\"><img decoding=\"async\" title=\"Equipamentos contra inc\u00eandios\" src=\"http:\/\/www.mfsincendio.com.br\/imagens\/informacoes\/\/equipamentos-incendios-02.jpg\" alt=\"Equipamentos contra inc\u00eandios\" \/><\/a><\/li>\n<li><a class=\"lightbox\" title=\"Equipamentos contra inc\u00eandios\" href=\"http:\/\/www.mfsincendio.com.br\/imagens\/informacoes\/equipamentos-incendios-03.jpg\" data-fancybox=\"group1\" data-caption=\"Equipamentos contra inc\u00eandios\"><img decoding=\"async\" title=\"Equipamentos contra inc\u00eandios\" src=\"http:\/\/www.mfsincendio.com.br\/imagens\/informacoes\/\/equipamentos-incendios-03.jpg\" alt=\"Equipamentos contra inc\u00eandios\" \/><\/a><\/li>\n<\/ul>\n<p class=\"alerta\">Clique nas imagens para ampliar<\/p>\n<h2>EQUIPAMENTOS CONTRA INC\u00caNDIOS DE PROCED\u00caNCIA NACIONAL E IMPORTADA<\/h2>\n<p>H\u00e1 quase 10 anos, a MFS, empresa de\u00a0<strong>equipamentos contra inc\u00eandios<\/strong>, atua no mercado, prevenindo algum tipo de incidente, com solu\u00e7\u00e3o eficaz. Diante essa premissa, os\u00a0<strong>equipamentos contra inc\u00eandios<\/strong>\u00a0combatem acidentes. A MFS, empresa fornecedora de\u00a0<strong>equipamentos contra inc\u00eandios<\/strong>, tem a preocupa\u00e7\u00e3o de realizar parcerias com as mais conceituadas marcas nacionais e importadas, garantindo a seguran\u00e7a de seus clientes. O compromisso da MFS, empresa fornecedora de\u00a0<strong>equipamentos contra inc\u00eandios<\/strong>, \u00e9 o de oferecer efici\u00eancia.<\/p>\n<p>A MFS \u00e9 uma empresa especializada em equipamentos contra inc\u00eandios e presta\u00e7\u00e3o de servi\u00e7os nesse setor que est\u00e1 em constante aprimoramento e aplica\u00e7\u00e3o de seguran\u00e7a, seguindo a norma ABNT. Caso haja a necessidade de projetos especiais, os profissionais da MFS est\u00e3o prontos a oferecer os mais complexos e seguros neg\u00f3cios, garantindo tamb\u00e9m produtos feito sob medida (nesse caso o prazo de entrega \u00e9 alterado para em torno de at\u00e9 15 dias para sua confec\u00e7\u00e3o e o produto pode ser retirado na empresa ou h\u00e1 entrega em domic\u00edlio).<\/p>\n<h2>EQUIPAMENTOS CONTRA INC\u00caNDIOS MFS<\/h2>\n<p>Contando com profissionais experientes e especialistas, como engenheiro e projetista, a MFS empresa de\u00a0<strong>equipamentos contra inc\u00eandios<\/strong>\u00a0garante qualidade nos produtos comercializados. Com os melhores fabricantes do mercado em\u00a0<strong>equipamentos contra inc\u00eandios<\/strong>, a MFS oferece aos clientes os mais seguros produtos. A MFS oferece tamb\u00e9m presta\u00e7\u00e3o de servi\u00e7os que podem ser contratados mensalmente. Al\u00e9m disso, a empresa disponibiliza a op\u00e7\u00e3o de retirada de todos os produtos na pr\u00f3pria empresa ou h\u00e1 a entrega em domic\u00edlio. A MFS oferece ainda pre\u00e7o justo para seus produtos com op\u00e7\u00f5es de pagamento flex\u00edveis.<\/p>\n<p>A seguir alguns dos produtos fornecidos pela empresa MFS, de proced\u00eancia nacional e importada:<\/p>\n<ul class=\"list\">\n<li>Colunas de hidrante;<\/li>\n<li>V\u00e1lvulas de governo;<\/li>\n<li>Registro de recalque;<\/li>\n<li>Portas corta-fogo;<\/li>\n<li>Abrigos em inox;<\/li>\n<li>Bombas de inc\u00eandio.<\/li>\n<\/ul>\n<h2>MFS GARANTE ENTREGAS PONTUAIS<\/h2>\n<p>A MFS \u00e9 especializada em sistema contra inc\u00eandios e foi fundada em 2009 e est\u00e1 sediada na cidade de S\u00e3o Paulo. A empresa oferece servi\u00e7os por todo o estado de S\u00e3o Paulo, garantindo agilidade atrav\u00e9s de sua localiza\u00e7\u00e3o privilegiada. Todos os produtos oferecidos s\u00e3o entregues dentro do prazo estipulado, com garantia e seguran\u00e7a.<\/p>\n<div class=\"more\">\n<h2>Para saber mais sobre Equipamentos contra inc\u00eandios<\/h2>\n<p>Ligue para\u00a0<strong>11 2925-3675<\/strong>\u00a0ou\u00a0<a title=\"Envie um e-mail para MFS\" href=\"http:\/\/www.mfsincendio.com.br\/contato\" rel=\"nofollow\">clique aqui<\/a>\u00a0e entre em contato por email.<\/div>\n","protected":false},"excerpt":{"rendered":"<div class=\"slide-text-bg2\">\n<h3>Clique nas imagens para ampliar EQUIPAMENTOS CONTRA INC\u00caNDIOS DE PROCED\u00caNCIA NACIONAL E IMPORTADA H\u00e1 quase 10 anos, a MFS, empresa<\/h3>\n<\/div>\n<div class=\"flex-btn-div\"><a href=\"https:\/\/mfsincendio.com.br\/?page_id=52\" class=\"btn1 flex-btn\">Ler mais<\/a><\/div>\n","protected":false},"author":1,"featured_media":0,"parent":0,"menu_order":0,"comment_status":"closed","ping_status":"closed","template":"","meta":{"_joinchat":[],"footnotes":""},"class_list":["post-52","page","type-page","status-publish","hentry"],"_links":{"self":[{"href":"https:\/\/mfsincendio.com.br\/index.php?rest_route=\/wp\/v2\/pages\/52","targetHints":{"allow":["GET"]}}],"collection":[{"href":"https:\/\/mfsincendio.com.br\/index.php?rest_route=\/wp\/v2\/pages"}],"about":[{"href":"https:\/\/mfsincendio.com.br\/index.php?rest_route=\/wp\/v2\/types\/page"}],"author":[{"embeddable":true,"href":"https:\/\/mfsincendio.com.br\/index.php?rest_route=\/wp\/v2\/users\/1"}],"replies":[{"embeddable":true,"href":"https:\/\/mfsincendio.com.br\/index.php?rest_route=%2Fwp%2Fv2%2Fcomments&post=52"}],"version-history":[{"count":0,"href":"https:\/\/mfsincendio.com.br\/index.php?rest_route=\/wp\/v2\/pages\/52\/revisions"}],"wp:attachment":[{"href":"https:\/\/mfsincendio.com.br\/index.php?rest_route=%2Fwp%2Fv2%2Fmedia&parent=52"}],"curies":[{"name":"wp","href":"https:\/\/api.w.org\/{rel}","templated":true}]}}