{"id":60,"date":"2018-09-14T18:52:03","date_gmt":"2018-09-14T18:52:03","guid":{"rendered":"http:\/\/ligadonanet.com.br\/mfs\/?page_id=60"},"modified":"2018-09-14T18:52:03","modified_gmt":"2018-09-14T18:52:03","slug":"fm-200-sistema-contra-incendio","status":"publish","type":"page","link":"https:\/\/mfsincendio.com.br\/?page_id=60","title":{"rendered":"Fm 200 sistema contra inc\u00eandio"},"content":{"rendered":"<ul class=\"gallery\">\n<li><a class=\"lightbox\" title=\"Fm 200 sistema contra inc\u00eandio\" href=\"http:\/\/www.mfsincendio.com.br\/imagens\/informacoes\/fm-200-sistema-incendio-01.jpg\" data-fancybox=\"group1\" data-caption=\"Fm 200 sistema contra inc\u00eandio\"><img decoding=\"async\" title=\"Fm 200 sistema contra inc\u00eandio\" src=\"http:\/\/www.mfsincendio.com.br\/imagens\/informacoes\/\/fm-200-sistema-incendio-01.jpg\" alt=\"Fm 200 sistema contra inc\u00eandio\" \/><\/a><\/li>\n<li><a class=\"lightbox\" title=\"Fm 200 sistema contra inc\u00eandio\" href=\"http:\/\/www.mfsincendio.com.br\/imagens\/informacoes\/fm-200-sistema-incendio-02.jpg\" data-fancybox=\"group1\" data-caption=\"Fm 200 sistema contra inc\u00eandio\"><img decoding=\"async\" title=\"Fm 200 sistema contra inc\u00eandio\" src=\"http:\/\/www.mfsincendio.com.br\/imagens\/informacoes\/\/fm-200-sistema-incendio-02.jpg\" alt=\"Fm 200 sistema contra inc\u00eandio\" \/><\/a><\/li>\n<li><a class=\"lightbox\" title=\"Fm 200 sistema contra inc\u00eandio\" href=\"http:\/\/www.mfsincendio.com.br\/imagens\/informacoes\/fm-200-sistema-incendio-03.jpg\" data-fancybox=\"group1\" data-caption=\"Fm 200 sistema contra inc\u00eandio\"><img decoding=\"async\" title=\"Fm 200 sistema contra inc\u00eandio\" src=\"http:\/\/www.mfsincendio.com.br\/imagens\/informacoes\/\/fm-200-sistema-incendio-03.jpg\" alt=\"Fm 200 sistema contra inc\u00eandio\" \/><\/a><\/li>\n<\/ul>\n<p class=\"alerta\">Clique nas imagens para ampliar<\/p>\n<h2>FM 200 SISTEMA CONTRA INC\u00caNDIO EFICAZ E SEGURO<\/h2>\n<p>O FM 200 sistema contra inc\u00eandio \u00e9 um sistema para extinguir inc\u00eandios das classes A, B e C. \u00c9 um g\u00e1s inerte, n\u00e3o corrosivo que n\u00e3o reage a maioria das subst\u00e2ncias, mas reage quimicamente aos radicais livres da chama, fazendo com que ela se esfrie e o inc\u00eandio seja combatido de forma r\u00e1pida.<\/p>\n<p>O FM 200 sistema contra inc\u00eandio \u00e9 formado por uma rede de tubula\u00e7\u00f5es de a\u00e7o, que possui uma v\u00e1lvula acionada automaticamente pela detec\u00e7\u00e3o de inc\u00eandio, assim o g\u00e1s \u00e9 liberado no ambiente ao combater as chamas. Pode ser utilizado em lugares habitados, pois n\u00e3o se trata de um g\u00e1s t\u00f3xico ou nocivo ao ser humano, al\u00e9m de causar baixo impacto ao meio ambiente.<\/p>\n<p>Al\u00e9m disso, a quantidade de cilindros utilizados no armazenamento do g\u00e1s tamb\u00e9m \u00e9 menor, minimizando indiretamente os nocivos efeitos no aquecimento global, gerados durante a fabrica\u00e7\u00e3o desses equipamentos.<\/p>\n<h2>FM 200 SISTEMA CONTRA INC\u00caNDIO MAIS PROCURADO DO MERCADO<\/h2>\n<p>A MFS oferece o FM 200 sistema contra inc\u00eandio, considerado um dos mais seguros sistemas de combate a inc\u00eandio, mundialmente reconhecido e utilizado, com a garantia de uma boa instala\u00e7\u00e3o. Os profissionais respons\u00e1veis pela m\u00e3o de obra s\u00e3o capacitados na \u00e1rea com qualifica\u00e7\u00e3o t\u00e9cnica.<\/p>\n<h2>A MFS realiza a instala\u00e7\u00e3o deste sistema principalmente em:<\/h2>\n<ul class=\"list\">\n<li>Data centers;<\/li>\n<li>Salas cofre;<\/li>\n<li>Centros de computa\u00e7\u00e3o e controle;<\/li>\n<li>Salas de servidores;<\/li>\n<li>Salas de telecomunica\u00e7\u00f5es.<\/li>\n<\/ul>\n<p>Tamb\u00e9m pode ser utilizado em bibliotecas, fitotecas e museus.<\/p>\n<h2>EXPERI\u00caNCIA DE MERCADO QUE GARANTE A QUALIDADE<\/h2>\n<p>A MFS possui uma experi\u00eancia de mercado h\u00e1 quase dez anos, este diferencial proporciona aos clientes a certeza de um servi\u00e7o prestado por profissionais competentes no ramo e especializados nos produtos que oferecem.<\/p>\n<p>Para instala\u00e7\u00e3o de sistemas como o FM 200 sistema contra inc\u00eandio, \u00e9 agendada a visita de um projetista t\u00e9cnico, que vistoria o local e desenvolve o projeto de instala\u00e7\u00e3o seguindo as normas da ABNT.<\/p>\n<p>Al\u00e9m do FM 200 sistema contra inc\u00eandio, a MFS trabalha com a venda de hidrantes, sprinklers, mangueira de inc\u00eandio, v\u00e1lvulas de hidrantes e instala\u00e7\u00e3o de demais tipos de sistema de preven\u00e7\u00e3o de inc\u00eandio. Para pe\u00e7as e produtos, a MFS oferece entrega ou o cliente pode retirar na loja.<\/p>\n<div class=\"more\">\n<h2>Para saber mais sobre Fm 200 sistema contra inc\u00eandio<\/h2>\n<p>Ligue para\u00a0<strong>11 2925-3675<\/strong>\u00a0ou\u00a0<a title=\"Envie um e-mail para MFS\" href=\"http:\/\/www.mfsincendio.com.br\/contato\" rel=\"nofollow\">clique aqui<\/a>\u00a0e entre em contato por email.<\/div>\n","protected":false},"excerpt":{"rendered":"<div class=\"slide-text-bg2\">\n<h3>Clique nas imagens para ampliar FM 200 SISTEMA CONTRA INC\u00caNDIO EFICAZ E SEGURO O FM 200 sistema contra inc\u00eandio \u00e9<\/h3>\n<\/div>\n<div class=\"flex-btn-div\"><a href=\"https:\/\/mfsincendio.com.br\/?page_id=60\" class=\"btn1 flex-btn\">Ler mais<\/a><\/div>\n","protected":false},"author":1,"featured_media":0,"parent":0,"menu_order":0,"comment_status":"closed","ping_status":"closed","template":"","meta":{"_joinchat":[],"footnotes":""},"class_list":["post-60","page","type-page","status-publish","hentry"],"_links":{"self":[{"href":"https:\/\/mfsincendio.com.br\/index.php?rest_route=\/wp\/v2\/pages\/60","targetHints":{"allow":["GET"]}}],"collection":[{"href":"https:\/\/mfsincendio.com.br\/index.php?rest_route=\/wp\/v2\/pages"}],"about":[{"href":"https:\/\/mfsincendio.com.br\/index.php?rest_route=\/wp\/v2\/types\/page"}],"author":[{"embeddable":true,"href":"https:\/\/mfsincendio.com.br\/index.php?rest_route=\/wp\/v2\/users\/1"}],"replies":[{"embeddable":true,"href":"https:\/\/mfsincendio.com.br\/index.php?rest_route=%2Fwp%2Fv2%2Fcomments&post=60"}],"version-history":[{"count":0,"href":"https:\/\/mfsincendio.com.br\/index.php?rest_route=\/wp\/v2\/pages\/60\/revisions"}],"wp:attachment":[{"href":"https:\/\/mfsincendio.com.br\/index.php?rest_route=%2Fwp%2Fv2%2Fmedia&parent=60"}],"curies":[{"name":"wp","href":"https:\/\/api.w.org\/{rel}","templated":true}]}}