{"id":62,"date":"2018-09-14T18:54:45","date_gmt":"2018-09-14T18:54:45","guid":{"rendered":"http:\/\/ligadonanet.com.br\/mfs\/?page_id=62"},"modified":"2018-09-14T18:54:45","modified_gmt":"2018-09-14T18:54:45","slug":"fornecedor-de-detector-de-fumaca","status":"publish","type":"page","link":"https:\/\/mfsincendio.com.br\/?page_id=62","title":{"rendered":"Fornecedor de detector de fuma\u00e7a"},"content":{"rendered":"<ul class=\"gallery\">\n<li><a class=\"lightbox\" title=\"Fornecedor de detector de fuma\u00e7a\" href=\"http:\/\/www.mfsincendio.com.br\/imagens\/informacoes\/fornecedor-detector-fumaca-01.jpg\" data-fancybox=\"group1\" data-caption=\"Fornecedor de detector de fuma\u00e7a\"><img decoding=\"async\" title=\"Fornecedor de detector de fuma\u00e7a\" src=\"http:\/\/www.mfsincendio.com.br\/imagens\/informacoes\/\/fornecedor-detector-fumaca-01.jpg\" alt=\"Fornecedor de detector de fuma\u00e7a\" \/><\/a><\/li>\n<li><a class=\"lightbox\" title=\"Fornecedor de detector de fuma\u00e7a\" href=\"http:\/\/www.mfsincendio.com.br\/imagens\/informacoes\/fornecedor-detector-fumaca-02.jpg\" data-fancybox=\"group1\" data-caption=\"Fornecedor de detector de fuma\u00e7a\"><img decoding=\"async\" title=\"Fornecedor de detector de fuma\u00e7a\" src=\"http:\/\/www.mfsincendio.com.br\/imagens\/informacoes\/\/fornecedor-detector-fumaca-02.jpg\" alt=\"Fornecedor de detector de fuma\u00e7a\" \/><\/a><\/li>\n<li><a class=\"lightbox\" title=\"Fornecedor de detector de fuma\u00e7a\" href=\"http:\/\/www.mfsincendio.com.br\/imagens\/informacoes\/fornecedor-detector-fumaca-03.jpg\" data-fancybox=\"group1\" data-caption=\"Fornecedor de detector de fuma\u00e7a\"><img decoding=\"async\" title=\"Fornecedor de detector de fuma\u00e7a\" src=\"http:\/\/www.mfsincendio.com.br\/imagens\/informacoes\/\/fornecedor-detector-fumaca-03.jpg\" alt=\"Fornecedor de detector de fuma\u00e7a\" \/><\/a><\/li>\n<\/ul>\n<p class=\"alerta\">Clique nas imagens para ampliar<\/p>\n<h2>MFS \u2013 EMPRESA ATUANTE COMO FORNECEDOR DE DETECTOR DE FUMA\u00c7A<\/h2>\n<p>Detectores de fuma\u00e7a s\u00e3o aparelhos ligados a sistemas de combate a inc\u00eandio. Sens\u00edveis \u00e0 presen\u00e7a de fuma\u00e7a, os detectores s\u00e3o respons\u00e1veis por acionar sistemas de alarmes ou sprinklers em casos de ocorr\u00eancia de inc\u00eandios no local.<\/p>\n<p>Os produtos oferecidos pelo\u00a0<strong>fornecedor de detector de fuma\u00e7a<\/strong>\u00a0se dividem em dois tipos, os detectores i\u00f4nicos e os detectores fotoel\u00e9tricos. O modelo i\u00f4nico utiliza um material radioativo chamado amer\u00edcio-241 para a realiza\u00e7\u00e3o de ioniza\u00e7\u00e3o das part\u00edculas de ar no interior do aparelho; quando h\u00e1 a presen\u00e7a de fuma\u00e7a no ambiente, a ioniza\u00e7\u00e3o \u00e9 interrompida, fazendo com que o aparelho emita o alarme de inc\u00eandio. J\u00e1 o modelo fotoel\u00e9trico utiliza raios luminosos que atravessam o ambiente; quando a passagem de fuma\u00e7a interfere na transmiss\u00e3o de luz, o aparelho emite sinais para o acionamento do alarme.<\/p>\n<h2>IMPORT\u00c2NCIA DOS DETECTORES DE FUMA\u00c7A NOS PROJETOS DE COMBATE A INC\u00caNDIOS<\/h2>\n<p>A MFS, empresa que atua como fornecedor de detector de fuma\u00e7a, disponibiliza produtos aptos a:<\/p>\n<ul class=\"list\">\n<li>Possibilitar o acionamento autom\u00e1tico dos demais sistemas contra inc\u00eandios;<\/li>\n<li>Garantir a precis\u00e3o da detec\u00e7\u00e3o de inc\u00eandios;<\/li>\n<li>Agilizar o acionamento dos sistemas.<\/li>\n<\/ul>\n<p>Os equipamentos oferecidos pelo\u00a0<strong>fornecedor de detector de fuma\u00e7a<\/strong>\u00a0contribuem para um projeto de combate a inc\u00eandio porque garante que a edifica\u00e7\u00e3o esteja sob monitoramento constante. Mesmo n\u00e3o havendo pessoas presentes no im\u00f3vel durante a ocorr\u00eancia do inc\u00eandio, o sistema de detec\u00e7\u00e3o de fuma\u00e7a se mant\u00e9m ativo, garantindo que o Corpo de Bombeiros seja acionado de modo \u00e1gil.<\/p>\n<h2>ATENDIMENTO DO FORNECEDOR DE DETECTOR DE FUMA\u00c7A<\/h2>\n<p>Como\u00a0<strong>fornecedor de detector de fuma\u00e7a<\/strong>, a MFS trabalha com equipamentos de diversas marcas, apresentando uma completa linha que conta com produtos nacionais e importados. Todos os equipamentos e produtos apresentam os requisitos solicitados pelas normas de prote\u00e7\u00e3o contra inc\u00eandio, garantindo a seguran\u00e7a da edifica\u00e7\u00e3o e a devida regulamenta\u00e7\u00e3o do empreendimento.<\/p>\n<p>Prestando atendimento a todo o territ\u00f3rio nacional, a empresa oferece duas formas de entrega: a entrega realizada pelo pr\u00f3prio\u00a0<strong>fornecedor de detector de fuma\u00e7a<\/strong>\u00a0e a retirada dos produtos diretamente no escrit\u00f3rio da MFS. As formas de entrega s\u00e3o estipuladas mediante acordos pr\u00e9vios, garantindo que a aquisi\u00e7\u00e3o dos sistemas e equipamentos ocorra da maneira mais conveniente para as necessidades do cliente.<\/p>\n<div class=\"more\">\n<h2>Para saber mais sobre Fornecedor de detector de fuma\u00e7a<\/h2>\n<p>Ligue para\u00a0<strong>11 2925-3675<\/strong>\u00a0ou\u00a0<a title=\"Envie um e-mail para MFS\" href=\"http:\/\/www.mfsincendio.com.br\/contato\" rel=\"nofollow\">clique aqui<\/a>\u00a0e entre em contato por email.<\/div>\n","protected":false},"excerpt":{"rendered":"<div class=\"slide-text-bg2\">\n<h3>Clique nas imagens para ampliar MFS \u2013 EMPRESA ATUANTE COMO FORNECEDOR DE DETECTOR DE FUMA\u00c7A Detectores de fuma\u00e7a s\u00e3o aparelhos<\/h3>\n<\/div>\n<div class=\"flex-btn-div\"><a href=\"https:\/\/mfsincendio.com.br\/?page_id=62\" class=\"btn1 flex-btn\">Ler mais<\/a><\/div>\n","protected":false},"author":1,"featured_media":0,"parent":0,"menu_order":0,"comment_status":"closed","ping_status":"closed","template":"","meta":{"_joinchat":[],"footnotes":""},"class_list":["post-62","page","type-page","status-publish","hentry"],"_links":{"self":[{"href":"https:\/\/mfsincendio.com.br\/index.php?rest_route=\/wp\/v2\/pages\/62","targetHints":{"allow":["GET"]}}],"collection":[{"href":"https:\/\/mfsincendio.com.br\/index.php?rest_route=\/wp\/v2\/pages"}],"about":[{"href":"https:\/\/mfsincendio.com.br\/index.php?rest_route=\/wp\/v2\/types\/page"}],"author":[{"embeddable":true,"href":"https:\/\/mfsincendio.com.br\/index.php?rest_route=\/wp\/v2\/users\/1"}],"replies":[{"embeddable":true,"href":"https:\/\/mfsincendio.com.br\/index.php?rest_route=%2Fwp%2Fv2%2Fcomments&post=62"}],"version-history":[{"count":0,"href":"https:\/\/mfsincendio.com.br\/index.php?rest_route=\/wp\/v2\/pages\/62\/revisions"}],"wp:attachment":[{"href":"https:\/\/mfsincendio.com.br\/index.php?rest_route=%2Fwp%2Fv2%2Fmedia&parent=62"}],"curies":[{"name":"wp","href":"https:\/\/api.w.org\/{rel}","templated":true}]}}