{"id":64,"date":"2018-09-14T18:55:10","date_gmt":"2018-09-14T18:55:10","guid":{"rendered":"http:\/\/ligadonanet.com.br\/mfs\/?page_id=64"},"modified":"2018-09-14T18:55:10","modified_gmt":"2018-09-14T18:55:10","slug":"fornecedor-de-mangueira-de-incendio","status":"publish","type":"page","link":"https:\/\/mfsincendio.com.br\/?page_id=64","title":{"rendered":"Fornecedor de mangueira de inc\u00eandio"},"content":{"rendered":"<ul class=\"gallery\">\n<li><a class=\"lightbox\" title=\"Fornecedor de mangueira de inc\u00eandio\" href=\"http:\/\/www.mfsincendio.com.br\/imagens\/informacoes\/fornecedor-mangueira-incendio-01.jpg\" data-fancybox=\"group1\" data-caption=\"Fornecedor de mangueira de inc\u00eandio\"><img decoding=\"async\" title=\"Fornecedor de mangueira de inc\u00eandio\" src=\"http:\/\/www.mfsincendio.com.br\/imagens\/informacoes\/\/fornecedor-mangueira-incendio-01.jpg\" alt=\"Fornecedor de mangueira de inc\u00eandio\" \/><\/a><\/li>\n<li><a class=\"lightbox\" title=\"Fornecedor de mangueira de inc\u00eandio\" href=\"http:\/\/www.mfsincendio.com.br\/imagens\/informacoes\/fornecedor-mangueira-incendio-02.jpg\" data-fancybox=\"group1\" data-caption=\"Fornecedor de mangueira de inc\u00eandio\"><img decoding=\"async\" title=\"Fornecedor de mangueira de inc\u00eandio\" src=\"http:\/\/www.mfsincendio.com.br\/imagens\/informacoes\/\/fornecedor-mangueira-incendio-02.jpg\" alt=\"Fornecedor de mangueira de inc\u00eandio\" \/><\/a><\/li>\n<li><a class=\"lightbox\" title=\"Fornecedor de mangueira de inc\u00eandio\" href=\"http:\/\/www.mfsincendio.com.br\/imagens\/informacoes\/fornecedor-mangueira-incendio-03.jpg\" data-fancybox=\"group1\" data-caption=\"Fornecedor de mangueira de inc\u00eandio\"><img decoding=\"async\" title=\"Fornecedor de mangueira de inc\u00eandio\" src=\"http:\/\/www.mfsincendio.com.br\/imagens\/informacoes\/\/fornecedor-mangueira-incendio-03.jpg\" alt=\"Fornecedor de mangueira de inc\u00eandio\" \/><\/a><\/li>\n<\/ul>\n<p class=\"alerta\">Clique nas imagens para ampliar<\/p>\n<h2>MFS \u2013 FORNECEDOR DE MANGUEIRA DE INC\u00caNDIO EM S\u00c3O PAULO<\/h2>\n<p>Como descrito pela norma NBR 11861, uma mangueira de inc\u00eandio \u00e9 um equipamento composto por uni\u00f5es e um duto flex\u00edvel, cuja utiliza\u00e7\u00e3o \u00e9 voltada para o combate a inc\u00eandios. As duas extremidades de uma mangueira apresentam informa\u00e7\u00f5es importantes para o controle de qualidade do equipamento. Entre as informa\u00e7\u00f5es, est\u00e3o o tipo da mangueira e seu fabricante, a norma \u00e0 qual corresponde e sua data de fabrica\u00e7\u00e3o.<\/p>\n<p>Todos os produtos oferecidos pela MFS, empresa\u00a0<strong>fornecedor de mangueira de inc\u00eandio<\/strong>, contam com uma fabrica\u00e7\u00e3o de qualidade e o devido cumprimento dos padr\u00f5es de seguran\u00e7a das normas de combate a inc\u00eandio.<\/p>\n<h2>FORNECEDOR DE MANGUEIRA DE INC\u00caNDIO E DEMAIS EQUIPAMENTOS<\/h2>\n<p>Os produtos do\u00a0<strong>fornecedor de mangueira de inc\u00eandio<\/strong>\u00a0oferecem:<\/p>\n<ul class=\"list\">\n<li>Capacidade para direcionar jatos de alta press\u00e3o;<\/li>\n<li>Atendimento aos comprimentos adequados para cada aplica\u00e7\u00e3o.<\/li>\n<\/ul>\n<p>As mangueiras integram sistemas de hidrantes, de modo a permitir que o fluxo de \u00e1gua pressurizada seja direcionado diretamente para os focos do inc\u00eandio. Sua instala\u00e7\u00e3o garante que os profissionais do Corpo de Bombeiros possam contar com os devidos fornecimentos de \u00e1gua no interior da edifica\u00e7\u00e3o.<\/p>\n<p>N\u00e3o atuando somente como\u00a0<strong>fornecedor de mangueira de inc\u00eandio<\/strong>, a empresa MFS tamb\u00e9m realiza o com\u00e9rcio dos demais equipamentos integrantes de projetos de combate a inc\u00eandio.<\/p>\n<h2>FORNECEDOR DE MANGUEIRA DE INC\u00caNDIO EM DIVERSOS MODELOS E TIPOS<\/h2>\n<p>Em sua atua\u00e7\u00e3o como\u00a0<strong>fornecedor de mangueira de inc\u00eandio<\/strong>, a MFS conta com variados modelos. Considerando que as necessidades de cada edifica\u00e7\u00e3o variam de acordo com as suas caracter\u00edsticas arquitet\u00f4nicas e propor\u00e7\u00f5es, o oferecimento de modelos diversos tem a inten\u00e7\u00e3o de atender \u00e0s necessidades espec\u00edficas de cada cliente.<\/p>\n<p>Uma diferencia\u00e7\u00e3o entre modelos de mangueiras s\u00e3o os seus tipos. Com categorias que v\u00e3o de 1 at\u00e9 5, os tipos atendem a aplica\u00e7\u00f5es de diferentes aspectos. As mangueiras do tipo 1 s\u00e3o voltadas para edif\u00edcios de ocupa\u00e7\u00e3o exclusivamente residencial. O tipo 2 \u00e9 destinado a edif\u00edcios industriais, comerciais ou ao Corpo de Bombeiros. O tipo 3, direcionado a ind\u00fastrias, a \u00e1reas navais e ao Corpo de Bombeiros. Os tipos 4 e 5 s\u00e3o voltados para \u00e1reas industriais; o tipo 4 \u00e9 indicado para casos que seja desej\u00e1vel maior resist\u00eancia \u00e0 abras\u00e3o; e o tipo 5 onde haja a necessidade de resist\u00eancia tanto \u00e0 abras\u00e3o quanto a superf\u00edcies quentes.<\/p>\n<div class=\"more\">\n<h2>Para saber mais sobre Fornecedor de mangueira de inc\u00eandio<\/h2>\n<p>Ligue para\u00a0<strong>11 2925-3675<\/strong>\u00a0ou\u00a0<a title=\"Envie um e-mail para MFS\" href=\"http:\/\/www.mfsincendio.com.br\/contato\" rel=\"nofollow\">clique aqui<\/a>\u00a0e entre em contato por email.<\/div>\n","protected":false},"excerpt":{"rendered":"<div class=\"slide-text-bg2\">\n<h3>Clique nas imagens para ampliar MFS \u2013 FORNECEDOR DE MANGUEIRA DE INC\u00caNDIO EM S\u00c3O PAULO Como descrito pela norma NBR<\/h3>\n<\/div>\n<div class=\"flex-btn-div\"><a href=\"https:\/\/mfsincendio.com.br\/?page_id=64\" class=\"btn1 flex-btn\">Ler mais<\/a><\/div>\n","protected":false},"author":1,"featured_media":0,"parent":0,"menu_order":0,"comment_status":"closed","ping_status":"closed","template":"","meta":{"_joinchat":[],"footnotes":""},"class_list":["post-64","page","type-page","status-publish","hentry"],"_links":{"self":[{"href":"https:\/\/mfsincendio.com.br\/index.php?rest_route=\/wp\/v2\/pages\/64","targetHints":{"allow":["GET"]}}],"collection":[{"href":"https:\/\/mfsincendio.com.br\/index.php?rest_route=\/wp\/v2\/pages"}],"about":[{"href":"https:\/\/mfsincendio.com.br\/index.php?rest_route=\/wp\/v2\/types\/page"}],"author":[{"embeddable":true,"href":"https:\/\/mfsincendio.com.br\/index.php?rest_route=\/wp\/v2\/users\/1"}],"replies":[{"embeddable":true,"href":"https:\/\/mfsincendio.com.br\/index.php?rest_route=%2Fwp%2Fv2%2Fcomments&post=64"}],"version-history":[{"count":0,"href":"https:\/\/mfsincendio.com.br\/index.php?rest_route=\/wp\/v2\/pages\/64\/revisions"}],"wp:attachment":[{"href":"https:\/\/mfsincendio.com.br\/index.php?rest_route=%2Fwp%2Fv2%2Fmedia&parent=64"}],"curies":[{"name":"wp","href":"https:\/\/api.w.org\/{rel}","templated":true}]}}