{"id":68,"date":"2018-09-14T18:55:57","date_gmt":"2018-09-14T18:55:57","guid":{"rendered":"http:\/\/ligadonanet.com.br\/mfs\/?page_id=68"},"modified":"2018-09-14T18:55:57","modified_gmt":"2018-09-14T18:55:57","slug":"hidrante-urbano","status":"publish","type":"page","link":"https:\/\/mfsincendio.com.br\/?page_id=68","title":{"rendered":"Hidrante urbano"},"content":{"rendered":"<ul class=\"gallery\">\n<li><a class=\"lightbox\" title=\"Hidrante urbano\" href=\"http:\/\/www.mfsincendio.com.br\/imagens\/informacoes\/hidrante-urbano-01.jpg\" data-fancybox=\"group1\" data-caption=\"Hidrante urbano\"><img decoding=\"async\" title=\"Hidrante urbano\" src=\"http:\/\/www.mfsincendio.com.br\/imagens\/informacoes\/\/hidrante-urbano-01.jpg\" alt=\"Hidrante urbano\" \/><\/a><\/li>\n<li><a class=\"lightbox\" title=\"Hidrante urbano\" href=\"http:\/\/www.mfsincendio.com.br\/imagens\/informacoes\/hidrante-urbano-02.jpg\" data-fancybox=\"group1\" data-caption=\"Hidrante urbano\"><img decoding=\"async\" title=\"Hidrante urbano\" src=\"http:\/\/www.mfsincendio.com.br\/imagens\/informacoes\/\/hidrante-urbano-02.jpg\" alt=\"Hidrante urbano\" \/><\/a><\/li>\n<li><a class=\"lightbox\" title=\"Hidrante urbano\" href=\"http:\/\/www.mfsincendio.com.br\/imagens\/informacoes\/hidrante-urbano-03.jpg\" data-fancybox=\"group1\" data-caption=\"Hidrante urbano\"><img decoding=\"async\" title=\"Hidrante urbano\" src=\"http:\/\/www.mfsincendio.com.br\/imagens\/informacoes\/\/hidrante-urbano-03.jpg\" alt=\"Hidrante urbano\" \/><\/a><\/li>\n<\/ul>\n<p class=\"alerta\">Clique nas imagens para ampliar<\/p>\n<h2>HIDRANTE URBANO DE ALTA PROCED\u00caNCIA DISTRUIBUIDO PELA MFS<\/h2>\n<p>A empresa MFS \u00e9 especializada em sistema contra inc\u00eandios e conta com empresas que produzem produtos pertinentes a essa \u00e1rea com total seguran\u00e7a e garantia. Diante disso, pode-se afirmar que a MFS fornece os produtos mais seguros, com total efici\u00eancia. Desde\u00a0<strong>hidrante urbano<\/strong>\u00a0a presta\u00e7\u00e3o de servi\u00e7os, a MFS segue a norma ABNT e conta com profissionais competentes, como engenheiro e projetista.<\/p>\n<p>Ao caminhar pela cidade, podemos observar\u00a0<strong>hidrante urbano<\/strong>\u00a0nas cal\u00e7adas. Esse tipo de hidrante n\u00e3o \u00e9 de responsabilidade da edifica\u00e7\u00e3o, mas seu abastecimento se d\u00e1 pela companhia de \u00e1gua da cidade. A instala\u00e7\u00e3o do\u00a0<strong>hidrante urbano<\/strong>\u00a0\u00e9 realizada na cal\u00e7ada e possui registro que n\u00e3o permite o seu acionamento por qualquer pessoa. Existe uma chave espec\u00edfica que fica em poder do corpo de bombeiros, tratando-se da principal forma de liberar o fluxo de \u00e1gua a partir de um\u00a0<strong>hidrante urbano<\/strong>.<\/p>\n<h2>A MFS OFERECE HIDRANTE URBANO COM MARCA DE QUALIDADE E EFICI\u00caNCIA<\/h2>\n<p>A MFS possui quase uma d\u00e9cada de atividade, nesse per\u00edodo formou parcerias duradouras com empresas fabricantes dos mais pontuais produtos de combate ao inc\u00eandio. Contando com profissionais competentes e atenciosos, a MFS oferece atendimento diferenciado, com foco nas especificidades de cada projeto. Por isso, a empresa oferece projetos sob medida, caso seja essa a necessidade, podendo ainda ser realizada a produ\u00e7\u00e3o de pe\u00e7as com medidas espec\u00edficas, mas tudo de acordo com as normas da ABNT, garantindo a seguran\u00e7a de todos os envolvidos.<\/p>\n<p>A MFS oferece produtos de hidrante urbano a sirenes, garantindo que a seguran\u00e7a e m\u00e1xima efic\u00e1cia, caso ocorra um inc\u00eandio. Prezando a vida e oferecendo os mais criteriosos produtos do mercado, a MFS est\u00e1 atenta \u00e0s inova\u00e7\u00f5es do setor. Marcas nacionais de produtos que a MFS fornece e garante m\u00e1xima efici\u00eancia s\u00e3o: GPM; Metalcasty; Bucka; HM; Kidde; Stoc; CMCouto; Maruy; Ascael; Betta; Bosh; Walmonof e Ilumac.<\/p>\n<h2>MFS GARANTE ENTREGA NO PA\u00cdS INTEIRO<\/h2>\n<p>Uma empresa especialista em sistema contra inc\u00eandios preza sempre a seguran\u00e7a. A MFS foi fundada em 2009 e, desde ent\u00e3o, garante efici\u00eancia nos servi\u00e7os prestados em\u00a0 \u00a0todo estado de S\u00e3o Paulo. A MFS oferece produtos de qualidade, com uma log\u00edstica eficiente, a empresa garante tamb\u00e9m entrega em todo o pa\u00eds.<\/p>\n<div class=\"more\">\n<h2>Para saber mais sobre Hidrante urbano<\/h2>\n<p>Ligue para\u00a0<strong>11 2925-3675<\/strong>\u00a0ou\u00a0<a title=\"Envie um e-mail para MFS\" href=\"http:\/\/www.mfsincendio.com.br\/contato\" rel=\"nofollow\">clique aqui<\/a>\u00a0e entre em contato por email.<\/div>\n","protected":false},"excerpt":{"rendered":"<div class=\"slide-text-bg2\">\n<h3>Clique nas imagens para ampliar HIDRANTE URBANO DE ALTA PROCED\u00caNCIA DISTRUIBUIDO PELA MFS A empresa MFS \u00e9 especializada em sistema<\/h3>\n<\/div>\n<div class=\"flex-btn-div\"><a href=\"https:\/\/mfsincendio.com.br\/?page_id=68\" class=\"btn1 flex-btn\">Ler mais<\/a><\/div>\n","protected":false},"author":1,"featured_media":0,"parent":0,"menu_order":0,"comment_status":"closed","ping_status":"closed","template":"","meta":{"_joinchat":[],"footnotes":""},"class_list":["post-68","page","type-page","status-publish","hentry"],"_links":{"self":[{"href":"https:\/\/mfsincendio.com.br\/index.php?rest_route=\/wp\/v2\/pages\/68","targetHints":{"allow":["GET"]}}],"collection":[{"href":"https:\/\/mfsincendio.com.br\/index.php?rest_route=\/wp\/v2\/pages"}],"about":[{"href":"https:\/\/mfsincendio.com.br\/index.php?rest_route=\/wp\/v2\/types\/page"}],"author":[{"embeddable":true,"href":"https:\/\/mfsincendio.com.br\/index.php?rest_route=\/wp\/v2\/users\/1"}],"replies":[{"embeddable":true,"href":"https:\/\/mfsincendio.com.br\/index.php?rest_route=%2Fwp%2Fv2%2Fcomments&post=68"}],"version-history":[{"count":0,"href":"https:\/\/mfsincendio.com.br\/index.php?rest_route=\/wp\/v2\/pages\/68\/revisions"}],"wp:attachment":[{"href":"https:\/\/mfsincendio.com.br\/index.php?rest_route=%2Fwp%2Fv2%2Fmedia&parent=68"}],"curies":[{"name":"wp","href":"https:\/\/api.w.org\/{rel}","templated":true}]}}