{"id":70,"date":"2018-09-14T18:56:21","date_gmt":"2018-09-14T18:56:21","guid":{"rendered":"http:\/\/ligadonanet.com.br\/mfs\/?page_id=70"},"modified":"2018-09-14T18:56:21","modified_gmt":"2018-09-14T18:56:21","slug":"hidrante-urbano-preco","status":"publish","type":"page","link":"https:\/\/mfsincendio.com.br\/?page_id=70","title":{"rendered":"Hidrante urbano pre\u00e7o"},"content":{"rendered":"<ul class=\"gallery\">\n<li><a class=\"lightbox\" title=\"Hidrante urbano pre\u00e7o\" href=\"http:\/\/www.mfsincendio.com.br\/imagens\/informacoes\/hidrante-urbano-preco-01.jpg\" data-fancybox=\"group1\" data-caption=\"Hidrante urbano pre\u00e7o\"><img decoding=\"async\" title=\"Hidrante urbano pre\u00e7o\" src=\"http:\/\/www.mfsincendio.com.br\/imagens\/informacoes\/\/hidrante-urbano-preco-01.jpg\" alt=\"Hidrante urbano pre\u00e7o\" \/><\/a><\/li>\n<li><a class=\"lightbox\" title=\"Hidrante urbano pre\u00e7o\" href=\"http:\/\/www.mfsincendio.com.br\/imagens\/informacoes\/hidrante-urbano-preco-02.jpg\" data-fancybox=\"group1\" data-caption=\"Hidrante urbano pre\u00e7o\"><img decoding=\"async\" title=\"Hidrante urbano pre\u00e7o\" src=\"http:\/\/www.mfsincendio.com.br\/imagens\/informacoes\/\/hidrante-urbano-preco-02.jpg\" alt=\"Hidrante urbano pre\u00e7o\" \/><\/a><\/li>\n<li><a class=\"lightbox\" title=\"Hidrante urbano pre\u00e7o\" href=\"http:\/\/www.mfsincendio.com.br\/imagens\/informacoes\/hidrante-urbano-preco-03.jpg\" data-fancybox=\"group1\" data-caption=\"Hidrante urbano pre\u00e7o\"><img decoding=\"async\" title=\"Hidrante urbano pre\u00e7o\" src=\"http:\/\/www.mfsincendio.com.br\/imagens\/informacoes\/\/hidrante-urbano-preco-03.jpg\" alt=\"Hidrante urbano pre\u00e7o\" \/><\/a><\/li>\n<\/ul>\n<p class=\"alerta\">Clique nas imagens para ampliar<\/p>\n<h2>QUAL A FUNCIONALIDADE DO HIDRANTE URBANO PRE\u00c7O?<\/h2>\n<p>O\u00a0<strong>hidrante urbano pre\u00e7o<\/strong>\u00a0talvez seja um dos mais populares itens quando se fala em equipamentos voltados para combate a inc\u00eandios. E essa populariza\u00e7\u00e3o ocorre gra\u00e7as \u00e0 f\u00e1cil visualiza\u00e7\u00e3o deste equipamento. Localizado em vias urbanas pr\u00f3ximas a com\u00e9rcios, ind\u00fastrias ou edif\u00edcios, o\u00a0<strong>hidrante urbano pre\u00e7o<\/strong>\u00a0certifica um fluxo cont\u00ednuo e extremamente funcional de \u00e1gua durante emerg\u00eancias com inc\u00eandios. E isso se d\u00e1 justamente por causa da sua localiza\u00e7\u00e3o precisa, que proporciona uma liga\u00e7\u00e3o entre as tubula\u00e7\u00f5es respons\u00e1veis pelo abastecimento p\u00fablico de \u00e1gua e o foco do inc\u00eandio.<\/p>\n<p>Ou seja, o\u00a0<strong>hidrante urbano pre\u00e7o<\/strong>\u00a0oferece um pleno abastecimento de \u00e1gua que pode, inclusive, oferecer uma recarga aos caminh\u00f5es do corpo de bombeiros, caso a \u00e1gua presente na viatura esteja pr\u00f3xima do fim. Para isso, o\u00a0<strong>hidrante urbano pre\u00e7o<\/strong>\u00a0pode ter uma ou mais sa\u00eddas nas quais a mangueira de inc\u00eandio \u00e9 conectada. Estima-se que em m\u00e9dia um\u00a0<strong>hidrante urbano pre\u00e7o<\/strong>\u00a0possa oferecer at\u00e9 mais de mil litros de \u00e1gua por minuto. De fato, uma quantidade bastante colaborativa quando se trata de um inc\u00eandio.<\/p>\n<h2>MATERIAIS UTILIZADOS NA COMPOSI\u00c7\u00c3O DO HIDRANTE URBANO PRE\u00c7O<\/h2>\n<p>Dentre as principais caracter\u00edsticas e materiais utilizados na produ\u00e7\u00e3o de um\u00a0<strong>hidrante urbano pre\u00e7o<\/strong>, podem consideraradas:<\/p>\n<ul class=\"list\">\n<li>Ferro fundido: na maioria das vezes, os hidrantes s\u00e3o desenvolvidos com essa mat\u00e9ria-prima;<\/li>\n<li>Bronze ou lat\u00e3o: materiais utilizados para a produ\u00e7\u00e3o das sa\u00eddas presentes no hidrante urbano pre\u00e7o;<\/li>\n<li>Borracha sint\u00e9tica: que \u00e9 o material utilizado na produ\u00e7\u00e3o das veda\u00e7\u00f5es e articula\u00e7\u00f5es destes itens.<\/li>\n<\/ul>\n<h2>MFS \u00c9 A GARANTIA DO PRE\u00c7O JUSTO<\/h2>\n<p>Contando com uma ampla variedade de equipamentos e sistemas voltados para o combate e preven\u00e7\u00e3o de inc\u00eandios, a MFS pode ser considerada a principal empresa do ramo no mercado. E isso ocorre devido n\u00e3o s\u00f3 \u00e0 funcionalidade e efici\u00eancia que a empresa oferece aos seus equipamentos, como tamb\u00e9m ao pre\u00e7o justo. Desta forma, a MFS segue desde sua funda\u00e7\u00e3o, em 2009, conquistando cada vez mais clientes e proporcionando ainda mais ambientes livres de inc\u00eandios. Por isso, n\u00e3o \u00e9 nenhum exagero que esta empresa seja considera a mais preparada nesse setor. A empresa est\u00e1 sediada em S\u00e3o Paulo e atende a clientes em todo o Brasil.<\/p>\n<div class=\"more\">\n<h2>Para saber mais sobre Hidrante urbano pre\u00e7o<\/h2>\n<p>Ligue para\u00a0<strong>11 2925-3675<\/strong>\u00a0ou\u00a0<a title=\"Envie um e-mail para MFS\" href=\"http:\/\/www.mfsincendio.com.br\/contato\" rel=\"nofollow\">clique aqui<\/a>\u00a0e entre em contato por email.<\/div>\n","protected":false},"excerpt":{"rendered":"<div class=\"slide-text-bg2\">\n<h3>Clique nas imagens para ampliar QUAL A FUNCIONALIDADE DO HIDRANTE URBANO PRE\u00c7O? O\u00a0hidrante urbano pre\u00e7o\u00a0talvez seja um dos mais populares<\/h3>\n<\/div>\n<div class=\"flex-btn-div\"><a href=\"https:\/\/mfsincendio.com.br\/?page_id=70\" class=\"btn1 flex-btn\">Ler mais<\/a><\/div>\n","protected":false},"author":1,"featured_media":0,"parent":0,"menu_order":0,"comment_status":"closed","ping_status":"closed","template":"","meta":{"_joinchat":[],"footnotes":""},"class_list":["post-70","page","type-page","status-publish","hentry"],"_links":{"self":[{"href":"https:\/\/mfsincendio.com.br\/index.php?rest_route=\/wp\/v2\/pages\/70","targetHints":{"allow":["GET"]}}],"collection":[{"href":"https:\/\/mfsincendio.com.br\/index.php?rest_route=\/wp\/v2\/pages"}],"about":[{"href":"https:\/\/mfsincendio.com.br\/index.php?rest_route=\/wp\/v2\/types\/page"}],"author":[{"embeddable":true,"href":"https:\/\/mfsincendio.com.br\/index.php?rest_route=\/wp\/v2\/users\/1"}],"replies":[{"embeddable":true,"href":"https:\/\/mfsincendio.com.br\/index.php?rest_route=%2Fwp%2Fv2%2Fcomments&post=70"}],"version-history":[{"count":0,"href":"https:\/\/mfsincendio.com.br\/index.php?rest_route=\/wp\/v2\/pages\/70\/revisions"}],"wp:attachment":[{"href":"https:\/\/mfsincendio.com.br\/index.php?rest_route=%2Fwp%2Fv2%2Fmedia&parent=70"}],"curies":[{"name":"wp","href":"https:\/\/api.w.org\/{rel}","templated":true}]}}