{"id":74,"date":"2018-09-14T18:57:05","date_gmt":"2018-09-14T18:57:05","guid":{"rendered":"http:\/\/ligadonanet.com.br\/mfs\/?page_id=74"},"modified":"2018-09-14T18:57:05","modified_gmt":"2018-09-14T18:57:05","slug":"instalacao-de-alarme-de-incendio","status":"publish","type":"page","link":"https:\/\/mfsincendio.com.br\/?page_id=74","title":{"rendered":"Instala\u00e7\u00e3o de alarme de inc\u00eandio"},"content":{"rendered":"<ul class=\"gallery\">\n<li><a class=\"lightbox\" title=\"Instala\u00e7\u00e3o de alarme de inc\u00eandio\" href=\"http:\/\/www.mfsincendio.com.br\/imagens\/informacoes\/instalacao-alarme-incendio-01.jpg\" data-fancybox=\"group1\" data-caption=\"Instala\u00e7\u00e3o de alarme de inc\u00eandio\"><img decoding=\"async\" title=\"Instala\u00e7\u00e3o de alarme de inc\u00eandio\" src=\"http:\/\/www.mfsincendio.com.br\/imagens\/informacoes\/\/instalacao-alarme-incendio-01.jpg\" alt=\"Instala\u00e7\u00e3o de alarme de inc\u00eandio\" \/><\/a><\/li>\n<li><a class=\"lightbox\" title=\"Instala\u00e7\u00e3o de alarme de inc\u00eandio\" href=\"http:\/\/www.mfsincendio.com.br\/imagens\/informacoes\/instalacao-alarme-incendio-02.jpg\" data-fancybox=\"group1\" data-caption=\"Instala\u00e7\u00e3o de alarme de inc\u00eandio\"><img decoding=\"async\" title=\"Instala\u00e7\u00e3o de alarme de inc\u00eandio\" src=\"http:\/\/www.mfsincendio.com.br\/imagens\/informacoes\/\/instalacao-alarme-incendio-02.jpg\" alt=\"Instala\u00e7\u00e3o de alarme de inc\u00eandio\" \/><\/a><\/li>\n<li><a class=\"lightbox\" title=\"Instala\u00e7\u00e3o de alarme de inc\u00eandio\" href=\"http:\/\/www.mfsincendio.com.br\/imagens\/informacoes\/instalacao-alarme-incendio-03.jpg\" data-fancybox=\"group1\" data-caption=\"Instala\u00e7\u00e3o de alarme de inc\u00eandio\"><img decoding=\"async\" title=\"Instala\u00e7\u00e3o de alarme de inc\u00eandio\" src=\"http:\/\/www.mfsincendio.com.br\/imagens\/informacoes\/\/instalacao-alarme-incendio-03.jpg\" alt=\"Instala\u00e7\u00e3o de alarme de inc\u00eandio\" \/><\/a><\/li>\n<\/ul>\n<p class=\"alerta\">Clique nas imagens para ampliar<\/p>\n<h2>INSTALA\u00c7\u00c3O DE ALARME DE INC\u00caNDIO REALIZADO PELA MFS<\/h2>\n<p>A MFS, empresa com experi\u00eancia de mercado, ajuda seus clientes na determina\u00e7\u00e3o da melhor op\u00e7\u00e3o do modelo e o mais adequado de instala\u00e7\u00e3o de alarme de inc\u00eandio, pois a empresa entende que cada empreendimento necessita de modelos espec\u00edficos mediante as normas vigentes. O objetivo \u00e9: prevenir a ocorr\u00eancia de sinistros imprevistos, a instala\u00e7\u00e3o de alarme de inc\u00eandio \u00e9 realizado ap\u00f3s o estudo espec\u00edfico do melhor e mais adequado modelo.<\/p>\n<p>Primeiramente, \u00e9 necess\u00e1rio que haja a verifica\u00e7\u00e3o da tens\u00e3o que \u00e9 ocupante na rede, feito isso a\u00a0<strong>instala\u00e7\u00e3o de alarme de inc\u00eandio<\/strong>\u00a0\u00e9 realizada gra\u00e7as ao projeto de pesquisa de fatores diversos, como tempo de evacua\u00e7\u00e3o da \u00e1rea pretendida, at\u00e9 onde ir\u00e1 a abrang\u00eancia desse projeto de preven\u00e7\u00e3o (raio, di\u00e2metro), como ser\u00e1 a presta\u00e7\u00e3o de servi\u00e7o de preven\u00e7\u00e3o e manuten\u00e7\u00e3o, tempo de chegada do Corpo de Bombeiros.<\/p>\n<h2>A MFS REALIZA INSTALA\u00c7\u00c3O DE ALARME DE INC\u00caNDIO<\/h2>\n<p>Nenhuma localiza\u00e7\u00e3o est\u00e1 isenta de foco de inc\u00eandio, pois os fatores s\u00e3o os mais espec\u00edficos desde a\u00e7\u00e3o da natureza a a\u00e7\u00e3o humana. Portanto, a\u00a0<strong>instala\u00e7\u00e3o de alarme de inc\u00eandio<\/strong>\u00a0se faz t\u00e3o \u00edmpar \u00e9 primordial. A preven\u00e7\u00e3o, como em qualquer segmento, \u00e9 fundamental.<\/p>\n<p>Partindo dessa premissa, a MFS est\u00e1 no mercado para assegurar as melhores op\u00e7\u00f5es de produtos e presta\u00e7\u00e3o de servi\u00e7os na \u00e1rea, seguindo a norma da ABNT. Profissionais preparados e especializados, como engenheiro e projetista, podem ainda ajudar na escolha de op\u00e7\u00f5es que necessitem ser feitas sob medida. Al\u00e9m disso, a\u00a0<strong>instala\u00e7\u00e3o de alarme de inc\u00eandio<\/strong>\u00a0deve ser absolutamente segura, os profissionais da MFS n\u00e3o poupam esfor\u00e7os em averiguar se o projeto corresponde \u00e0s necessidades, garantindo a integridade total e absoluta no foco da preven\u00e7\u00e3o da vida.<\/p>\n<h2>A MFS FOI FUNDADA EM 2009 E PRESTA SERVI\u00c7OS EM S\u00c3O PAULO<\/h2>\n<p>A MFS foi fundada no ano de 2009 e est\u00e1 sediada na cidade de S\u00e3o Paulo. Especialista em sistemas contra inc\u00eandios, a MFS oferece os mais diversos produtos com entrega por todo o territ\u00f3rio nacional. Prestando os mais diversos e seguros servi\u00e7os, a empresa abrange todo o estado de S\u00e3o Paulo.<\/p>\n<div class=\"more\">\n<h2>Para saber mais sobre Instala\u00e7\u00e3o de alarme de inc\u00eandio<\/h2>\n<p>Ligue para\u00a0<strong>11 2925-3675<\/strong>\u00a0ou\u00a0<a title=\"Envie um e-mail para MFS\" href=\"http:\/\/www.mfsincendio.com.br\/contato\" rel=\"nofollow\">clique aqui<\/a>\u00a0e entre em contato por email.<\/div>\n","protected":false},"excerpt":{"rendered":"<div class=\"slide-text-bg2\">\n<h3>Clique nas imagens para ampliar INSTALA\u00c7\u00c3O DE ALARME DE INC\u00caNDIO REALIZADO PELA MFS A MFS, empresa com experi\u00eancia de mercado,<\/h3>\n<\/div>\n<div class=\"flex-btn-div\"><a href=\"https:\/\/mfsincendio.com.br\/?page_id=74\" class=\"btn1 flex-btn\">Ler mais<\/a><\/div>\n","protected":false},"author":1,"featured_media":0,"parent":0,"menu_order":0,"comment_status":"closed","ping_status":"closed","template":"","meta":{"_joinchat":[],"footnotes":""},"class_list":["post-74","page","type-page","status-publish","hentry"],"_links":{"self":[{"href":"https:\/\/mfsincendio.com.br\/index.php?rest_route=\/wp\/v2\/pages\/74","targetHints":{"allow":["GET"]}}],"collection":[{"href":"https:\/\/mfsincendio.com.br\/index.php?rest_route=\/wp\/v2\/pages"}],"about":[{"href":"https:\/\/mfsincendio.com.br\/index.php?rest_route=\/wp\/v2\/types\/page"}],"author":[{"embeddable":true,"href":"https:\/\/mfsincendio.com.br\/index.php?rest_route=\/wp\/v2\/users\/1"}],"replies":[{"embeddable":true,"href":"https:\/\/mfsincendio.com.br\/index.php?rest_route=%2Fwp%2Fv2%2Fcomments&post=74"}],"version-history":[{"count":0,"href":"https:\/\/mfsincendio.com.br\/index.php?rest_route=\/wp\/v2\/pages\/74\/revisions"}],"wp:attachment":[{"href":"https:\/\/mfsincendio.com.br\/index.php?rest_route=%2Fwp%2Fv2%2Fmedia&parent=74"}],"curies":[{"name":"wp","href":"https:\/\/api.w.org\/{rel}","templated":true}]}}