{"id":76,"date":"2018-09-14T19:01:15","date_gmt":"2018-09-14T19:01:15","guid":{"rendered":"http:\/\/ligadonanet.com.br\/mfs\/?page_id=76"},"modified":"2018-09-14T19:01:15","modified_gmt":"2018-09-14T19:01:15","slug":"instalacao-de-central-de-gas-glp","status":"publish","type":"page","link":"https:\/\/mfsincendio.com.br\/?page_id=76","title":{"rendered":"Instala\u00e7\u00e3o de central de g\u00e1s glp"},"content":{"rendered":"<ul class=\"gallery\">\n<li><a class=\"lightbox\" title=\"Instala\u00e7\u00e3o de central de g\u00e1s glp\" href=\"http:\/\/www.mfsincendio.com.br\/imagens\/informacoes\/instalacao-central-gas-glp-01.jpg\" data-fancybox=\"group1\" data-caption=\"Instala\u00e7\u00e3o de central de g\u00e1s glp\"><img decoding=\"async\" title=\"Instala\u00e7\u00e3o de central de g\u00e1s glp\" src=\"http:\/\/www.mfsincendio.com.br\/imagens\/informacoes\/\/instalacao-central-gas-glp-01.jpg\" alt=\"Instala\u00e7\u00e3o de central de g\u00e1s glp\" \/><\/a><\/li>\n<li><a class=\"lightbox\" title=\"Instala\u00e7\u00e3o de central de g\u00e1s glp\" href=\"http:\/\/www.mfsincendio.com.br\/imagens\/informacoes\/instalacao-central-gas-glp-02.jpg\" data-fancybox=\"group1\" data-caption=\"Instala\u00e7\u00e3o de central de g\u00e1s glp\"><img decoding=\"async\" title=\"Instala\u00e7\u00e3o de central de g\u00e1s glp\" src=\"http:\/\/www.mfsincendio.com.br\/imagens\/informacoes\/\/instalacao-central-gas-glp-02.jpg\" alt=\"Instala\u00e7\u00e3o de central de g\u00e1s glp\" \/><\/a><\/li>\n<li><a class=\"lightbox\" title=\"Instala\u00e7\u00e3o de central de g\u00e1s glp\" href=\"http:\/\/www.mfsincendio.com.br\/imagens\/informacoes\/instalacao-central-gas-glp-03.jpg\" data-fancybox=\"group1\" data-caption=\"Instala\u00e7\u00e3o de central de g\u00e1s glp\"><img decoding=\"async\" title=\"Instala\u00e7\u00e3o de central de g\u00e1s glp\" src=\"http:\/\/www.mfsincendio.com.br\/imagens\/informacoes\/\/instalacao-central-gas-glp-03.jpg\" alt=\"Instala\u00e7\u00e3o de central de g\u00e1s glp\" \/><\/a><\/li>\n<\/ul>\n<p class=\"alerta\">Clique nas imagens para ampliar<\/p>\n<h2>INSTALA\u00c7\u00c3O DE CENTRAL DE G\u00c1S GLP PARA ABASTECIMENTOS DIVERSOS<\/h2>\n<p>O GLP (G\u00e1s Liquefeito de Petr\u00f3leo) \u00e9 uma mistura gasosa utilizada como combust\u00edvel para aplica\u00e7\u00f5es diversas. A utiliza\u00e7\u00e3o do g\u00e1s liquefeito de petr\u00f3leo \u00e9 recorrente em setores como o aliment\u00edcio, pois a sua queima n\u00e3o produz quantidades excessivas de poluentes e gases t\u00f3xicos. A estocagem do combust\u00edvel requer diversos cuidados, o que torna necess\u00e1ria a contrata\u00e7\u00e3o de servi\u00e7os especializados para a instala\u00e7\u00e3o de central de g\u00e1s GLP.<\/p>\n<p>O abastecimento realizado pelas centrais de GLP pode atender a resid\u00eancias, instala\u00e7\u00f5es comerciais e variados tipos de ambientes industriais. Empresas como a MFS, especializada no fornecimento de equipamentos e estruturas de prote\u00e7\u00e3o e combate a inc\u00eandios, presta o servi\u00e7o de instala\u00e7\u00e3o de central de g\u00e1s GLP com foco em empreendimentos de m\u00e9dio a grande porte, como condom\u00ednios, hospitais, mercados, restaurantes e shoppings.<\/p>\n<h2>INSTALA\u00c7\u00c3O DE CENTRAL DE G\u00c1S GLP EM CONFORMIDADE COM A NBR 13523<\/h2>\n<p>A instala\u00e7\u00e3o de central de g\u00e1s GLP executada pela MFS garante:<\/p>\n<ul class=\"list\">\n<li>Recipientes e acess\u00f3rios adequados para o armazenamento de GLP;<\/li>\n<li>Devida delimita\u00e7\u00e3o da \u00e1rea destinada \u00e0 central;<\/li>\n<li>Atendimento \u00e0s exig\u00eancias da norma NBR 13523.<\/li>\n<\/ul>\n<p>A norma NBR 13523 \u00e9 respons\u00e1vel por estabelecer os requisitos m\u00ednimos da instala\u00e7\u00e3o de central de g\u00e1s GLP. S\u00e3o definidos pela norma os padr\u00f5es para a elabora\u00e7\u00e3o dos projetos das centrais, para a sua instala\u00e7\u00e3o e para a realiza\u00e7\u00e3o de altera\u00e7\u00f5es em sua estrutura. Esses par\u00e2metros envolvem fatores, como os recursos de seguran\u00e7a a serem disponibilizados no local, a capacidade m\u00e1xima de armazenamento de g\u00e1s e a localiza\u00e7\u00e3o da central.<\/p>\n<p>A MFS realiza a venda de todos os equipamentos necess\u00e1rios para a composi\u00e7\u00e3o de uma central de GLP segura e completamente adequada \u00e0s normas. A equipe especializada da empresa tamb\u00e9m \u00e9 capacitada para desempenhar a instala\u00e7\u00e3o de central de g\u00e1s GLP e a sua manuten\u00e7\u00e3o.<\/p>\n<h2>MEDIDAS COMPLEMENTARES DE PROTE\u00c7\u00c3O CONTRA INC\u00caNDIOS<\/h2>\n<p>Al\u00e9m da presta\u00e7\u00e3o do servi\u00e7o de instala\u00e7\u00e3o de central de g\u00e1s GLP com toda a estrutura de seguran\u00e7a adequada, a MFS oferece tamb\u00e9m equipamentos de combate a inc\u00eandio para toda a edifica\u00e7\u00e3o. Partindo de aprimorados projetos de preven\u00e7\u00e3o e combate a inc\u00eandios, a empresa oferece aos seus clientes todos os recursos necess\u00e1rios tanto para evitar que as centrais de GLP sofram acidentes quanto para a evacua\u00e7\u00e3o segura do pr\u00e9dio e a neutraliza\u00e7\u00e3o das chamas em eventuais ocorr\u00eancias de inc\u00eandio.<\/p>\n<div class=\"more\">\n<h2>Para saber mais sobre Instala\u00e7\u00e3o de central de g\u00e1s glp<\/h2>\n<p>Ligue para\u00a0<strong>11 2925-3675<\/strong>\u00a0ou\u00a0<a title=\"Envie um e-mail para MFS\" href=\"http:\/\/www.mfsincendio.com.br\/contato\" rel=\"nofollow\">clique aqui<\/a>\u00a0e entre em contato por email.<\/div>\n","protected":false},"excerpt":{"rendered":"<div class=\"slide-text-bg2\">\n<h3>Clique nas imagens para ampliar INSTALA\u00c7\u00c3O DE CENTRAL DE G\u00c1S GLP PARA ABASTECIMENTOS DIVERSOS O GLP (G\u00e1s Liquefeito de Petr\u00f3leo)<\/h3>\n<\/div>\n<div class=\"flex-btn-div\"><a href=\"https:\/\/mfsincendio.com.br\/?page_id=76\" class=\"btn1 flex-btn\">Ler mais<\/a><\/div>\n","protected":false},"author":1,"featured_media":0,"parent":0,"menu_order":0,"comment_status":"closed","ping_status":"closed","template":"","meta":{"_joinchat":[],"footnotes":""},"class_list":["post-76","page","type-page","status-publish","hentry"],"_links":{"self":[{"href":"https:\/\/mfsincendio.com.br\/index.php?rest_route=\/wp\/v2\/pages\/76","targetHints":{"allow":["GET"]}}],"collection":[{"href":"https:\/\/mfsincendio.com.br\/index.php?rest_route=\/wp\/v2\/pages"}],"about":[{"href":"https:\/\/mfsincendio.com.br\/index.php?rest_route=\/wp\/v2\/types\/page"}],"author":[{"embeddable":true,"href":"https:\/\/mfsincendio.com.br\/index.php?rest_route=\/wp\/v2\/users\/1"}],"replies":[{"embeddable":true,"href":"https:\/\/mfsincendio.com.br\/index.php?rest_route=%2Fwp%2Fv2%2Fcomments&post=76"}],"version-history":[{"count":0,"href":"https:\/\/mfsincendio.com.br\/index.php?rest_route=\/wp\/v2\/pages\/76\/revisions"}],"wp:attachment":[{"href":"https:\/\/mfsincendio.com.br\/index.php?rest_route=%2Fwp%2Fv2%2Fmedia&parent=76"}],"curies":[{"name":"wp","href":"https:\/\/api.w.org\/{rel}","templated":true}]}}