{"id":78,"date":"2018-09-14T19:01:32","date_gmt":"2018-09-14T19:01:32","guid":{"rendered":"http:\/\/ligadonanet.com.br\/mfs\/?page_id=78"},"modified":"2018-09-14T19:01:32","modified_gmt":"2018-09-14T19:01:32","slug":"instalacao-de-detector-de-fumaca","status":"publish","type":"page","link":"https:\/\/mfsincendio.com.br\/?page_id=78","title":{"rendered":"Instala\u00e7\u00e3o de detector de fuma\u00e7a"},"content":{"rendered":"<ul class=\"gallery\">\n<li><a class=\"lightbox\" title=\"Instala\u00e7\u00e3o de detector de fuma\u00e7a\" href=\"http:\/\/www.mfsincendio.com.br\/imagens\/informacoes\/instalacao-detector-fumaca-01.jpg\" data-fancybox=\"group1\" data-caption=\"Instala\u00e7\u00e3o de detector de fuma\u00e7a\"><img decoding=\"async\" title=\"Instala\u00e7\u00e3o de detector de fuma\u00e7a\" src=\"http:\/\/www.mfsincendio.com.br\/imagens\/informacoes\/\/instalacao-detector-fumaca-01.jpg\" alt=\"Instala\u00e7\u00e3o de detector de fuma\u00e7a\" \/><\/a><\/li>\n<li><a class=\"lightbox\" title=\"Instala\u00e7\u00e3o de detector de fuma\u00e7a\" href=\"http:\/\/www.mfsincendio.com.br\/imagens\/informacoes\/instalacao-detector-fumaca-02.jpg\" data-fancybox=\"group1\" data-caption=\"Instala\u00e7\u00e3o de detector de fuma\u00e7a\"><img decoding=\"async\" title=\"Instala\u00e7\u00e3o de detector de fuma\u00e7a\" src=\"http:\/\/www.mfsincendio.com.br\/imagens\/informacoes\/\/instalacao-detector-fumaca-02.jpg\" alt=\"Instala\u00e7\u00e3o de detector de fuma\u00e7a\" \/><\/a><\/li>\n<li><a class=\"lightbox\" title=\"Instala\u00e7\u00e3o de detector de fuma\u00e7a\" href=\"http:\/\/www.mfsincendio.com.br\/imagens\/informacoes\/instalacao-detector-fumaca-03.jpg\" data-fancybox=\"group1\" data-caption=\"Instala\u00e7\u00e3o de detector de fuma\u00e7a\"><img decoding=\"async\" title=\"Instala\u00e7\u00e3o de detector de fuma\u00e7a\" src=\"http:\/\/www.mfsincendio.com.br\/imagens\/informacoes\/\/instalacao-detector-fumaca-03.jpg\" alt=\"Instala\u00e7\u00e3o de detector de fuma\u00e7a\" \/><\/a><\/li>\n<\/ul>\n<p class=\"alerta\">Clique nas imagens para ampliar<\/p>\n<h2>INSTALA\u00c7\u00c3O DE DETECTOR DE FUMA\u00c7A REALIZADO PELA EMPRESA MFS<\/h2>\n<p>A MFS realiza servi\u00e7o de instala\u00e7\u00e3o de detector de fuma\u00e7a. O detector de fuma\u00e7a tradicional consiste em um dispositivo de seguran\u00e7a contra inc\u00eandio, acionado quando detecta fuma\u00e7a e aquecimento nos seus sensores. Possui alta tecnologia eletr\u00f4nica, conforme as normas t\u00e9cnicas exigem e por isso \u00e9 muito eficiente, seguro e traz facilidades ao associar novos recursos ou sensores e acelera servi\u00e7os de manuten\u00e7\u00f5es devido \u00e0 alta tecnologia de seu sistema.<\/p>\n<p>A\u00a0<strong>instala\u00e7\u00e3o de detector de fuma\u00e7a<\/strong>\u00a0\u00e9 simples de executar, uma vez que este dispositivo n\u00e3o possui limita\u00e7\u00f5es \u00e0 troca. A instala\u00e7\u00e3o deve ser feita levando em considera\u00e7\u00e3o o espa\u00e7o para a possibilidade dos servi\u00e7os de conserva\u00e7\u00e3o, possibilitando livre acesso para seu conserto. T\u00e3o importante quanto \u00e0 proced\u00eancia do produto, \u00e9 a\u00a0<strong>instala\u00e7\u00e3o de detector de fuma\u00e7a<\/strong>, que deve ser feita por profissionais experientes e dedicados. Com a\u00a0<strong>instala\u00e7\u00e3o de detector de fuma\u00e7a<\/strong>, o local estar\u00e1 protegido de forma eficiente.<\/p>\n<h2>INSTALA\u00c7\u00c3O DE DETECTOR DE FUMA\u00c7A COM QUALIDADE<\/h2>\n<p>A MFS, empresa h\u00e1 quase 10 anos no mercado, realiza instala\u00e7\u00e3o de detector de fuma\u00e7a. Oferece tamb\u00e9m outros servi\u00e7os e comercializa produtos das mais renomeadas marcas da \u00e1rea. Produtos de proced\u00eancia nacional ou importada, com entrega eficiente em domic\u00edlio ou retirada na pr\u00f3pria empresa, formas de negocia\u00e7\u00e3o flex\u00edveis e dilu\u00eddas s\u00e3o alguns dos diferenciais da empresa. Com o intuito em melhor atender seus amigos e parceiros, a MFS aceita projetos feitos sob medida, os produtos demoram at\u00e9 15 dias para serem confeccionados e de acordo com a necessidade do cliente.<\/p>\n<p>Na sequ\u00eancia, alguns produtos comercializados pela MFS:<\/p>\n<ul class=\"list\">\n<li>Painel comando de bomba;<\/li>\n<li>Pressostatos para bomba de inc\u00eandio;<\/li>\n<li>Man\u00f4metros;<\/li>\n<li>Sistemas conex\u00f5es ranhurada e grooved;<\/li>\n<li>Alarme de inc\u00eandio;<\/li>\n<li>Detec\u00e7\u00e3o de fuma\u00e7a;<\/li>\n<li>Detector de calor.<\/li>\n<\/ul>\n<h2>A MFS GARANTE ENTREGA DENTRO DO PRAZO POR TODO O BRASIL<\/h2>\n<p>Especializada em sistema contra inc\u00eandio, a empresa MFS foi fundada em 2009. Contando com quase 10 anos de experi\u00eancia, a empresa assegura qualidade nos servi\u00e7os prestados, que se estende ao logo do estado de S\u00e3o Paulo. Os produtos comercializados pela MFS s\u00e3o entregues em todo o territ\u00f3rio nacional, respeitando os prazos estipulados no contrato.<\/p>\n<div class=\"more\">\n<h2>Para saber mais sobre Instala\u00e7\u00e3o de detector de fuma\u00e7a<\/h2>\n<p>Ligue para\u00a0<strong>11 2925-3675<\/strong>\u00a0ou\u00a0<a title=\"Envie um e-mail para MFS\" href=\"http:\/\/www.mfsincendio.com.br\/contato\" rel=\"nofollow\">clique aqui<\/a>\u00a0e entre em contato por email.<\/div>\n","protected":false},"excerpt":{"rendered":"<div class=\"slide-text-bg2\">\n<h3>Clique nas imagens para ampliar INSTALA\u00c7\u00c3O DE DETECTOR DE FUMA\u00c7A REALIZADO PELA EMPRESA MFS A MFS realiza servi\u00e7o de instala\u00e7\u00e3o<\/h3>\n<\/div>\n<div class=\"flex-btn-div\"><a href=\"https:\/\/mfsincendio.com.br\/?page_id=78\" class=\"btn1 flex-btn\">Ler mais<\/a><\/div>\n","protected":false},"author":1,"featured_media":0,"parent":0,"menu_order":0,"comment_status":"closed","ping_status":"closed","template":"","meta":{"_joinchat":[],"footnotes":""},"class_list":["post-78","page","type-page","status-publish","hentry"],"_links":{"self":[{"href":"https:\/\/mfsincendio.com.br\/index.php?rest_route=\/wp\/v2\/pages\/78","targetHints":{"allow":["GET"]}}],"collection":[{"href":"https:\/\/mfsincendio.com.br\/index.php?rest_route=\/wp\/v2\/pages"}],"about":[{"href":"https:\/\/mfsincendio.com.br\/index.php?rest_route=\/wp\/v2\/types\/page"}],"author":[{"embeddable":true,"href":"https:\/\/mfsincendio.com.br\/index.php?rest_route=\/wp\/v2\/users\/1"}],"replies":[{"embeddable":true,"href":"https:\/\/mfsincendio.com.br\/index.php?rest_route=%2Fwp%2Fv2%2Fcomments&post=78"}],"version-history":[{"count":0,"href":"https:\/\/mfsincendio.com.br\/index.php?rest_route=\/wp\/v2\/pages\/78\/revisions"}],"wp:attachment":[{"href":"https:\/\/mfsincendio.com.br\/index.php?rest_route=%2Fwp%2Fv2%2Fmedia&parent=78"}],"curies":[{"name":"wp","href":"https:\/\/api.w.org\/{rel}","templated":true}]}}