{"id":8,"date":"2018-09-14T18:02:42","date_gmt":"2018-09-14T18:02:42","guid":{"rendered":"http:\/\/ligadonanet.com.br\/mfs\/?page_id=8"},"modified":"2018-09-14T18:02:42","modified_gmt":"2018-09-14T18:02:42","slug":"rede-sprinkler","status":"publish","type":"page","link":"https:\/\/mfsincendio.com.br\/?page_id=8","title":{"rendered":"Rede Sprinkler"},"content":{"rendered":"<h2>Conhe\u00e7a Nossos Produtos<\/h2>\n<div class=\"col-6\">\n<ul class=\"list\">\n<li>Canopla para Sprinkler<\/li>\n<li>Chave de Fixa\u00e7\u00e3o para Sprinkler<\/li>\n<li>Gaiola para Sprinkler com Parafusos<\/li>\n<li>Gaiola para Sprinkler com Travas<\/li>\n<li>Sprinklers 68\u00baC<\/li>\n<li>Sprinklers 79\u00baC<\/li>\n<li>Sprinklers 94\u00baC<\/li>\n<li>Sprinklers 121\u00baC<\/li>\n<li>Sprinklers 143\u00baC<\/li>\n<\/ul>\n<\/div>\n<div class=\"col-6\">\n<ul class=\"thumbnails\">\n<li><a class=\"img-dentro lightbox\" title=\"Rede de Sprinkler\" href=\"http:\/\/www.mfsincendio.com.br\/imagens\/sprinklers.jpg\" data-fancybox=\"group1\"><img decoding=\"async\" title=\"Rede de Sprinkler\" src=\"http:\/\/www.mfsincendio.com.br\/imagens\/sprinklers.jpg\" alt=\"Rede de Sprinkler\" \/><\/a><\/li>\n<\/ul>\n<\/div>\n","protected":false},"excerpt":{"rendered":"<div class=\"slide-text-bg2\">\n<h3>Conhe\u00e7a Nossos Produtos Canopla para Sprinkler Chave de Fixa\u00e7\u00e3o para Sprinkler Gaiola para Sprinkler com Parafusos Gaiola para Sprinkler com<\/h3>\n<\/div>\n<div class=\"flex-btn-div\"><a href=\"https:\/\/mfsincendio.com.br\/?page_id=8\" class=\"btn1 flex-btn\">Ler mais<\/a><\/div>\n","protected":false},"author":1,"featured_media":0,"parent":0,"menu_order":0,"comment_status":"closed","ping_status":"closed","template":"","meta":{"_joinchat":[],"footnotes":""},"class_list":["post-8","page","type-page","status-publish","hentry"],"_links":{"self":[{"href":"https:\/\/mfsincendio.com.br\/index.php?rest_route=\/wp\/v2\/pages\/8","targetHints":{"allow":["GET"]}}],"collection":[{"href":"https:\/\/mfsincendio.com.br\/index.php?rest_route=\/wp\/v2\/pages"}],"about":[{"href":"https:\/\/mfsincendio.com.br\/index.php?rest_route=\/wp\/v2\/types\/page"}],"author":[{"embeddable":true,"href":"https:\/\/mfsincendio.com.br\/index.php?rest_route=\/wp\/v2\/users\/1"}],"replies":[{"embeddable":true,"href":"https:\/\/mfsincendio.com.br\/index.php?rest_route=%2Fwp%2Fv2%2Fcomments&post=8"}],"version-history":[{"count":0,"href":"https:\/\/mfsincendio.com.br\/index.php?rest_route=\/wp\/v2\/pages\/8\/revisions"}],"wp:attachment":[{"href":"https:\/\/mfsincendio.com.br\/index.php?rest_route=%2Fwp%2Fv2%2Fmedia&parent=8"}],"curies":[{"name":"wp","href":"https:\/\/api.w.org\/{rel}","templated":true}]}}