{"id":80,"date":"2018-09-14T19:01:57","date_gmt":"2018-09-14T19:01:57","guid":{"rendered":"http:\/\/ligadonanet.com.br\/mfs\/?page_id=80"},"modified":"2018-09-14T19:01:57","modified_gmt":"2018-09-14T19:01:57","slug":"instalacao-de-equipamentos-contra-incendio","status":"publish","type":"page","link":"https:\/\/mfsincendio.com.br\/?page_id=80","title":{"rendered":"Instala\u00e7\u00e3o de equipamentos contra inc\u00eandio"},"content":{"rendered":"<ul class=\"gallery\">\n<li><a class=\"lightbox\" title=\"Instala\u00e7\u00e3o de equipamentos contra inc\u00eandio\" href=\"http:\/\/www.mfsincendio.com.br\/imagens\/informacoes\/instalacao-equipamentos-incendio-01.jpg\" data-fancybox=\"group1\" data-caption=\"Instala\u00e7\u00e3o de equipamentos contra inc\u00eandio\"><img decoding=\"async\" title=\"Instala\u00e7\u00e3o de equipamentos contra inc\u00eandio\" src=\"http:\/\/www.mfsincendio.com.br\/imagens\/informacoes\/\/instalacao-equipamentos-incendio-01.jpg\" alt=\"Instala\u00e7\u00e3o de equipamentos contra inc\u00eandio\" \/><\/a><\/li>\n<li><a class=\"lightbox\" title=\"Instala\u00e7\u00e3o de equipamentos contra inc\u00eandio\" href=\"http:\/\/www.mfsincendio.com.br\/imagens\/informacoes\/instalacao-equipamentos-incendio-02.jpg\" data-fancybox=\"group1\" data-caption=\"Instala\u00e7\u00e3o de equipamentos contra inc\u00eandio\"><img decoding=\"async\" title=\"Instala\u00e7\u00e3o de equipamentos contra inc\u00eandio\" src=\"http:\/\/www.mfsincendio.com.br\/imagens\/informacoes\/\/instalacao-equipamentos-incendio-02.jpg\" alt=\"Instala\u00e7\u00e3o de equipamentos contra inc\u00eandio\" \/><\/a><\/li>\n<li><a class=\"lightbox\" title=\"Instala\u00e7\u00e3o de equipamentos contra inc\u00eandio\" href=\"http:\/\/www.mfsincendio.com.br\/imagens\/informacoes\/instalacao-equipamentos-incendio-03.jpg\" data-fancybox=\"group1\" data-caption=\"Instala\u00e7\u00e3o de equipamentos contra inc\u00eandio\"><img decoding=\"async\" title=\"Instala\u00e7\u00e3o de equipamentos contra inc\u00eandio\" src=\"http:\/\/www.mfsincendio.com.br\/imagens\/informacoes\/\/instalacao-equipamentos-incendio-03.jpg\" alt=\"Instala\u00e7\u00e3o de equipamentos contra inc\u00eandio\" \/><\/a><\/li>\n<\/ul>\n<p class=\"alerta\">Clique nas imagens para ampliar<\/p>\n<h2>BENEF\u00cdCIOS NA INSTALA\u00c7\u00c3O DE EQUIPAMENTOS CONTRA INC\u00caNDIO<\/h2>\n<p>Realizar a\u00a0<strong>instala\u00e7\u00e3o de equipamentos contra inc\u00eandio<\/strong>\u00a0\u00e9, sem d\u00favidas, uma das atitudes mais respons\u00e1veis que ambientes, como lojas, shoppings, f\u00e1bricas, condom\u00ednios corporativos ou residenciais e outros locais de grande circula\u00e7\u00e3o p\u00fablica podem realizar. Isso porque essas instala\u00e7\u00f5es certificam um ambiente totalmente prevenido contra emerg\u00eancias com inc\u00eandios, por\u00e9m, caso elas ainda ocorram, estes locais est\u00e3o totalmente preparados para uma atua\u00e7\u00e3o \u00e1gil e funcional contra as chamas. Essa\u00a0<strong>instala\u00e7\u00e3o de equipamentos contra inc\u00eandio<\/strong>\u00a0\u00e9, inclusive, obrigat\u00f3ria em determinados ambientes e deve sempre ser desenvolvida conforme um estudo estruturado por profissionais capacitados na \u00e1rea.<\/p>\n<p>Ao realizar a\u00a0<strong>instala\u00e7\u00e3o de equipamentos contra inc\u00eandio<\/strong>, uma determinada empresa proporciona a utiliza\u00e7\u00e3o de equipamentos e sistemas totalmente funcionais e preparados para oferecer n\u00e3o apenas a seguran\u00e7a ao patrim\u00f4nio como tamb\u00e9m \u00e0s pessoas presentes nos locais. Entre os itens que fazem parte da\u00a0<strong>instala\u00e7\u00e3o de equipamentos contra inc\u00eandio<\/strong>, por exemplo, est\u00e3o:<\/p>\n<ul class=\"list\">\n<li>Extintores de inc\u00eandio;<\/li>\n<li>Sistemas de ilumina\u00e7\u00e3o de seguran\u00e7a;<\/li>\n<li>Sensores de detec\u00e7\u00e3o de fuma\u00e7a ou alta temperatura;<\/li>\n<li>Alarmes sonoros.<\/li>\n<\/ul>\n<p>Desta forma, \u00e9 poss\u00edvel compreender o qu\u00e3o importante \u00e9 a\u00a0<strong>instala\u00e7\u00e3o de equipamentos contra inc\u00eandio<\/strong>nesses locais, visto que a maioria destes itens funciona de maneira autom\u00e1tica, oferecendo maior colabora\u00e7\u00e3o no abandono do local e aux\u00edlio \u00e0 equipe do corpo de bombeiros.<\/p>\n<h2>QUEM PODE OFERECER A INSTALA\u00c7\u00c3O DE EQUIPAMENTOS CONTRA INC\u00caNDIO?<\/h2>\n<p>\u00c9 fundamental, para garantir a qualidade na\u00a0<strong>instala\u00e7\u00e3o de equipamentos contra inc\u00eandio<\/strong>, contar com empresas especializadas nesse segmento. Afinal, apenas elas podem oferecer total qualidade nesse servi\u00e7o, desenvolvendo-o conforme a necessidade de cada local, com os equipamentos mais qualificados, eficientes e dentro das normas de seguran\u00e7a.<\/p>\n<h2>A MFS OFERECE A MELHOR INSTALA\u00c7\u00c3O DE EQUIPAMENTOS CONTRA INC\u00caNDIO<\/h2>\n<p>Localizada na Zona Norte da capital paulistana, a MFS, desde 2009, segue conquistando cada vez mais ovos clientes e garantindo a eles o melhor neg\u00f3cio. E isso ocorre gra\u00e7as \u00e0 seriedade que essa empresa atua no dia a dia, sempre certificando os mais eficientes equipamentos e servi\u00e7os, todos testados e desenvolvidos com os melhores materiais. Al\u00e9m disso, a empresa conta com um quadro de funcion\u00e1rios totalmente experientes no ramo, que possibilitam sempre um atendimento de excel\u00eancia.<\/p>\n<div class=\"more\">\n<h2>Para saber mais sobre Instala\u00e7\u00e3o de equipamentos contra inc\u00eandio<\/h2>\n<p>Ligue para\u00a0<strong>11 2925-3675<\/strong>\u00a0ou\u00a0<a title=\"Envie um e-mail para MFS\" href=\"http:\/\/www.mfsincendio.com.br\/contato\" rel=\"nofollow\">clique aqui<\/a>\u00a0e entre em contato por email.<\/div>\n","protected":false},"excerpt":{"rendered":"<div class=\"slide-text-bg2\">\n<h3>Clique nas imagens para ampliar BENEF\u00cdCIOS NA INSTALA\u00c7\u00c3O DE EQUIPAMENTOS CONTRA INC\u00caNDIO Realizar a\u00a0instala\u00e7\u00e3o de equipamentos contra inc\u00eandio\u00a0\u00e9, sem d\u00favidas,<\/h3>\n<\/div>\n<div class=\"flex-btn-div\"><a href=\"https:\/\/mfsincendio.com.br\/?page_id=80\" class=\"btn1 flex-btn\">Ler mais<\/a><\/div>\n","protected":false},"author":1,"featured_media":0,"parent":0,"menu_order":0,"comment_status":"closed","ping_status":"closed","template":"","meta":{"_joinchat":[],"footnotes":""},"class_list":["post-80","page","type-page","status-publish","hentry"],"_links":{"self":[{"href":"https:\/\/mfsincendio.com.br\/index.php?rest_route=\/wp\/v2\/pages\/80","targetHints":{"allow":["GET"]}}],"collection":[{"href":"https:\/\/mfsincendio.com.br\/index.php?rest_route=\/wp\/v2\/pages"}],"about":[{"href":"https:\/\/mfsincendio.com.br\/index.php?rest_route=\/wp\/v2\/types\/page"}],"author":[{"embeddable":true,"href":"https:\/\/mfsincendio.com.br\/index.php?rest_route=\/wp\/v2\/users\/1"}],"replies":[{"embeddable":true,"href":"https:\/\/mfsincendio.com.br\/index.php?rest_route=%2Fwp%2Fv2%2Fcomments&post=80"}],"version-history":[{"count":0,"href":"https:\/\/mfsincendio.com.br\/index.php?rest_route=\/wp\/v2\/pages\/80\/revisions"}],"wp:attachment":[{"href":"https:\/\/mfsincendio.com.br\/index.php?rest_route=%2Fwp%2Fv2%2Fmedia&parent=80"}],"curies":[{"name":"wp","href":"https:\/\/api.w.org\/{rel}","templated":true}]}}