{"id":82,"date":"2018-09-14T19:02:17","date_gmt":"2018-09-14T19:02:17","guid":{"rendered":"http:\/\/ligadonanet.com.br\/mfs\/?page_id=82"},"modified":"2018-09-14T19:02:17","modified_gmt":"2018-09-14T19:02:17","slug":"instalacao-de-hidrantes","status":"publish","type":"page","link":"https:\/\/mfsincendio.com.br\/?page_id=82","title":{"rendered":"Instala\u00e7\u00e3o de hidrantes"},"content":{"rendered":"<ul class=\"gallery\">\n<li><a class=\"lightbox\" title=\"Instala\u00e7\u00e3o de hidrantes\" href=\"http:\/\/www.mfsincendio.com.br\/imagens\/informacoes\/instalacao-hidrantes-01.jpg\" data-fancybox=\"group1\" data-caption=\"Instala\u00e7\u00e3o de hidrantes\"><img decoding=\"async\" title=\"Instala\u00e7\u00e3o de hidrantes\" src=\"http:\/\/www.mfsincendio.com.br\/imagens\/informacoes\/\/instalacao-hidrantes-01.jpg\" alt=\"Instala\u00e7\u00e3o de hidrantes\" \/><\/a><\/li>\n<li><a class=\"lightbox\" title=\"Instala\u00e7\u00e3o de hidrantes\" href=\"http:\/\/www.mfsincendio.com.br\/imagens\/informacoes\/instalacao-hidrantes-02.jpg\" data-fancybox=\"group1\" data-caption=\"Instala\u00e7\u00e3o de hidrantes\"><img decoding=\"async\" title=\"Instala\u00e7\u00e3o de hidrantes\" src=\"http:\/\/www.mfsincendio.com.br\/imagens\/informacoes\/\/instalacao-hidrantes-02.jpg\" alt=\"Instala\u00e7\u00e3o de hidrantes\" \/><\/a><\/li>\n<li><a class=\"lightbox\" title=\"Instala\u00e7\u00e3o de hidrantes\" href=\"http:\/\/www.mfsincendio.com.br\/imagens\/informacoes\/instalacao-hidrantes-03.jpg\" data-fancybox=\"group1\" data-caption=\"Instala\u00e7\u00e3o de hidrantes\"><img decoding=\"async\" title=\"Instala\u00e7\u00e3o de hidrantes\" src=\"http:\/\/www.mfsincendio.com.br\/imagens\/informacoes\/\/instalacao-hidrantes-03.jpg\" alt=\"Instala\u00e7\u00e3o de hidrantes\" \/><\/a><\/li>\n<\/ul>\n<p class=\"alerta\">Clique nas imagens para ampliar<\/p>\n<h2>O QUE \u00c9 A INSTALA\u00c7\u00c3O DE HIDRANTES?<\/h2>\n<p>A\u00a0<strong>instala\u00e7\u00e3o de hidrantes<\/strong>\u00a0\u00e9 um servi\u00e7o de alt\u00edssima efici\u00eancia e fundamental aos mais diversos locais. Tanto que esses equipamentos est\u00e3o presentes em condom\u00ednios residenciais e corporativos, com\u00e9rcios e ind\u00fastrias em geral. E isso ocorre devido \u00e0 necessidade destes ambientes estarem sempre equipados com os melhores sistemas e acess\u00f3rios que colaboram contra inc\u00eandios.\u00a0 A\u00a0<strong>instala\u00e7\u00e3o de hidrantes<\/strong>\u00a0\u00e9, portanto, uma atividade de extrema preven\u00e7\u00e3o, que \u00e9 desenvolvida por profissionais especializados no assunto ap\u00f3s uma an\u00e1lise bastante estruturada sobre determinado terreno. Ou seja, totalmente de acordo com as normas de seguran\u00e7a.<\/p>\n<p>Definidos como pontos de tomadas de \u00e1gua, conforme as normas t\u00e9cnicas, os hidrantes s\u00e3o equipamentos que oferecem, em casos de emerg\u00eancia, um fluxo de \u00e1gua de grandes propor\u00e7\u00f5es, visando, assim, um combate mais \u00e1gil contra o inc\u00eandio, gra\u00e7as \u00e0 localiza\u00e7\u00e3o onde o item ser\u00e1 aplicado durante a\u00a0<strong>instala\u00e7\u00e3o de hidrantes<\/strong>. Isto \u00e9, eles est\u00e3o localizados em pontos espec\u00edficos, diretamente ligados ao sistema urbano de abastecimento de \u00e1gua e em um local de f\u00e1cil acesso \u00e0s edifica\u00e7\u00f5es em momentos de emerg\u00eancia. Cabe \u00e0\u00a0<strong>instala\u00e7\u00e3o de hidrantes<\/strong>, portanto, realizar um projeto bastante detalhado acerca do local onde ser\u00e1 instalado, na mesma medida que \u00e9 essencial contar com materiais resistentes na composi\u00e7\u00e3o desse item, assim como com demais acess\u00f3rios, por exemplo, mangueiras, tamp\u00f5es, adaptadores e outros.<\/p>\n<h2>INSTALA\u00c7\u00c3O DE HIDRANTES \u00c9 S\u00d3 COM ESPECIALISTAS<\/h2>\n<p>Ao contar com profissionais preparados para a realiza\u00e7\u00e3o da\u00a0<strong>instala\u00e7\u00e3o de hidrantes<\/strong>, \u00e9 garantido um equipamento que oferecer\u00e1 colabora\u00e7\u00e3o em casos de emerg\u00eancia. Afinal, apenas especialistas oferecem:<\/p>\n<ul class=\"list\">\n<li>Equipamentos modernos e resistentes;<\/li>\n<li>An\u00e1lise e estudo qualificados antes da instala\u00e7\u00e3o;<\/li>\n<li>Instala\u00e7\u00e3o com efici\u00eancia.<\/li>\n<\/ul>\n<h2>A MFS \u00c9 REFER\u00caNCIA NO SERVI\u00c7O DE INSTALA\u00c7\u00c3O DE HIDRANTES<\/h2>\n<p>Oferecendo aos seus clientes servi\u00e7os de excel\u00eancia, qualidade e habilidade, a MFS est\u00e1 entre as empresas que mais crescem no setor de equipamentos e servi\u00e7os para combate a inc\u00eandio. A empresa oferece uma grande variedade de sistemas e utens\u00edlios e, al\u00e9m disso, disponibiliza uma equipe qualificada no setor. Por esse motivo, \u00e9 comum que seus antigos clientes sempre\u00a0 indiquem a empresa gra\u00e7as \u00e0 qualidade nos servi\u00e7os contratados. A MFS est\u00e1 localizada em S\u00e3o Paulo e atende a clientes em todo o Brasil.<\/p>\n<div class=\"more\">\n<h2>Para saber mais sobre Instala\u00e7\u00e3o de hidrantes<\/h2>\n<p>Ligue para\u00a0<strong>11 2925-3675<\/strong>\u00a0ou\u00a0<a title=\"Envie um e-mail para MFS\" href=\"http:\/\/www.mfsincendio.com.br\/contato\" rel=\"nofollow\">clique aqui<\/a>\u00a0e entre em contato por email.<\/div>\n","protected":false},"excerpt":{"rendered":"<div class=\"slide-text-bg2\">\n<h3>Clique nas imagens para ampliar O QUE \u00c9 A INSTALA\u00c7\u00c3O DE HIDRANTES? A\u00a0instala\u00e7\u00e3o de hidrantes\u00a0\u00e9 um servi\u00e7o de alt\u00edssima efici\u00eancia<\/h3>\n<\/div>\n<div class=\"flex-btn-div\"><a href=\"https:\/\/mfsincendio.com.br\/?page_id=82\" class=\"btn1 flex-btn\">Ler mais<\/a><\/div>\n","protected":false},"author":1,"featured_media":0,"parent":0,"menu_order":0,"comment_status":"closed","ping_status":"closed","template":"","meta":{"_joinchat":[],"footnotes":""},"class_list":["post-82","page","type-page","status-publish","hentry"],"_links":{"self":[{"href":"https:\/\/mfsincendio.com.br\/index.php?rest_route=\/wp\/v2\/pages\/82","targetHints":{"allow":["GET"]}}],"collection":[{"href":"https:\/\/mfsincendio.com.br\/index.php?rest_route=\/wp\/v2\/pages"}],"about":[{"href":"https:\/\/mfsincendio.com.br\/index.php?rest_route=\/wp\/v2\/types\/page"}],"author":[{"embeddable":true,"href":"https:\/\/mfsincendio.com.br\/index.php?rest_route=\/wp\/v2\/users\/1"}],"replies":[{"embeddable":true,"href":"https:\/\/mfsincendio.com.br\/index.php?rest_route=%2Fwp%2Fv2%2Fcomments&post=82"}],"version-history":[{"count":0,"href":"https:\/\/mfsincendio.com.br\/index.php?rest_route=\/wp\/v2\/pages\/82\/revisions"}],"wp:attachment":[{"href":"https:\/\/mfsincendio.com.br\/index.php?rest_route=%2Fwp%2Fv2%2Fmedia&parent=82"}],"curies":[{"name":"wp","href":"https:\/\/api.w.org\/{rel}","templated":true}]}}