{"id":84,"date":"2018-09-14T19:03:32","date_gmt":"2018-09-14T19:03:32","guid":{"rendered":"http:\/\/ligadonanet.com.br\/mfs\/?page_id=84"},"modified":"2018-09-14T19:03:32","modified_gmt":"2018-09-14T19:03:32","slug":"instalacao-de-iluminacao-de-emergencia","status":"publish","type":"page","link":"https:\/\/mfsincendio.com.br\/?page_id=84","title":{"rendered":"Instala\u00e7\u00e3o de ilumina\u00e7\u00e3o de emerg\u00eancia"},"content":{"rendered":"<ul class=\"gallery\">\n<li><a class=\"lightbox\" title=\"Instala\u00e7\u00e3o de ilumina\u00e7\u00e3o de emerg\u00eancia\" href=\"http:\/\/www.mfsincendio.com.br\/imagens\/informacoes\/instalacao-iluminacao-emergencia-01.jpg\" data-fancybox=\"group1\" data-caption=\"Instala\u00e7\u00e3o de ilumina\u00e7\u00e3o de emerg\u00eancia\"><img decoding=\"async\" title=\"Instala\u00e7\u00e3o de ilumina\u00e7\u00e3o de emerg\u00eancia\" src=\"http:\/\/www.mfsincendio.com.br\/imagens\/informacoes\/\/instalacao-iluminacao-emergencia-01.jpg\" alt=\"Instala\u00e7\u00e3o de ilumina\u00e7\u00e3o de emerg\u00eancia\" \/><\/a><\/li>\n<li><a class=\"lightbox\" title=\"Instala\u00e7\u00e3o de ilumina\u00e7\u00e3o de emerg\u00eancia\" href=\"http:\/\/www.mfsincendio.com.br\/imagens\/informacoes\/instalacao-iluminacao-emergencia-02.jpg\" data-fancybox=\"group1\" data-caption=\"Instala\u00e7\u00e3o de ilumina\u00e7\u00e3o de emerg\u00eancia\"><img decoding=\"async\" title=\"Instala\u00e7\u00e3o de ilumina\u00e7\u00e3o de emerg\u00eancia\" src=\"http:\/\/www.mfsincendio.com.br\/imagens\/informacoes\/\/instalacao-iluminacao-emergencia-02.jpg\" alt=\"Instala\u00e7\u00e3o de ilumina\u00e7\u00e3o de emerg\u00eancia\" \/><\/a><\/li>\n<li><a class=\"lightbox\" title=\"Instala\u00e7\u00e3o de ilumina\u00e7\u00e3o de emerg\u00eancia\" href=\"http:\/\/www.mfsincendio.com.br\/imagens\/informacoes\/instalacao-iluminacao-emergencia-03.jpg\" data-fancybox=\"group1\" data-caption=\"Instala\u00e7\u00e3o de ilumina\u00e7\u00e3o de emerg\u00eancia\"><img decoding=\"async\" title=\"Instala\u00e7\u00e3o de ilumina\u00e7\u00e3o de emerg\u00eancia\" src=\"http:\/\/www.mfsincendio.com.br\/imagens\/informacoes\/\/instalacao-iluminacao-emergencia-03.jpg\" alt=\"Instala\u00e7\u00e3o de ilumina\u00e7\u00e3o de emerg\u00eancia\" \/><\/a><\/li>\n<\/ul>\n<p class=\"alerta\">Clique nas imagens para ampliar<\/p>\n<h2>INSTALA\u00c7\u00c3O DE ILUMINA\u00c7\u00c3O DE EMERG\u00caNCIA PREVINE ACIDENTES<\/h2>\n<p>Uma boa\u00a0<strong>instala\u00e7\u00e3o de ilumina\u00e7\u00e3o de emerg\u00eancia<\/strong>\u00a0serve, principalmente, para auxiliar a evacua\u00e7\u00e3o dos ambientes em situa\u00e7\u00f5es extremas de risco, como inc\u00eandios, desabamentos, entre outros acidentes, al\u00e9m de iluminar salas, escadas e corredores. Essa\u00a0<strong>instala\u00e7\u00e3o de ilumina\u00e7\u00e3o de emerg\u00eancia<\/strong>\u00a0geralmente est\u00e1 presente em locais com grande fluxo de pessoas, como pr\u00e9dios e edif\u00edcios, reparti\u00e7\u00f5es p\u00fablicas, escolas, escrit\u00f3rios e hospitais, mas cada um desses ambientes \u00e9 aplicado o tipo de\u00a0<strong>instala\u00e7\u00e3o de ilumina\u00e7\u00e3o de emerg\u00eancia<\/strong>adequado.<\/p>\n<p>Assim, uma\u00a0<strong>instala\u00e7\u00e3o de ilumina\u00e7\u00e3o de emerg\u00eancia<\/strong>\u00a0\u00e9 muito importante em locais de trabalho, para que o trabalhador evacue o local em seguran\u00e7a.<\/p>\n<h2>INSTALA\u00c7\u00c3O DE ILUMINA\u00c7\u00c3O DE EMERG\u00caNCIA DA MFS<\/h2>\n<p>A MFS realiza instala\u00e7\u00e3o de ilumina\u00e7\u00e3o de emerg\u00eancia atendendo a norma ABNT NBR 10.898, que determina, atrav\u00e9s de um c\u00e1lculo, locais onde ser\u00e3o instaladas as lumin\u00e1rias para ilumina\u00e7\u00e3o de trechos com mudan\u00e7as de dire\u00e7\u00e3o ou ambientes amplos e corredores.<\/p>\n<p>A\u00a0<strong>instala\u00e7\u00e3o de ilumina\u00e7\u00e3o de emerg\u00eancia<\/strong>\u00a0\u00e9 feita com lumin\u00e1rias de diversos modelos, importadas e nacionais. A MFS trabalha sempre com marcas l\u00edderes de mercado, equipamentos com pronta-entrega ou sob encomenda. A empresa possui atendimento personalizado por engenheiro ou projetista, que realiza uma visita ao local para criar o projeto de forma exclusiva e adequada. Oferece tamb\u00e9m contrato para manuten\u00e7\u00f5es de seguran\u00e7a mensais, pois um t\u00e9cnico agenda uma visita para verificar o local mensalmente de forma preventiva. Al\u00e9m disso, a MFS oferece garantia tanto para os servi\u00e7os de manuten\u00e7\u00e3o quanto para as obras.<\/p>\n<h2>A MFS presta servi\u00e7os para:<\/h2>\n<ul class=\"list\">\n<li>Escrit\u00f3rios;<\/li>\n<li>Condom\u00ednios;<\/li>\n<li>Mercados;<\/li>\n<li>Shoppings;<\/li>\n<li>Empresas de diversos setores;<\/li>\n<li>Construtoras.<\/li>\n<\/ul>\n<p>Ap\u00f3s a visita t\u00e9cnica, o or\u00e7amento \u00e9 enviado em at\u00e9 tr\u00eas dias.<\/p>\n<h2>DISTRIBUI\u00c7\u00c3O DE EQUIPAMENTOS PARA TODO BRASIL<\/h2>\n<p>A MFS realiza venda de seus produtos para todo o pa\u00eds h\u00e1 cerca de dez anos, este tempo de mercado lhe garante grande experi\u00eancia com equipamentos de combate a inc\u00eandio e instala\u00e7\u00f5es de sistemas preventivos.<\/p>\n<p>Com m\u00e3o de obra t\u00e9cnica, formada por profissionais especializados, a empresa presta servi\u00e7o em todo o estado de S\u00e3o Paulo. Conta tamb\u00e9m com uma equipe de engenheiros, projetistas e vendedores.<\/p>\n<p>A MFS n\u00e3o necessita da contrata\u00e7\u00e3o de empresas terceirizadas para os servi\u00e7os, pois seus funcion\u00e1rios s\u00e3o experientes no ramo. Qualquer esclarecimento pode ser feito entrando em contato atrav\u00e9s de telefone e\/ou e-mail dispon\u00edveis no site.<\/p>\n<div class=\"more\">\n<h2>Para saber mais sobre Instala\u00e7\u00e3o de ilumina\u00e7\u00e3o de emerg\u00eancia<\/h2>\n<p>Ligue para\u00a0<strong>11 2925-3675<\/strong>\u00a0ou\u00a0<a title=\"Envie um e-mail para MFS\" href=\"http:\/\/www.mfsincendio.com.br\/contato\" rel=\"nofollow\">clique aqui<\/a>\u00a0e entre em contato por email.<\/div>\n","protected":false},"excerpt":{"rendered":"<div class=\"slide-text-bg2\">\n<h3>Clique nas imagens para ampliar INSTALA\u00c7\u00c3O DE ILUMINA\u00c7\u00c3O DE EMERG\u00caNCIA PREVINE ACIDENTES Uma boa\u00a0instala\u00e7\u00e3o de ilumina\u00e7\u00e3o de emerg\u00eancia\u00a0serve, principalmente, para<\/h3>\n<\/div>\n<div class=\"flex-btn-div\"><a href=\"https:\/\/mfsincendio.com.br\/?page_id=84\" class=\"btn1 flex-btn\">Ler mais<\/a><\/div>\n","protected":false},"author":1,"featured_media":0,"parent":0,"menu_order":0,"comment_status":"closed","ping_status":"closed","template":"","meta":{"_joinchat":[],"footnotes":""},"class_list":["post-84","page","type-page","status-publish","hentry"],"_links":{"self":[{"href":"https:\/\/mfsincendio.com.br\/index.php?rest_route=\/wp\/v2\/pages\/84","targetHints":{"allow":["GET"]}}],"collection":[{"href":"https:\/\/mfsincendio.com.br\/index.php?rest_route=\/wp\/v2\/pages"}],"about":[{"href":"https:\/\/mfsincendio.com.br\/index.php?rest_route=\/wp\/v2\/types\/page"}],"author":[{"embeddable":true,"href":"https:\/\/mfsincendio.com.br\/index.php?rest_route=\/wp\/v2\/users\/1"}],"replies":[{"embeddable":true,"href":"https:\/\/mfsincendio.com.br\/index.php?rest_route=%2Fwp%2Fv2%2Fcomments&post=84"}],"version-history":[{"count":0,"href":"https:\/\/mfsincendio.com.br\/index.php?rest_route=\/wp\/v2\/pages\/84\/revisions"}],"wp:attachment":[{"href":"https:\/\/mfsincendio.com.br\/index.php?rest_route=%2Fwp%2Fv2%2Fmedia&parent=84"}],"curies":[{"name":"wp","href":"https:\/\/api.w.org\/{rel}","templated":true}]}}