{"id":88,"date":"2018-09-14T19:04:45","date_gmt":"2018-09-14T19:04:45","guid":{"rendered":"http:\/\/ligadonanet.com.br\/mfs\/?page_id=88"},"modified":"2018-09-14T19:04:45","modified_gmt":"2018-09-14T19:04:45","slug":"instalacao-de-sistema-de-alarme-de-incendio","status":"publish","type":"page","link":"https:\/\/mfsincendio.com.br\/?page_id=88","title":{"rendered":"Instala\u00e7\u00e3o de sistema de alarme de inc\u00eandio"},"content":{"rendered":"<ul class=\"gallery\">\n<li><a class=\"lightbox\" title=\"Instala\u00e7\u00e3o de sistema de alarme de inc\u00eandio\" href=\"http:\/\/www.mfsincendio.com.br\/imagens\/informacoes\/instalacao-sistema-alarme-incendio-01.jpg\" data-fancybox=\"group1\" data-caption=\"Instala\u00e7\u00e3o de sistema de alarme de inc\u00eandio\"><img decoding=\"async\" title=\"Instala\u00e7\u00e3o de sistema de alarme de inc\u00eandio\" src=\"http:\/\/www.mfsincendio.com.br\/imagens\/informacoes\/\/instalacao-sistema-alarme-incendio-01.jpg\" alt=\"Instala\u00e7\u00e3o de sistema de alarme de inc\u00eandio\" \/><\/a><\/li>\n<li><a class=\"lightbox\" title=\"Instala\u00e7\u00e3o de sistema de alarme de inc\u00eandio\" href=\"http:\/\/www.mfsincendio.com.br\/imagens\/informacoes\/instalacao-sistema-alarme-incendio-02.jpg\" data-fancybox=\"group1\" data-caption=\"Instala\u00e7\u00e3o de sistema de alarme de inc\u00eandio\"><img decoding=\"async\" title=\"Instala\u00e7\u00e3o de sistema de alarme de inc\u00eandio\" src=\"http:\/\/www.mfsincendio.com.br\/imagens\/informacoes\/\/instalacao-sistema-alarme-incendio-02.jpg\" alt=\"Instala\u00e7\u00e3o de sistema de alarme de inc\u00eandio\" \/><\/a><\/li>\n<li><a class=\"lightbox\" title=\"Instala\u00e7\u00e3o de sistema de alarme de inc\u00eandio\" href=\"http:\/\/www.mfsincendio.com.br\/imagens\/informacoes\/instalacao-sistema-alarme-incendio-03.jpg\" data-fancybox=\"group1\" data-caption=\"Instala\u00e7\u00e3o de sistema de alarme de inc\u00eandio\"><img decoding=\"async\" title=\"Instala\u00e7\u00e3o de sistema de alarme de inc\u00eandio\" src=\"http:\/\/www.mfsincendio.com.br\/imagens\/informacoes\/\/instalacao-sistema-alarme-incendio-03.jpg\" alt=\"Instala\u00e7\u00e3o de sistema de alarme de inc\u00eandio\" \/><\/a><\/li>\n<\/ul>\n<p class=\"alerta\">Clique nas imagens para ampliar<\/p>\n<h2>INSTALA\u00c7\u00c3O DE SISTEMA DE ALARME DE INC\u00caNDIO COM DETEC\u00c7\u00c3O \u00c1GIL<\/h2>\n<p>A composi\u00e7\u00e3o de projetos de combate a inc\u00eandio depende de diversos sistemas integrados que colaboram tanto para a neutraliza\u00e7\u00e3o das chamas quanto para a evacua\u00e7\u00e3o do pr\u00e9dio. A\u00a0<strong>instala\u00e7\u00e3o de sistema de alarme de inc\u00eandio<\/strong>\u00a0\u00e9 um exemplo de componente indispens\u00e1vel para um projeto consistente.<\/p>\n<p>Uma edifica\u00e7\u00e3o que conta com a\u00a0<strong>instala\u00e7\u00e3o de sistema de alarme de inc\u00eandio<\/strong>\u00a0oferece seguran\u00e7a aos seus frequentadores. Sistemas apurados permitem a detec\u00e7\u00e3o \u00e1gil dos ind\u00edcios de inc\u00eandio, viabilizando evacua\u00e7\u00f5es seguras e in\u00edcio imediato do combate \u00e0s chamas.<\/p>\n<h2>OP\u00c7\u00d5ES PARA A INSTALA\u00c7\u00c3O DE SISTEMA DE ALARME DE INC\u00caNDIO<\/h2>\n<p>A efici\u00eancia de uma\u00a0<strong>instala\u00e7\u00e3o de sistema de alarme de inc\u00eandio<\/strong>\u00a0depende da escolha adequada do tipo de equipamento a ser utilizado. Fatores, como as propor\u00e7\u00f5es do pr\u00e9dio e o tipo de tr\u00e2nsito de pessoas no local, configuram vari\u00e1veis que devem ser analisadas na escolha dos sistemas.<\/p>\n<p>Visando atender \u00e0s necessidades de empreendimentos de diversos tipos, a MFS oferece uma ampla linha de produtos, equipamentos e sistemas de preven\u00e7\u00e3o e combate a inc\u00eandios. Sua linha de alarmes de inc\u00eandio convencionais conta com:<\/p>\n<ul class=\"list\">\n<li>Central de alarme de inc\u00eandio;<\/li>\n<li>Detectores de fuma\u00e7a;<\/li>\n<li>Acionador de alarme de inc\u00eandio;<\/li>\n<li>Sirenes de inc\u00eandio.<\/li>\n<\/ul>\n<p>Para a\u00a0<strong>instala\u00e7\u00e3o de sistema de alarme de inc\u00eandio<\/strong>\u00a0endere\u00e7\u00e1vel, a MFS oferece:<\/p>\n<ul class=\"list\">\n<li>Central de alarme de inc\u00eandio endere\u00e7\u00e1vel;<\/li>\n<li>Detectores de fuma\u00e7a endere\u00e7\u00e1veis;<\/li>\n<li>Sirenes de inc\u00eandio;<\/li>\n<li>Acionador de alarme;<\/li>\n<li>Cabos de detec\u00e7\u00e3o.<\/li>\n<\/ul>\n<h2>DIFEREN\u00c7AS ENTRE OS SISTEMAS DE ALARME CONVENCIONAIS E OS ENDERE\u00c7\u00c1VEIS<\/h2>\n<p>As op\u00e7\u00f5es dispon\u00edveis para a\u00a0<strong>instala\u00e7\u00e3o de sistema de alarme de inc\u00eandio<\/strong>\u00a0s\u00e3o: sistema convencional e sistema endere\u00e7\u00e1vel. O sistema convencional \u00e9 direcionado para projetos mais simples. Sua composi\u00e7\u00e3o conta com uma central e detectores, sendo cada detector respons\u00e1vel pela cobertura de um setor da edifica\u00e7\u00e3o. Isso possibilita que o sistema convencional informe em qual setor ocorreu o disparo do alarme. O sistema endere\u00e7\u00e1vel possui um modo de funcionamento semelhante, por\u00e9m mais preciso. Contando com detectores endere\u00e7ados (n\u00fameros de identifica\u00e7\u00e3o), o sistema permite o reconhecimento do local e a causa do disparo do alarme.<\/p>\n<p>A MFS comercializa equipamentos em diversas marcas, tanto nacionais quanto importados, e presta o servi\u00e7o de instala\u00e7\u00e3o de sistema de alarme de inc\u00eandio. A empresa atende a todo o Brasil. A execu\u00e7\u00e3o de instala\u00e7\u00f5es \u00e9 oferecida para clientes localizados no estado de S\u00e3o Paulo.<\/p>\n<div class=\"more\">\n<h2>Para saber mais sobre Instala\u00e7\u00e3o de sistema de alarme de inc\u00eandio<\/h2>\n<p>Ligue para\u00a0<strong>11 2925-3675<\/strong>\u00a0ou\u00a0<a title=\"Envie um e-mail para MFS\" href=\"http:\/\/www.mfsincendio.com.br\/contato\" rel=\"nofollow\">clique aqui<\/a>\u00a0e entre em contato por email.<\/div>\n","protected":false},"excerpt":{"rendered":"<div class=\"slide-text-bg2\">\n<h3>Clique nas imagens para ampliar INSTALA\u00c7\u00c3O DE SISTEMA DE ALARME DE INC\u00caNDIO COM DETEC\u00c7\u00c3O \u00c1GIL A composi\u00e7\u00e3o de projetos de<\/h3>\n<\/div>\n<div class=\"flex-btn-div\"><a href=\"https:\/\/mfsincendio.com.br\/?page_id=88\" class=\"btn1 flex-btn\">Ler mais<\/a><\/div>\n","protected":false},"author":1,"featured_media":0,"parent":0,"menu_order":0,"comment_status":"closed","ping_status":"closed","template":"","meta":{"_joinchat":[],"footnotes":""},"class_list":["post-88","page","type-page","status-publish","hentry"],"_links":{"self":[{"href":"https:\/\/mfsincendio.com.br\/index.php?rest_route=\/wp\/v2\/pages\/88","targetHints":{"allow":["GET"]}}],"collection":[{"href":"https:\/\/mfsincendio.com.br\/index.php?rest_route=\/wp\/v2\/pages"}],"about":[{"href":"https:\/\/mfsincendio.com.br\/index.php?rest_route=\/wp\/v2\/types\/page"}],"author":[{"embeddable":true,"href":"https:\/\/mfsincendio.com.br\/index.php?rest_route=\/wp\/v2\/users\/1"}],"replies":[{"embeddable":true,"href":"https:\/\/mfsincendio.com.br\/index.php?rest_route=%2Fwp%2Fv2%2Fcomments&post=88"}],"version-history":[{"count":0,"href":"https:\/\/mfsincendio.com.br\/index.php?rest_route=\/wp\/v2\/pages\/88\/revisions"}],"wp:attachment":[{"href":"https:\/\/mfsincendio.com.br\/index.php?rest_route=%2Fwp%2Fv2%2Fmedia&parent=88"}],"curies":[{"name":"wp","href":"https:\/\/api.w.org\/{rel}","templated":true}]}}