{"id":91,"date":"2018-09-17T17:52:57","date_gmt":"2018-09-17T17:52:57","guid":{"rendered":"http:\/\/ligadonanet.com.br\/mfs\/?page_id=91"},"modified":"2018-09-17T17:52:57","modified_gmt":"2018-09-17T17:52:57","slug":"instalacao-de-sprinklers","status":"publish","type":"page","link":"https:\/\/mfsincendio.com.br\/?page_id=91","title":{"rendered":"Instala\u00e7\u00e3o de sprinklers"},"content":{"rendered":"<ul class=\"gallery\">\n<li><a class=\"lightbox\" title=\"Instala\u00e7\u00e3o de sprinklers\" href=\"http:\/\/www.mfsincendio.com.br\/imagens\/informacoes\/instalacao-sprinklers-01.jpg\" data-fancybox=\"group1\" data-caption=\"Instala\u00e7\u00e3o de sprinklers\"><img decoding=\"async\" title=\"Instala\u00e7\u00e3o de sprinklers\" src=\"http:\/\/www.mfsincendio.com.br\/imagens\/informacoes\/\/instalacao-sprinklers-01.jpg\" alt=\"Instala\u00e7\u00e3o de sprinklers\" \/><\/a><\/li>\n<li><a class=\"lightbox\" title=\"Instala\u00e7\u00e3o de sprinklers\" href=\"http:\/\/www.mfsincendio.com.br\/imagens\/informacoes\/instalacao-sprinklers-02.jpg\" data-fancybox=\"group1\" data-caption=\"Instala\u00e7\u00e3o de sprinklers\"><img decoding=\"async\" title=\"Instala\u00e7\u00e3o de sprinklers\" src=\"http:\/\/www.mfsincendio.com.br\/imagens\/informacoes\/\/instalacao-sprinklers-02.jpg\" alt=\"Instala\u00e7\u00e3o de sprinklers\" \/><\/a><\/li>\n<li><a class=\"lightbox\" title=\"Instala\u00e7\u00e3o de sprinklers\" href=\"http:\/\/www.mfsincendio.com.br\/imagens\/informacoes\/instalacao-sprinklers-03.jpg\" data-fancybox=\"group1\" data-caption=\"Instala\u00e7\u00e3o de sprinklers\"><img decoding=\"async\" title=\"Instala\u00e7\u00e3o de sprinklers\" src=\"http:\/\/www.mfsincendio.com.br\/imagens\/informacoes\/\/instalacao-sprinklers-03.jpg\" alt=\"Instala\u00e7\u00e3o de sprinklers\" \/><\/a><\/li>\n<\/ul>\n<p class=\"alerta\">Clique nas imagens para ampliar<\/p>\n<h2>INSTALA\u00c7\u00c3O DE SPRINKLERS COM ACIONAMENTO AUTOM\u00c1TICO<\/h2>\n<p>Uma\u00a0<strong>instala\u00e7\u00e3o de sprinklers<\/strong>\u00a0consiste na aplica\u00e7\u00e3o de um sistema de chuveiros autom\u00e1ticos que dispostos por toda a \u00e1rea interna de um im\u00f3vel t\u00eam como fun\u00e7\u00e3o dificultar ou evitar a propaga\u00e7\u00e3o de chamas. O acionamento autom\u00e1tico dos equipamentos permite que, de maneira imediata, sejam liberados fluxos de \u00e1gua sobre as \u00e1reas afetadas pelo fogo. O sistema garante que, mesmo antes da chegada do Corpo de Bombeiros, seja iniciado o processo de combate ao inc\u00eandio.<\/p>\n<p>Para que os sprinklers apresentem acionamento autom\u00e1tico, os equipamentos contam com soldas termo sens\u00edveis que impedem a passagem da \u00e1gua. Em casos de inc\u00eandio, o aumento da temperatura derrete as soldas, liberando a queda de \u00e1gua em todo o local.<\/p>\n<h2>VANTAGENS DA INSTALA\u00c7\u00c3O DE SPRINKLERS DA MFS<\/h2>\n<p>Os benef\u00edcios proporcionados pela\u00a0<strong>instala\u00e7\u00e3o de sprinklers<\/strong>\u00a0s\u00e3o:<\/p>\n<ul class=\"list\">\n<li>Acionamento autom\u00e1tico;<\/li>\n<li>Interven\u00e7\u00e3o imediata nos focos do inc\u00eandio;<\/li>\n<li>Capacidade para retardar a propaga\u00e7\u00e3o de chamas.<\/li>\n<\/ul>\n<p>Em sua presta\u00e7\u00e3o de servi\u00e7os, como a\u00a0<strong>instala\u00e7\u00e3o de sprinklers<\/strong>, a MFS disponibiliza uma excelente equipe de profissionais. Capacitada para o atendimento completo aos seus clientes, a empresa n\u00e3o depende da terceiriza\u00e7\u00e3o do servi\u00e7o de instala\u00e7\u00e3o de seus equipamentos, o que a torna mais aut\u00f4noma e garante a aplica\u00e7\u00e3o de seus crit\u00e9rios de qualidade em todas as etapas do trabalho, desde a escolha dos equipamentos at\u00e9 o com\u00e9rcio e a instala\u00e7\u00e3o dos mesmos.<\/p>\n<h2>EQUIPAMENTOS PARA TODAS AS ETAPAS DO COMBATE A INC\u00caNDIO<\/h2>\n<p>Edifica\u00e7\u00f5es que contam com a devida\u00a0<strong>instala\u00e7\u00e3o de sprinklers<\/strong>\u00a0disp\u00f5em de um poderoso recurso para combater a ocorr\u00eancia de inc\u00eandios, por\u00e9m uma rede de sprinklers n\u00e3o possui capacidade suficiente para a completa extin\u00e7\u00e3o das chamas. A\u00a0<strong>instala\u00e7\u00e3o de sprinklers<\/strong>\u00a0est\u00e1 inserida em uma categoria chamada de combate prim\u00e1rio. Isso significa que o equipamento apresenta utilidade para interven\u00e7\u00f5es durante a fase inicial de um inc\u00eandio, anterior \u00e0 propaga\u00e7\u00e3o das chamas. Sua fun\u00e7\u00e3o \u00e9 justamente dificultar essa propaga\u00e7\u00e3o, realizando uma tentativa de apagar as chamas ou, pelo menos, de retardar o inc\u00eandio at\u00e9 que a chegada do Corpo de Bombeiros coloque em a\u00e7\u00e3o os demais equipamentos dispon\u00edveis na edifica\u00e7\u00e3o.<\/p>\n<p>Al\u00e9m de oferecer uma completa\u00a0<strong>instala\u00e7\u00e3o de sprinklers<\/strong>, a empresa MFS fornece diversos outros dispositivos para combate a inc\u00eandios. Sua completa linha de produtos conta com hidrantes, mangueiras, extintores de inc\u00eandio, entre outros.<\/p>\n<div class=\"more\">\n<h2>Para saber mais sobre Instala\u00e7\u00e3o de sprinklers<\/h2>\n<p>Ligue para\u00a0<strong>11 2925-3675<\/strong>\u00a0ou\u00a0<a title=\"Envie um e-mail para MFS\" href=\"http:\/\/www.mfsincendio.com.br\/contato\" rel=\"nofollow\">clique aqui<\/a>\u00a0e entre em contato por email.<\/div>\n","protected":false},"excerpt":{"rendered":"<div class=\"slide-text-bg2\">\n<h3>Clique nas imagens para ampliar INSTALA\u00c7\u00c3O DE SPRINKLERS COM ACIONAMENTO AUTOM\u00c1TICO Uma\u00a0instala\u00e7\u00e3o de sprinklers\u00a0consiste na aplica\u00e7\u00e3o de um sistema de<\/h3>\n<\/div>\n<div class=\"flex-btn-div\"><a href=\"https:\/\/mfsincendio.com.br\/?page_id=91\" class=\"btn1 flex-btn\">Ler mais<\/a><\/div>\n","protected":false},"author":1,"featured_media":0,"parent":0,"menu_order":0,"comment_status":"closed","ping_status":"closed","template":"","meta":{"_joinchat":[],"footnotes":""},"class_list":["post-91","page","type-page","status-publish","hentry"],"_links":{"self":[{"href":"https:\/\/mfsincendio.com.br\/index.php?rest_route=\/wp\/v2\/pages\/91","targetHints":{"allow":["GET"]}}],"collection":[{"href":"https:\/\/mfsincendio.com.br\/index.php?rest_route=\/wp\/v2\/pages"}],"about":[{"href":"https:\/\/mfsincendio.com.br\/index.php?rest_route=\/wp\/v2\/types\/page"}],"author":[{"embeddable":true,"href":"https:\/\/mfsincendio.com.br\/index.php?rest_route=\/wp\/v2\/users\/1"}],"replies":[{"embeddable":true,"href":"https:\/\/mfsincendio.com.br\/index.php?rest_route=%2Fwp%2Fv2%2Fcomments&post=91"}],"version-history":[{"count":0,"href":"https:\/\/mfsincendio.com.br\/index.php?rest_route=\/wp\/v2\/pages\/91\/revisions"}],"wp:attachment":[{"href":"https:\/\/mfsincendio.com.br\/index.php?rest_route=%2Fwp%2Fv2%2Fmedia&parent=91"}],"curies":[{"name":"wp","href":"https:\/\/api.w.org\/{rel}","templated":true}]}}