{"id":96,"date":"2018-09-17T17:56:05","date_gmt":"2018-09-17T17:56:05","guid":{"rendered":"http:\/\/ligadonanet.com.br\/mfs\/?page_id=96"},"modified":"2018-09-17T17:56:05","modified_gmt":"2018-09-17T17:56:05","slug":"instalacao-sistema-de-incendio","status":"publish","type":"page","link":"https:\/\/mfsincendio.com.br\/?page_id=96","title":{"rendered":"Instala\u00e7\u00e3o sistema de inc\u00eandio"},"content":{"rendered":"<ul class=\"gallery\">\n<li><a class=\"lightbox\" title=\"Instala\u00e7\u00e3o sistema de inc\u00eandio\" href=\"http:\/\/www.mfsincendio.com.br\/imagens\/informacoes\/instalacao-sistema-incendio-01.jpg\" data-fancybox=\"group1\" data-caption=\"Instala\u00e7\u00e3o sistema de inc\u00eandio\"><img decoding=\"async\" title=\"Instala\u00e7\u00e3o sistema de inc\u00eandio\" src=\"http:\/\/www.mfsincendio.com.br\/imagens\/informacoes\/\/instalacao-sistema-incendio-01.jpg\" alt=\"Instala\u00e7\u00e3o sistema de inc\u00eandio\" \/><\/a><\/li>\n<li><a class=\"lightbox\" title=\"Instala\u00e7\u00e3o sistema de inc\u00eandio\" href=\"http:\/\/www.mfsincendio.com.br\/imagens\/informacoes\/instalacao-sistema-incendio-02.jpg\" data-fancybox=\"group1\" data-caption=\"Instala\u00e7\u00e3o sistema de inc\u00eandio\"><img decoding=\"async\" title=\"Instala\u00e7\u00e3o sistema de inc\u00eandio\" src=\"http:\/\/www.mfsincendio.com.br\/imagens\/informacoes\/\/instalacao-sistema-incendio-02.jpg\" alt=\"Instala\u00e7\u00e3o sistema de inc\u00eandio\" \/><\/a><\/li>\n<li><a class=\"lightbox\" title=\"Instala\u00e7\u00e3o sistema de inc\u00eandio\" href=\"http:\/\/www.mfsincendio.com.br\/imagens\/informacoes\/instalacao-sistema-incendio-03.jpg\" data-fancybox=\"group1\" data-caption=\"Instala\u00e7\u00e3o sistema de inc\u00eandio\"><img decoding=\"async\" title=\"Instala\u00e7\u00e3o sistema de inc\u00eandio\" src=\"http:\/\/www.mfsincendio.com.br\/imagens\/informacoes\/\/instalacao-sistema-incendio-03.jpg\" alt=\"Instala\u00e7\u00e3o sistema de inc\u00eandio\" \/><\/a><\/li>\n<\/ul>\n<p class=\"alerta\">Clique nas imagens para ampliar<\/p>\n<h2>COMO FUNCIONA A INSTALA\u00c7\u00c3O SISTEMA DE INC\u00caNDIO?<\/h2>\n<p>Com o intuito de promover maior seguran\u00e7a em caso de acidentes, a instala\u00e7\u00e3o de sistema de inc\u00eandio \u00e9 uma atividade cada vez mais realizada nos mais diversos ambientes presentes na sociedade, entre eles, condom\u00ednios, com\u00e9rcios, ind\u00fastrias e entre outros. E isso se d\u00e1 devido \u00e0 ampla funcionalidade da\u00a0<strong>instala\u00e7\u00e3o sistema de inc\u00eandio<\/strong>, que, quando desenvolvido por especialistas no ramo, capta um poss\u00edvel inc\u00eandio desde os primeiros momentos e, a partir disso, j\u00e1 inicia um trabalho de combate \u00e0s chamas, garantindo seguran\u00e7a para o patrim\u00f4nio, para as pessoas presentes no local e total aux\u00edlio para as equipes de resgate.<\/p>\n<p>A\u00a0<strong>instala\u00e7\u00e3o sistema de inc\u00eandio<\/strong>\u00a0\u00e9 um servi\u00e7o obrigat\u00f3rio em determinados locais e isso ocorre devido \u00e0 funcionalidade e garantia de seguran\u00e7a que certificam. Compreende a\u00a0<strong>instala\u00e7\u00e3o sistema de inc\u00eandio<\/strong>\u00a0a aplica\u00e7\u00e3o de diversos equipamentos voltados ao combate ao inc\u00eandio, que juntos tornam-se ainda mais eficientes e promovem ainda mais seguran\u00e7a aos ambientes, entre estes equipamentos, por exemplo, est\u00e3o:<\/p>\n<ul class=\"list\">\n<li>Detectores de fuma\u00e7a;<\/li>\n<li>Alarmes sonoros;<\/li>\n<li>Luzes e sinaliza\u00e7\u00f5es para a sa\u00edda de emerg\u00eancia;<\/li>\n<li>Sprinklers.<\/li>\n<\/ul>\n<p>Ou seja, a\u00a0<strong>instala\u00e7\u00e3o sistema de inc\u00eandio<\/strong>\u00a0\u00e9 formada pelos mais preparados equipamentos quando o assunto \u00e9 o combate a inc\u00eandio e, por isso, esse sistema \u00e9 a garantia de total agilidade em momentos de emerg\u00eancia.<\/p>\n<h2>A INSTALA\u00c7\u00c3O SISTEMA DE INC\u00caNDIO DEVE SER SOB MEDIDA<\/h2>\n<p>Para que ofere\u00e7a ainda mais seguran\u00e7a, a\u00a0<strong>instala\u00e7\u00e3o sistema de inc\u00eandio<\/strong>\u00a0deve ser desenvolvida por profissionais como tamb\u00e9m conforme a edifica\u00e7\u00e3o onde ser\u00e1 instalada. Isto \u00e9, esses equipamentos devem estar espalhados de maneira espec\u00edfica por toda a extens\u00e3o da edifica\u00e7\u00e3o, oferecendo seguran\u00e7a a todos os ambientes e assegurando maior prote\u00e7\u00e3o aos transeuntes.<\/p>\n<h2>MFS: REF\u00caRENCIA NO COMBATE A INC\u00caNDIOS<\/h2>\n<p>Com comprovada experi\u00eancia no mercado e qualidade nos servi\u00e7os e equipamentos, a MFS segue se tornando a mais indicada empresa quando o assunto s\u00e3o sistemas e servi\u00e7os de preven\u00e7\u00e3o e combate a inc\u00eandios. A empresa conta com profissionais especializados nos diversos assuntos pertinentes ao ramo e, assim, certifica ao seu cliente um servi\u00e7o sob medida conforme a necessidade. A empresa est\u00e1 localizada em S\u00e3o Paulo e atende a clientes em todo o Brasil.<\/p>\n<div class=\"more\">\n<h2>Para saber mais sobre Instala\u00e7\u00e3o sistema de inc\u00eandio<\/h2>\n<p>Ligue para\u00a0<strong>11 2925-3675<\/strong>\u00a0ou\u00a0<a title=\"Envie um e-mail para MFS\" href=\"http:\/\/www.mfsincendio.com.br\/contato\" rel=\"nofollow\">clique aqui<\/a>\u00a0e entre em contato por email.<\/div>\n","protected":false},"excerpt":{"rendered":"<div class=\"slide-text-bg2\">\n<h3>Clique nas imagens para ampliar COMO FUNCIONA A INSTALA\u00c7\u00c3O SISTEMA DE INC\u00caNDIO? Com o intuito de promover maior seguran\u00e7a em<\/h3>\n<\/div>\n<div class=\"flex-btn-div\"><a href=\"https:\/\/mfsincendio.com.br\/?page_id=96\" class=\"btn1 flex-btn\">Ler mais<\/a><\/div>\n","protected":false},"author":1,"featured_media":0,"parent":0,"menu_order":0,"comment_status":"closed","ping_status":"closed","template":"","meta":{"_joinchat":[],"footnotes":""},"class_list":["post-96","page","type-page","status-publish","hentry"],"_links":{"self":[{"href":"https:\/\/mfsincendio.com.br\/index.php?rest_route=\/wp\/v2\/pages\/96","targetHints":{"allow":["GET"]}}],"collection":[{"href":"https:\/\/mfsincendio.com.br\/index.php?rest_route=\/wp\/v2\/pages"}],"about":[{"href":"https:\/\/mfsincendio.com.br\/index.php?rest_route=\/wp\/v2\/types\/page"}],"author":[{"embeddable":true,"href":"https:\/\/mfsincendio.com.br\/index.php?rest_route=\/wp\/v2\/users\/1"}],"replies":[{"embeddable":true,"href":"https:\/\/mfsincendio.com.br\/index.php?rest_route=%2Fwp%2Fv2%2Fcomments&post=96"}],"version-history":[{"count":0,"href":"https:\/\/mfsincendio.com.br\/index.php?rest_route=\/wp\/v2\/pages\/96\/revisions"}],"wp:attachment":[{"href":"https:\/\/mfsincendio.com.br\/index.php?rest_route=%2Fwp%2Fv2%2Fmedia&parent=96"}],"curies":[{"name":"wp","href":"https:\/\/api.w.org\/{rel}","templated":true}]}}