{"id":98,"date":"2018-09-17T17:56:26","date_gmt":"2018-09-17T17:56:26","guid":{"rendered":"http:\/\/ligadonanet.com.br\/mfs\/?page_id=98"},"modified":"2018-09-17T17:56:26","modified_gmt":"2018-09-17T17:56:26","slug":"portas-corta-fogo-sp","status":"publish","type":"page","link":"https:\/\/mfsincendio.com.br\/?page_id=98","title":{"rendered":"Portas corta fogo sp"},"content":{"rendered":"<ul class=\"gallery\">\n<li><a class=\"lightbox\" title=\"Portas corta fogo sp\" href=\"http:\/\/www.mfsincendio.com.br\/imagens\/informacoes\/portas-corta-fogo-sp-01.jpg\" data-fancybox=\"group1\" data-caption=\"Portas corta fogo sp\"><img decoding=\"async\" title=\"Portas corta fogo sp\" src=\"http:\/\/www.mfsincendio.com.br\/imagens\/informacoes\/\/portas-corta-fogo-sp-01.jpg\" alt=\"Portas corta fogo sp\" \/><\/a><\/li>\n<li><a class=\"lightbox\" title=\"Portas corta fogo sp\" href=\"http:\/\/www.mfsincendio.com.br\/imagens\/informacoes\/portas-corta-fogo-sp-02.jpg\" data-fancybox=\"group1\" data-caption=\"Portas corta fogo sp\"><img decoding=\"async\" title=\"Portas corta fogo sp\" src=\"http:\/\/www.mfsincendio.com.br\/imagens\/informacoes\/\/portas-corta-fogo-sp-02.jpg\" alt=\"Portas corta fogo sp\" \/><\/a><\/li>\n<li><a class=\"lightbox\" title=\"Portas corta fogo sp\" href=\"http:\/\/www.mfsincendio.com.br\/imagens\/informacoes\/portas-corta-fogo-sp-03.jpg\" data-fancybox=\"group1\" data-caption=\"Portas corta fogo sp\"><img decoding=\"async\" title=\"Portas corta fogo sp\" src=\"http:\/\/www.mfsincendio.com.br\/imagens\/informacoes\/\/portas-corta-fogo-sp-03.jpg\" alt=\"Portas corta fogo sp\" \/><\/a><\/li>\n<\/ul>\n<p class=\"alerta\">Clique nas imagens para ampliar<\/p>\n<h2>PORTAS CORTA FOGO SP PARA SA\u00cdDAS DE EMERG\u00caNCIA<\/h2>\n<p>Projetadas para obter resist\u00eancia ao fogo, as portas corta fogo SP s\u00e3o utilizadas em diversos tipos de edifica\u00e7\u00f5es com a finalidade de impedir a propaga\u00e7\u00e3o de chamas para determinadas \u00e1reas de um pr\u00e9dio. Em geral, as portas s\u00e3o instaladas nas passagens voltadas para as escadas de pr\u00e9dios, compondo, assim, uma rota para a sa\u00edda de emerg\u00eancia nos casos de ocorr\u00eancia de inc\u00eandios.<\/p>\n<p>Estruturas de seguran\u00e7a como a porta corta fogo s\u00e3o obrigat\u00f3rias em edif\u00edcios. As normas que estabelecem essa obrigatoriedade visam proteger fluxos de pessoas em edifica\u00e7\u00f5es, como \u00e9 o caso do p\u00fablico consumidor em estabelecimentos comerciais de grande porte ou de moradores de edif\u00edcios e condom\u00ednios.<\/p>\n<h2>COMO AS PORTAS CORTA FOGO SP CONTRIBUEM PARA A SEGURAN\u00c7A<\/h2>\n<p>As portas corta fogo SP proporcionam:<\/p>\n<ul class=\"list\">\n<li>Seguran\u00e7a para o p\u00fablico presente na edifica\u00e7\u00e3o;<\/li>\n<li>Cria\u00e7\u00e3o de rotas seguras para sa\u00eddas de emerg\u00eancia;<\/li>\n<li>Prote\u00e7\u00e3o contra a passagem de chamas e fuma\u00e7a.<\/li>\n<\/ul>\n<p>Impedindo a passagem das chamas, as portas corta fogo SP possibilitam que as escadas da edifica\u00e7\u00e3o se mantenham protegidas contra o inc\u00eandio, pois elas servem como rota de fuga segura para as pessoas presentes no pr\u00e9dio. Contando com propriedades que impedem tamb\u00e9m a passagem de fuma\u00e7a, as portas evitam que as pessoas em fuga sofram dificuldades de respira\u00e7\u00e3o, o que colocaria em risco \u00e0 seguran\u00e7a da evacua\u00e7\u00e3o do pr\u00e9dio.<\/p>\n<h2>RECURSOS PARA A PROTE\u00c7\u00c3O CONTRA INC\u00caNDIOS<\/h2>\n<p>Al\u00e9m das portas corta fogo SP, uma edifica\u00e7\u00e3o deve oferecer aos seus frequentadores outros recursos de seguran\u00e7a e combate a inc\u00eandios. Um desses recursos \u00e9 a sinaliza\u00e7\u00e3o de seguran\u00e7a. Indispens\u00e1veis para a orienta\u00e7\u00e3o de clientes, moradores, profissionais ou demais frequentadores do local, as placas de sinaliza\u00e7\u00e3o apontam as rotas mais seguras para o acesso \u00e0s sa\u00eddas de emerg\u00eancia. Projetadas para serem facilmente compreendidas e vis\u00edveis mesmo em ambientes de pouca luminosidade, as placas colaboram para o r\u00e1pido acesso \u00e0s portas corta fogo SP.<\/p>\n<p>A presen\u00e7a de extintores dispostos em locais estrat\u00e9gicos tamb\u00e9m \u00e9 fundamental. Ideais para aplacar chamas de pequena propor\u00e7\u00e3o, os extintores podem, muitas vezes, evitar o in\u00edcio de inc\u00eandios. A integra\u00e7\u00e3o entre todos esses recursos \u00e9 fundamental para proporcionar todas as condi\u00e7\u00f5es de seguran\u00e7a para os frequentadores de uma edifica\u00e7\u00e3o.<\/p>\n<div class=\"more\">\n<h2>Para saber mais sobre Portas corta fogo sp<\/h2>\n<p>Ligue para\u00a0<strong>11 2925-3675<\/strong>\u00a0ou\u00a0<a title=\"Envie um e-mail para MFS\" href=\"http:\/\/www.mfsincendio.com.br\/contato\" rel=\"nofollow\">clique aqui<\/a>\u00a0e entre em contato por email.<\/div>\n","protected":false},"excerpt":{"rendered":"<div class=\"slide-text-bg2\">\n<h3>Clique nas imagens para ampliar PORTAS CORTA FOGO SP PARA SA\u00cdDAS DE EMERG\u00caNCIA Projetadas para obter resist\u00eancia ao fogo, as<\/h3>\n<\/div>\n<div class=\"flex-btn-div\"><a href=\"https:\/\/mfsincendio.com.br\/?page_id=98\" class=\"btn1 flex-btn\">Ler mais<\/a><\/div>\n","protected":false},"author":1,"featured_media":0,"parent":0,"menu_order":0,"comment_status":"closed","ping_status":"closed","template":"","meta":{"_joinchat":[],"footnotes":""},"class_list":["post-98","page","type-page","status-publish","hentry"],"_links":{"self":[{"href":"https:\/\/mfsincendio.com.br\/index.php?rest_route=\/wp\/v2\/pages\/98","targetHints":{"allow":["GET"]}}],"collection":[{"href":"https:\/\/mfsincendio.com.br\/index.php?rest_route=\/wp\/v2\/pages"}],"about":[{"href":"https:\/\/mfsincendio.com.br\/index.php?rest_route=\/wp\/v2\/types\/page"}],"author":[{"embeddable":true,"href":"https:\/\/mfsincendio.com.br\/index.php?rest_route=\/wp\/v2\/users\/1"}],"replies":[{"embeddable":true,"href":"https:\/\/mfsincendio.com.br\/index.php?rest_route=%2Fwp%2Fv2%2Fcomments&post=98"}],"version-history":[{"count":0,"href":"https:\/\/mfsincendio.com.br\/index.php?rest_route=\/wp\/v2\/pages\/98\/revisions"}],"wp:attachment":[{"href":"https:\/\/mfsincendio.com.br\/index.php?rest_route=%2Fwp%2Fv2%2Fmedia&parent=98"}],"curies":[{"name":"wp","href":"https:\/\/api.w.org\/{rel}","templated":true}]}}